{"id":9,"date":"2025-04-22T13:22:41","date_gmt":"2025-04-22T13:22:41","guid":{"rendered":"https:\/\/khalti-tamani.com\/panier\/"},"modified":"2025-09-04T00:34:16","modified_gmt":"2025-09-04T00:34:16","slug":"panier","status":"publish","type":"page","link":"https:\/\/khalti-tamani.com\/dz\/panier\/","title":{"rendered":"Panier"},"content":{"rendered":"","protected":false},"excerpt":{"rendered":"","protected":false},"author":1,"featured_media":0,"parent":0,"menu_order":0,"comment_status":"closed","ping_status":"closed","template":"","meta":{"footnotes":""},"class_list":["post-9","page","type-page","status-publish","hentry"],"yoast_head":"<!-- This site is optimized with the Yoast SEO Premium plugin v25.7.1 (Yoast SEO v25.7) - https:\/\/yoast.com\/wordpress\/plugins\/seo\/ -->\n<title>Panier - Khalti Tamani<\/title>\n<meta name=\"description\" content=\"D\u00e9couvrez la collection de Khalti Tamani, votre boutique N\u00b01 pour la lingerie de mari\u00e9e en Alg\u00e9rie. Nuisettes , pyjamas , d\u00e9shabill\u00e9s\" \/>\n<meta name=\"robots\" content=\"index, follow, max-snippet:-1, max-image-preview:large, max-video-preview:-1\" \/>\n<link rel=\"canonical\" href=\"https:\/\/khalti-tamani.com\/dz\/panier\/\" \/>\n<meta property=\"og:locale\" content=\"en_US\" \/>\n<meta property=\"og:type\" content=\"article\" \/>\n<meta property=\"og:title\" content=\"Panier\" \/>\n<meta property=\"og:description\" content=\"D\u00e9couvrez la collection de Khalti Tamani, votre boutique N\u00b01 pour la lingerie de mari\u00e9e en Alg\u00e9rie. Nuisettes , pyjamas , d\u00e9shabill\u00e9s\" \/>\n<meta property=\"og:url\" content=\"https:\/\/khalti-tamani.com\/dz\/panier\/\" \/>\n<meta property=\"og:site_name\" content=\"Khalti Tamani\" \/>\n<meta property=\"article:publisher\" content=\"https:\/\/facebook.com\/khaltitamani25\" \/>\n<meta property=\"article:modified_time\" content=\"2025-09-04T00:34:16+00:00\" \/>\n<meta property=\"og:image\" content=\"https:\/\/khalti-tamani.com\/wp-content\/uploads\/2025\/08\/deshabille-dz-algerie.webp\" \/>\n\t<meta property=\"og:image:width\" content=\"500\" \/>\n\t<meta property=\"og:image:height\" content=\"500\" \/>\n\t<meta property=\"og:image:type\" content=\"image\/webp\" \/>\n<meta name=\"twitter:card\" content=\"summary_large_image\" \/>\n<meta name=\"twitter:label1\" content=\"Est. reading time\" \/>\n\t<meta name=\"twitter:data1\" content=\"1 minute\" \/>\n<script type=\"application\/ld+json\" class=\"yoast-schema-graph\">{\"@context\":\"https:\/\/schema.org\",\"@graph\":[{\"@type\":\"WebPage\",\"@id\":\"https:\/\/khalti-tamani.com\/panier\/\",\"url\":\"https:\/\/khalti-tamani.com\/panier\/\",\"name\":\"Panier - Khalti Tamani\",\"isPartOf\":{\"@id\":\"https:\/\/khalti-tamani.com\/#website\"},\"datePublished\":\"2025-04-22T13:22:41+00:00\",\"dateModified\":\"2025-09-04T00:34:16+00:00\",\"description\":\"D\u00e9couvrez la collection de Khalti Tamani, votre boutique N\u00b01 pour la lingerie de mari\u00e9e en Alg\u00e9rie. Nuisettes , pyjamas , d\u00e9shabill\u00e9s\",\"breadcrumb\":{\"@id\":\"https:\/\/khalti-tamani.com\/panier\/#breadcrumb\"},\"inLanguage\":\"dz\",\"potentialAction\":[{\"@type\":\"ReadAction\",\"target\":[\"https:\/\/khalti-tamani.com\/panier\/\"]}]},{\"@type\":\"BreadcrumbList\",\"@id\":\"https:\/\/khalti-tamani.com\/panier\/#breadcrumb\",\"itemListElement\":[{\"@type\":\"ListItem\",\"position\":1,\"name\":\"Home\",\"item\":\"https:\/\/khalti-tamani.com\/\"},{\"@type\":\"ListItem\",\"position\":2,\"name\":\"Panier\"}]},{\"@type\":\"WebSite\",\"@id\":\"https:\/\/khalti-tamani.com\/#website\",\"url\":\"https:\/\/khalti-tamani.com\/\",\"name\":\"Khalti Tamani\",\"description\":\"\u0627\u0644\u0639\u0631\u0648\u0633\u0629 \u0645\u0627 \u062a\u0632\u064a\u062f\u0634 \u062a\u0639\u0627\u0646\u064a\",\"publisher\":{\"@id\":\"https:\/\/khalti-tamani.com\/#organization\"},\"potentialAction\":[{\"@type\":\"SearchAction\",\"target\":{\"@type\":\"EntryPoint\",\"urlTemplate\":\"https:\/\/khalti-tamani.com\/?s={search_term_string}\"},\"query-input\":{\"@type\":\"PropertyValueSpecification\",\"valueRequired\":true,\"valueName\":\"search_term_string\"}}],\"inLanguage\":\"dz\"},{\"@type\":\"Organization\",\"@id\":\"https:\/\/khalti-tamani.com\/#organization\",\"name\":\"Khalti Tamani\",\"url\":\"https:\/\/khalti-tamani.com\/\",\"logo\":{\"@type\":\"ImageObject\",\"inLanguage\":\"dz\",\"@id\":\"https:\/\/khalti-tamani.com\/#\/schema\/logo\/image\/\",\"url\":\"https:\/\/khalti-tamani.com\/wp-content\/uploads\/2025\/09\/Design-sans-titre-4.webp\",\"contentUrl\":\"https:\/\/khalti-tamani.com\/wp-content\/uploads\/2025\/09\/Design-sans-titre-4.webp\",\"width\":512,\"height\":512,\"caption\":\"Khalti Tamani\"},\"image\":{\"@id\":\"https:\/\/khalti-tamani.com\/#\/schema\/logo\/image\/\"},\"sameAs\":[\"https:\/\/facebook.com\/khaltitamani25\",\"https:\/\/www.instagram.com\/khalti_tamani\",\"https:\/\/www.tiktok.com\/@khalti.tamani\",\"https:\/\/fr.pinterest.com\/khalti_tamani\",\"https:\/\/t.me\/khalti_tamani\"]}]}<\/script>\n<!-- \/ Yoast SEO Premium plugin. -->","yoast_head_json":{"title":"Panier - Khalti Tamani","description":"D\u00e9couvrez la collection de Khalti Tamani, votre boutique N\u00b01 pour la lingerie de mari\u00e9e en Alg\u00e9rie. Nuisettes , pyjamas , d\u00e9shabill\u00e9s","robots":{"index":"index","follow":"follow","max-snippet":"max-snippet:-1","max-image-preview":"max-image-preview:large","max-video-preview":"max-video-preview:-1"},"canonical":"https:\/\/khalti-tamani.com\/dz\/panier\/","og_locale":"en_US","og_type":"article","og_title":"Panier","og_description":"D\u00e9couvrez la collection de Khalti Tamani, votre boutique N\u00b01 pour la lingerie de mari\u00e9e en Alg\u00e9rie. Nuisettes , pyjamas , d\u00e9shabill\u00e9s","og_url":"https:\/\/khalti-tamani.com\/dz\/panier\/","og_site_name":"Khalti Tamani","article_publisher":"https:\/\/facebook.com\/khaltitamani25","article_modified_time":"2025-09-04T00:34:16+00:00","og_image":[{"width":500,"height":500,"url":"https:\/\/khalti-tamani.com\/wp-content\/uploads\/2025\/08\/deshabille-dz-algerie.webp","type":"image\/webp"}],"twitter_card":"summary_large_image","twitter_misc":{"Est. reading time":"1 minute"},"schema":{"@context":"https:\/\/schema.org","@graph":[{"@type":"WebPage","@id":"https:\/\/khalti-tamani.com\/panier\/","url":"https:\/\/khalti-tamani.com\/panier\/","name":"Panier - Khalti Tamani","isPartOf":{"@id":"https:\/\/khalti-tamani.com\/#website"},"datePublished":"2025-04-22T13:22:41+00:00","dateModified":"2025-09-04T00:34:16+00:00","description":"D\u00e9couvrez la collection de Khalti Tamani, votre boutique N\u00b01 pour la lingerie de mari\u00e9e en Alg\u00e9rie. Nuisettes , pyjamas , d\u00e9shabill\u00e9s","breadcrumb":{"@id":"https:\/\/khalti-tamani.com\/panier\/#breadcrumb"},"inLanguage":"dz","potentialAction":[{"@type":"ReadAction","target":["https:\/\/khalti-tamani.com\/panier\/"]}]},{"@type":"BreadcrumbList","@id":"https:\/\/khalti-tamani.com\/panier\/#breadcrumb","itemListElement":[{"@type":"ListItem","position":1,"name":"Home","item":"https:\/\/khalti-tamani.com\/"},{"@type":"ListItem","position":2,"name":"Panier"}]},{"@type":"WebSite","@id":"https:\/\/khalti-tamani.com\/#website","url":"https:\/\/khalti-tamani.com\/","name":"Khalti Tamani","description":"\u0627\u0644\u0639\u0631\u0648\u0633\u0629 \u0645\u0627 \u062a\u0632\u064a\u062f\u0634 \u062a\u0639\u0627\u0646\u064a","publisher":{"@id":"https:\/\/khalti-tamani.com\/#organization"},"potentialAction":[{"@type":"SearchAction","target":{"@type":"EntryPoint","urlTemplate":"https:\/\/khalti-tamani.com\/?s={search_term_string}"},"query-input":{"@type":"PropertyValueSpecification","valueRequired":true,"valueName":"search_term_string"}}],"inLanguage":"dz"},{"@type":"Organization","@id":"https:\/\/khalti-tamani.com\/#organization","name":"Khalti Tamani","url":"https:\/\/khalti-tamani.com\/","logo":{"@type":"ImageObject","inLanguage":"dz","@id":"https:\/\/khalti-tamani.com\/#\/schema\/logo\/image\/","url":"https:\/\/khalti-tamani.com\/wp-content\/uploads\/2025\/09\/Design-sans-titre-4.webp","contentUrl":"https:\/\/khalti-tamani.com\/wp-content\/uploads\/2025\/09\/Design-sans-titre-4.webp","width":512,"height":512,"caption":"Khalti Tamani"},"image":{"@id":"https:\/\/khalti-tamani.com\/#\/schema\/logo\/image\/"},"sameAs":["https:\/\/facebook.com\/khaltitamani25","https:\/\/www.instagram.com\/khalti_tamani","https:\/\/www.tiktok.com\/@khalti.tamani","https:\/\/fr.pinterest.com\/khalti_tamani","https:\/\/t.me\/khalti_tamani"]}]}},"_links":{"self":[{"href":"https:\/\/khalti-tamani.com\/dz\/wp-json\/wp\/v2\/pages\/9","targetHints":{"allow":["GET"]}}],"collection":[{"href":"https:\/\/khalti-tamani.com\/dz\/wp-json\/wp\/v2\/pages"}],"about":[{"href":"https:\/\/khalti-tamani.com\/dz\/wp-json\/wp\/v2\/types\/page"}],"author":[{"embeddable":true,"href":"https:\/\/khalti-tamani.com\/dz\/wp-json\/wp\/v2\/users\/1"}],"replies":[{"embeddable":true,"href":"https:\/\/khalti-tamani.com\/dz\/wp-json\/wp\/v2\/comments?post=9"}],"version-history":[{"count":1,"href":"https:\/\/khalti-tamani.com\/dz\/wp-json\/wp\/v2\/pages\/9\/revisions"}],"predecessor-version":[{"id":3387,"href":"https:\/\/khalti-tamani.com\/dz\/wp-json\/wp\/v2\/pages\/9\/revisions\/3387"}],"wp:attachment":[{"href":"https:\/\/khalti-tamani.com\/dz\/wp-json\/wp\/v2\/media?parent=9"}],"curies":[{"name":"wp","href":"https:\/\/api.w.org\/{rel}","templated":true}]}}