{"id":1601,"date":"2025-08-19T17:38:28","date_gmt":"2025-08-19T17:38:28","guid":{"rendered":"https:\/\/khalti-tamani.com\/?post_type=product&#038;p=1601"},"modified":"2025-11-16T00:20:07","modified_gmt":"2025-11-16T00:20:07","slug":"pyjama-pantalon-en-lin","status":"publish","type":"product","link":"https:\/\/khalti-tamani.com\/dz\/product\/pyjama-pantalon-en-lin\/","title":{"rendered":"Pyjama pantalon en lin mariage Alg\u00e9rie \u0648\u0631\u062f\u064a \u0623\u0632\u0631\u0642 \u0644\u0644\u0639\u0631\u0648\u0633"},"content":{"rendered":"<p data-start=\"584\" data-end=\"863\">\u0627\u0628\u062f\u0626\u064a \u062c\u0647\u0627\u0632\u0643 \u0628\u0623\u0646\u0627\u0642\u0629 \u0645\u0639 <strong data-start=\"642\" data-end=\"684\">Pyjama pantalon en lin mariage Alg\u00e9rie<\/strong> \u0627\u0644\u0645\u062a\u0648\u0641\u0631 \u0628\u0627\u0644\u0644\u0648\u0646\u064a\u0646 \u0627\u0644\u0648\u0631\u062f\u064a \u0648\u0627\u0644\u0623\u0632\u0631\u0642\u060c \u0627\u0644\u0645\u0635\u0645\u0645 \u062e\u0635\u064a\u0635\u064b\u0627 \u0644\u0644\u0639\u0631\u0648\u0633 \u0627\u0644\u062c\u0632\u0627\u0626\u0631\u064a\u0629 \u0627\u0644\u062a\u064a \u062a\u0628\u062d\u062b \u0639\u0646 \u0627\u0644\u0631\u0627\u062d\u0629 \u0648\u0627\u0644\u0633\u062a\u0627\u064a\u0644 \u0641\u064a \u0646\u0641\u0633 \u0627\u0644\u0648\u0642\u062a. \u0645\u0646 \u0623\u0648\u0644 \u0644\u064a\u0644\u0629 \u0648\u062d\u062a\u0649 \u0623\u064a\u0627\u0645 \u0634\u0647\u0631 \u0627\u0644\u0639\u0633\u0644\u060c \u0647\u0630\u0627 \u0627\u0644\u0628\u064a\u062c\u0627\u0645\u0627 \u0631\u0627\u062d \u064a\u0643\u0648\u0646 \u0631\u0641\u064a\u0642\u0643 \u0627\u0644\u0645\u062b\u0627\u0644\u064a.<\/p>\n<p data-start=\"865\" data-end=\"882\">\u2728 <strong data-start=\"867\" data-end=\"879\">\u0627\u0644\u0645\u0645\u064a\u0632\u0627\u062a<\/strong>:<\/p>\n<ul data-start=\"883\" data-end=\"1087\">\n<li data-start=\"883\" data-end=\"938\">\n<p data-start=\"885\" data-end=\"938\">\u0628\u064a\u062c\u0627\u0645\u0629 \u0639\u0631\u0648\u0633 \u0628\u0644\u0648\u0646\u064a\u0646 \u0623\u0646\u062b\u0648\u064a\u064a\u0646: \u0648\u0631\u062f\u064a \u0631\u0648\u0645\u0627\u0646\u0633\u064a \u0648\u0623\u0632\u0631\u0642 \u0631\u0627\u0642\u064a<\/p>\n<\/li>\n<li data-start=\"939\" data-end=\"990\">\n<p data-start=\"941\" data-end=\"990\">\u062e\u0627\u0645\u0629 <strong data-start=\"946\" data-end=\"966\">lin (\u0643\u062a\u0627\u0646 \u0637\u0628\u064a\u0639\u064a)<\/strong> \u0645\u0639 \u0644\u0645\u0633\u0629 \u0646\u0639\u0648\u0645\u0629 \u0648\u0627\u0646\u062a\u0639\u0627\u0634<\/p>\n<\/li>\n<li data-start=\"991\" data-end=\"1033\">\n<p data-start=\"993\" data-end=\"1033\">\u0633\u0631\u0648\u0627\u0644 \u0637\u0648\u064a\u0644 \u0645\u0631\u064a\u062d \u0648\u0642\u0645\u064a\u0635 \u0639\u0645\u0644\u064a \u0628\u062a\u0635\u0645\u064a\u0645 \u0639\u0635\u0631\u064a<\/p>\n<\/li>\n<li data-start=\"1034\" data-end=\"1087\">\n<p data-start=\"1036\" data-end=\"1087\">\u064a\u0646\u0627\u0633\u0628 \u062a\u062c\u0647\u064a\u0632\u0627\u062a \u0627\u0644\u0639\u0631\u0648\u0633 \u0648\u064a\u064f\u0633\u062a\u0639\u0645\u0644 \u0641\u064a \u0627\u0644\u0628\u064a\u062a \u0628\u0639\u062f \u0627\u0644\u0632\u0648\u0627\u062c<\/p>\n<\/li>\n<\/ul>\n<p data-start=\"1089\" data-end=\"1282\">\u0627\u0644\u062e\u0627\u0645\u0629 \u0627\u0644\u0645\u0635\u0646\u0648\u0639\u0629 \u0645\u0646 \u0627\u0644\u0643\u062a\u0627\u0646 \u0627\u0644\u0637\u0628\u064a\u0639\u064a \u062a\u0645\u0646\u062d\u0643 \u0625\u062d\u0633\u0627\u0633\u064b\u0627 \u0628\u0627\u0644\u0627\u0646\u062a\u0639\u0627\u0634\u060c \u062e\u0635\u0648\u0635\u064b\u0627 \u0641\u064a \u0641\u0635\u0644 \u0627\u0644\u0635\u064a\u0641\u060c \u0645\u0639 \u0645\u0632\u064a\u062c \u0645\u0646 \u0627\u0644\u0623\u0646\u0627\u0642\u0629 \u0648\u0627\u0644\u0628\u0633\u0627\u0637\u0629. \u0645\u0639 <strong data-start=\"1201\" data-end=\"1243\">Pyjama pantalon en lin mariage Alg\u00e9rie<\/strong> \u0633\u062a\u0634\u0639\u0631\u064a\u0646 \u0628\u0627\u0644\u0631\u0627\u062d\u0629 \u0648\u0643\u0623\u0646\u0643 \u0641\u064a \u0642\u0645\u0629 \u0627\u0644\u062f\u0644\u0627\u0644.<\/p>\n<p data-start=\"1284\" data-end=\"1434\">\u0647\u0630\u0627 \u0627\u0644\u0628\u064a\u062c\u0627\u0645\u0627 \u0645\u062e\u0635\u0635 \u0644\u0644\u064a\u0644\u0629 \u0627\u0644\u062f\u062e\u0644\u0629 \u0648\u062a\u062c\u0647\u064a\u0632\u0627\u062a \u0627\u0644\u0639\u0631\u0648\u0633\u060c \u0643\u0645\u0627 \u064a\u0639\u062a\u0628\u0631 \u062e\u064a\u0627\u0631\u064b\u0627 \u0645\u0645\u064a\u0632\u064b\u0627 \u0643\u0647\u062f\u064a\u0629 \u0644\u0635\u062f\u064a\u0642\u0629 \u0623\u0648 \u0623\u062e\u062a \u0645\u0642\u0628\u0644\u0629 \u0639\u0644\u0649 \u0627\u0644\u0632\u0648\u0627\u062c. \u064a\u062c\u0645\u0639 \u0628\u064a\u0646 \u0627\u0644\u0631\u0627\u062d\u0629 \u0648\u0627\u0644\u0623\u0646\u0627\u0642\u0629 \u0628\u0637\u0631\u064a\u0642\u0629 \u0631\u0627\u0626\u0639\u0629.<\/p>\n<p data-start=\"1436\" data-end=\"1509\">\u0627\u0644\u062a\u0648\u0635\u064a\u0644 \u0645\u0636\u0645\u0648\u0646 \u0648\u0633\u0631\u064a\u0639 \u0625\u0644\u0649 \u062c\u0645\u064a\u0639 \u0648\u0644\u0627\u064a\u0627\u062a \u0627\u0644\u062c\u0632\u0627\u0626\u0631 \u0645\u0639 \u062e\u062f\u0645\u0629 \u0627\u0644\u062f\u0641\u0639 \u0639\u0646\u062f \u0627\u0644\u0627\u0633\u062a\u0644\u0627\u0645.<\/p>\n<p data-start=\"1511\" data-end=\"1579\">\u2728 <strong data-start=\"1513\" data-end=\"1577\">\u0627\u0637\u0644\u0628\u064a \u0627\u0644\u0622\u0646 \u2014 \u062a\u0648\u0635\u064a\u0644 \u0644\u062c\u0645\u064a\u0639 \u0648\u0644\u0627\u064a\u0627\u062a \u0627\u0644\u062c\u0632\u0627\u0626\u0631 \u2014 \u0627\u0644\u062f\u0641\u0639 \u0639\u0646\u062f \u0627\u0644\u0627\u0633\u062a\u0644\u0627\u0645<\/strong><\/p>\n<p data-start=\"1581\" data-end=\"1604\">\u0645\u0646\u062a\u062c\u0627\u062a \u0623\u062e\u0631\u0649 \u0642\u062f \u062a\u0639\u062c\u0628\u0643:<\/p>\n<ul data-start=\"1605\" data-end=\"1858\">\n<li data-start=\"1605\" data-end=\"1708\">\n<p data-start=\"1607\" data-end=\"1708\"><a class=\"decorated-link\" href=\"https:\/\/khalti-tamani.com\/dz\/product\/pyjama-3-pieces-mariee-algerie\/\" target=\"_new\" rel=\"noopener\" data-start=\"1607\" data-end=\"1706\">Pyjama 3 pi\u00e8ces mari\u00e9e Alg\u00e9rie<\/a><\/p>\n<\/li>\n<li data-start=\"1709\" data-end=\"1780\">\n<p data-start=\"1711\" data-end=\"1780\"><a class=\"decorated-link\" href=\"https:\/\/khalti-tamani.com\/dz\/product\/ensemble-bride\/\" target=\"_new\" rel=\"noopener\" data-start=\"1711\" data-end=\"1778\">Ensemble bride<\/a><\/p>\n<\/li>\n<li data-start=\"1781\" data-end=\"1858\">\n<p data-start=\"1783\" data-end=\"1858\"><a class=\"decorated-link\" href=\"https:\/\/khalti-tamani.com\/dz\/product\/deshabiller-plume\/\" target=\"_new\" rel=\"noopener\" data-start=\"1783\" data-end=\"1856\">Deshabiller plume<\/a><\/p>\n<\/li>\n<\/ul>\n<p data-start=\"1860\" data-end=\"1877\">","protected":false},"excerpt":{"rendered":"<p>\u0627\u0628\u062f\u0626\u064a \u062c\u0647\u0627\u0632\u0643 \u0628\u0623\u0646\u0627\u0642\u0629 \u0645\u0639 Pyjama pantalon en lin mariage Alg\u00e9rie \u0627\u0644\u0645\u062a\u0648\u0641\u0631 \u0628\u0627\u0644\u0644\u0648\u0646\u064a\u0646 \u0627\u0644\u0648\u0631\u062f\u064a \u0648\u0627\u0644\u0623\u0632\u0631\u0642\u060c \u0627\u0644\u0645\u0635\u0645\u0645 \u062e\u0635\u064a\u0635\u064b\u0627 \u0644\u0644\u0639\u0631\u0648\u0633 \u0627\u0644\u062c\u0632\u0627\u0626\u0631\u064a\u0629 \u0627\u0644\u062a\u064a \u062a\u0628\u062d\u062b<\/p>","protected":false},"featured_media":1598,"comment_status":"open","ping_status":"closed","template":"","meta":[],"product_brand":[126],"product_cat":[30],"product_tag":[296,329,335,333,331,294,295,332,330,334],"class_list":{"0":"post-1601","1":"product","2":"type-product","3":"status-publish","4":"has-post-thumbnail","6":"product_brand-golden-line","7":"product_cat-pyjama-femme","8":"product_tag-pyjama-femme-lin-algerie","9":"product_tag-pyjama-lin-mariage","10":"product_tag-pyjama-mariage-algerie","11":"product_tag-pyjama-mariee-rose-bleu","12":"product_tag-pyjama-pantalon-algerie","13":"product_tag-pyjama-pantalon-lin","14":"product_tag-pyjama-rose-et-bleu","15":"product_tag-332","16":"product_tag-330","17":"product_tag-334","19":"first","20":"outofstock","21":"shipping-taxable","22":"purchasable","23":"product-type-variable","24":"has-default-attributes"},"yoast_head":"<!-- This site is optimized with the Yoast SEO Premium plugin v25.7.1 (Yoast SEO v25.7) - https:\/\/yoast.com\/wordpress\/plugins\/seo\/ -->\n<title>Pyjama pantalon en lin mariage Alg\u00e9rie - Khalti Tamani<\/title>\n<meta name=\"description\" content=\"\u062a\u0623\u0644\u0642\u064a \u0645\u0639 Pyjama pantalon en lin mariage Alg\u00e9rie \u0628\u0627\u0644\u0644\u0648\u0646\u064a\u0646 \u0627\u0644\u0648\u0631\u062f\u064a \u0648\u0627\u0644\u0623\u0632\u0631\u0642\u060c \u0631\u0627\u062d\u0629 \u0648\u0623\u0646\u0627\u0642\u0629 \u0644\u0644\u0639\u0631\u0648\u0633 \u0641\u064a \u0644\u064a\u0644\u0629 \u0627\u0644\u062f\u062e\u0644\u0629 \u2014 \u062a\u0648\u0635\u064a\u0644 \u0633\u0631\u064a\u0639 \u0644\u0643\u0644 \u0627\u0644\u062c\u0632\u0627\u0626\u0631.\" \/>\n<meta name=\"robots\" content=\"index, follow, max-snippet:-1, max-image-preview:large, max-video-preview:-1\" \/>\n<link rel=\"canonical\" href=\"https:\/\/khalti-tamani.com\/dz\/product\/pyjama-pantalon-en-lin\/\" \/>\n<meta property=\"og:locale\" content=\"en_US\" \/>\n<meta property=\"og:type\" content=\"article\" \/>\n<meta property=\"og:title\" content=\"Pyjama pantalon en lin mariage Alg\u00e9rie \u0648\u0631\u062f\u064a \u0623\u0632\u0631\u0642 \u0644\u0644\u0639\u0631\u0648\u0633\" \/>\n<meta property=\"og:description\" content=\"\u062a\u0623\u0644\u0642\u064a \u0645\u0639 Pyjama pantalon en lin mariage Alg\u00e9rie \u0628\u0627\u0644\u0644\u0648\u0646\u064a\u0646 \u0627\u0644\u0648\u0631\u062f\u064a \u0648\u0627\u0644\u0623\u0632\u0631\u0642\u060c \u0631\u0627\u062d\u0629 \u0648\u0623\u0646\u0627\u0642\u0629 \u0644\u0644\u0639\u0631\u0648\u0633 \u0641\u064a \u0644\u064a\u0644\u0629 \u0627\u0644\u062f\u062e\u0644\u0629 \u2014 \u062a\u0648\u0635\u064a\u0644 \u0633\u0631\u064a\u0639 \u0644\u0643\u0644 \u0627\u0644\u062c\u0632\u0627\u0626\u0631.\" \/>\n<meta property=\"og:url\" content=\"https:\/\/khalti-tamani.com\/dz\/product\/pyjama-pantalon-en-lin\/\" \/>\n<meta property=\"og:site_name\" content=\"Khalti Tamani\" \/>\n<meta property=\"article:publisher\" content=\"https:\/\/facebook.com\/khaltitamani25\" \/>\n<meta property=\"article:modified_time\" content=\"2025-11-16T00:20:07+00:00\" \/>\n<meta property=\"og:image\" content=\"https:\/\/khalti-tamani.com\/wp-content\/uploads\/2023\/04\/tissu-lin-pyjama-mariee-algerie.webp.webp\" \/>\n\t<meta property=\"og:image:width\" content=\"700\" \/>\n\t<meta property=\"og:image:height\" content=\"800\" \/>\n\t<meta property=\"og:image:type\" content=\"image\/webp\" \/>\n<meta name=\"twitter:card\" content=\"summary_large_image\" \/>\n<meta name=\"twitter:label1\" content=\"Est. reading time\" \/>\n\t<meta name=\"twitter:data1\" content=\"2 minutes\" \/>\n<script type=\"application\/ld+json\" class=\"yoast-schema-graph\">{\"@context\":\"https:\/\/schema.org\",\"@graph\":[{\"@type\":\"WebPage\",\"@id\":\"https:\/\/khalti-tamani.com\/produit\/pyjama-pantalon-en-lin\/\",\"url\":\"https:\/\/khalti-tamani.com\/produit\/pyjama-pantalon-en-lin\/\",\"name\":\"Pyjama pantalon en lin mariage Alg\u00e9rie - Khalti Tamani\",\"isPartOf\":{\"@id\":\"https:\/\/khalti-tamani.com\/#website\"},\"primaryImageOfPage\":{\"@id\":\"https:\/\/khalti-tamani.com\/produit\/pyjama-pantalon-en-lin\/#primaryimage\"},\"image\":{\"@id\":\"https:\/\/khalti-tamani.com\/produit\/pyjama-pantalon-en-lin\/#primaryimage\"},\"thumbnailUrl\":\"https:\/\/khalti-tamani.com\/wp-content\/uploads\/2023\/04\/tissu-lin-pyjama-mariee-algerie.webp.webp\",\"datePublished\":\"2025-08-19T17:38:28+00:00\",\"dateModified\":\"2025-11-16T00:20:07+00:00\",\"description\":\"\u062a\u0623\u0644\u0642\u064a \u0645\u0639 Pyjama pantalon en lin mariage Alg\u00e9rie \u0628\u0627\u0644\u0644\u0648\u0646\u064a\u0646 \u0627\u0644\u0648\u0631\u062f\u064a \u0648\u0627\u0644\u0623\u0632\u0631\u0642\u060c \u0631\u0627\u062d\u0629 \u0648\u0623\u0646\u0627\u0642\u0629 \u0644\u0644\u0639\u0631\u0648\u0633 \u0641\u064a \u0644\u064a\u0644\u0629 \u0627\u0644\u062f\u062e\u0644\u0629 \u2014 \u062a\u0648\u0635\u064a\u0644 \u0633\u0631\u064a\u0639 \u0644\u0643\u0644 \u0627\u0644\u062c\u0632\u0627\u0626\u0631.\",\"breadcrumb\":{\"@id\":\"https:\/\/khalti-tamani.com\/produit\/pyjama-pantalon-en-lin\/#breadcrumb\"},\"inLanguage\":\"dz\",\"potentialAction\":[{\"@type\":\"ReadAction\",\"target\":[\"https:\/\/khalti-tamani.com\/produit\/pyjama-pantalon-en-lin\/\"]}]},{\"@type\":\"ImageObject\",\"inLanguage\":\"dz\",\"@id\":\"https:\/\/khalti-tamani.com\/produit\/pyjama-pantalon-en-lin\/#primaryimage\",\"url\":\"https:\/\/khalti-tamani.com\/wp-content\/uploads\/2023\/04\/tissu-lin-pyjama-mariee-algerie.webp.webp\",\"contentUrl\":\"https:\/\/khalti-tamani.com\/wp-content\/uploads\/2023\/04\/tissu-lin-pyjama-mariee-algerie.webp.webp\",\"width\":700,\"height\":800,\"caption\":\"\u0631\u0627\u062d\u062a\u0643 \u062a\u0628\u062f\u0623 \u0645\u0646 \u0647\u0646\u0627 \u064a\u0627 \u0623\u062d\u0644\u0649 \u0639\u0631\u0648\u0633\u0629\"},{\"@type\":\"BreadcrumbList\",\"@id\":\"https:\/\/khalti-tamani.com\/produit\/pyjama-pantalon-en-lin\/#breadcrumb\",\"itemListElement\":[{\"@type\":\"ListItem\",\"position\":1,\"name\":\"Home\",\"item\":\"https:\/\/khalti-tamani.com\/\"},{\"@type\":\"ListItem\",\"position\":2,\"name\":\"Boutique\",\"item\":\"https:\/\/khalti-tamani.com\/dz\/boutique\/\"},{\"@type\":\"ListItem\",\"position\":3,\"name\":\"Pyjama pantalon en lin mariage Alg\u00e9rie \u0648\u0631\u062f\u064a \u0623\u0632\u0631\u0642 \u0644\u0644\u0639\u0631\u0648\u0633\"}]},{\"@type\":\"WebSite\",\"@id\":\"https:\/\/khalti-tamani.com\/#website\",\"url\":\"https:\/\/khalti-tamani.com\/\",\"name\":\"Khalti Tamani\",\"description\":\"\u0627\u0644\u0639\u0631\u0648\u0633\u0629 \u0645\u0627 \u062a\u0632\u064a\u062f\u0634 \u062a\u0639\u0627\u0646\u064a\",\"publisher\":{\"@id\":\"https:\/\/khalti-tamani.com\/#organization\"},\"potentialAction\":[{\"@type\":\"SearchAction\",\"target\":{\"@type\":\"EntryPoint\",\"urlTemplate\":\"https:\/\/khalti-tamani.com\/?s={search_term_string}\"},\"query-input\":{\"@type\":\"PropertyValueSpecification\",\"valueRequired\":true,\"valueName\":\"search_term_string\"}}],\"inLanguage\":\"dz\"},{\"@type\":\"Organization\",\"@id\":\"https:\/\/khalti-tamani.com\/#organization\",\"name\":\"Khalti Tamani\",\"url\":\"https:\/\/khalti-tamani.com\/\",\"logo\":{\"@type\":\"ImageObject\",\"inLanguage\":\"dz\",\"@id\":\"https:\/\/khalti-tamani.com\/#\/schema\/logo\/image\/\",\"url\":\"https:\/\/khalti-tamani.com\/wp-content\/uploads\/2025\/09\/Design-sans-titre-4.webp\",\"contentUrl\":\"https:\/\/khalti-tamani.com\/wp-content\/uploads\/2025\/09\/Design-sans-titre-4.webp\",\"width\":512,\"height\":512,\"caption\":\"Khalti Tamani\"},\"image\":{\"@id\":\"https:\/\/khalti-tamani.com\/#\/schema\/logo\/image\/\"},\"sameAs\":[\"https:\/\/facebook.com\/khaltitamani25\",\"https:\/\/www.instagram.com\/khalti_tamani\",\"https:\/\/www.tiktok.com\/@khalti.tamani\",\"https:\/\/fr.pinterest.com\/khalti_tamani\",\"https:\/\/t.me\/khalti_tamani\"]}]}<\/script>\n<!-- \/ Yoast SEO Premium plugin. -->","yoast_head_json":{"title":"Pyjama pantalon en lin mariage Alg\u00e9rie - Khalti Tamani","description":"\u062a\u0623\u0644\u0642\u064a \u0645\u0639 Pyjama pantalon en lin mariage Alg\u00e9rie \u0628\u0627\u0644\u0644\u0648\u0646\u064a\u0646 \u0627\u0644\u0648\u0631\u062f\u064a \u0648\u0627\u0644\u0623\u0632\u0631\u0642\u060c \u0631\u0627\u062d\u0629 \u0648\u0623\u0646\u0627\u0642\u0629 \u0644\u0644\u0639\u0631\u0648\u0633 \u0641\u064a \u0644\u064a\u0644\u0629 \u0627\u0644\u062f\u062e\u0644\u0629 \u2014 \u062a\u0648\u0635\u064a\u0644 \u0633\u0631\u064a\u0639 \u0644\u0643\u0644 \u0627\u0644\u062c\u0632\u0627\u0626\u0631.","robots":{"index":"index","follow":"follow","max-snippet":"max-snippet:-1","max-image-preview":"max-image-preview:large","max-video-preview":"max-video-preview:-1"},"canonical":"https:\/\/khalti-tamani.com\/dz\/product\/pyjama-pantalon-en-lin\/","og_locale":"en_US","og_type":"article","og_title":"Pyjama pantalon en lin mariage Alg\u00e9rie \u0648\u0631\u062f\u064a \u0623\u0632\u0631\u0642 \u0644\u0644\u0639\u0631\u0648\u0633","og_description":"\u062a\u0623\u0644\u0642\u064a \u0645\u0639 Pyjama pantalon en lin mariage Alg\u00e9rie \u0628\u0627\u0644\u0644\u0648\u0646\u064a\u0646 \u0627\u0644\u0648\u0631\u062f\u064a \u0648\u0627\u0644\u0623\u0632\u0631\u0642\u060c \u0631\u0627\u062d\u0629 \u0648\u0623\u0646\u0627\u0642\u0629 \u0644\u0644\u0639\u0631\u0648\u0633 \u0641\u064a \u0644\u064a\u0644\u0629 \u0627\u0644\u062f\u062e\u0644\u0629 \u2014 \u062a\u0648\u0635\u064a\u0644 \u0633\u0631\u064a\u0639 \u0644\u0643\u0644 \u0627\u0644\u062c\u0632\u0627\u0626\u0631.","og_url":"https:\/\/khalti-tamani.com\/dz\/product\/pyjama-pantalon-en-lin\/","og_site_name":"Khalti Tamani","article_publisher":"https:\/\/facebook.com\/khaltitamani25","article_modified_time":"2025-11-16T00:20:07+00:00","og_image":[{"width":700,"height":800,"url":"https:\/\/khalti-tamani.com\/wp-content\/uploads\/2023\/04\/tissu-lin-pyjama-mariee-algerie.webp.webp","type":"image\/webp"}],"twitter_card":"summary_large_image","twitter_misc":{"Est. reading time":"2 minutes"},"schema":{"@context":"https:\/\/schema.org","@graph":[{"@type":"WebPage","@id":"https:\/\/khalti-tamani.com\/produit\/pyjama-pantalon-en-lin\/","url":"https:\/\/khalti-tamani.com\/produit\/pyjama-pantalon-en-lin\/","name":"Pyjama pantalon en lin mariage Alg\u00e9rie - Khalti Tamani","isPartOf":{"@id":"https:\/\/khalti-tamani.com\/#website"},"primaryImageOfPage":{"@id":"https:\/\/khalti-tamani.com\/produit\/pyjama-pantalon-en-lin\/#primaryimage"},"image":{"@id":"https:\/\/khalti-tamani.com\/produit\/pyjama-pantalon-en-lin\/#primaryimage"},"thumbnailUrl":"https:\/\/khalti-tamani.com\/wp-content\/uploads\/2023\/04\/tissu-lin-pyjama-mariee-algerie.webp.webp","datePublished":"2025-08-19T17:38:28+00:00","dateModified":"2025-11-16T00:20:07+00:00","description":"\u062a\u0623\u0644\u0642\u064a \u0645\u0639 Pyjama pantalon en lin mariage Alg\u00e9rie \u0628\u0627\u0644\u0644\u0648\u0646\u064a\u0646 \u0627\u0644\u0648\u0631\u062f\u064a \u0648\u0627\u0644\u0623\u0632\u0631\u0642\u060c \u0631\u0627\u062d\u0629 \u0648\u0623\u0646\u0627\u0642\u0629 \u0644\u0644\u0639\u0631\u0648\u0633 \u0641\u064a \u0644\u064a\u0644\u0629 \u0627\u0644\u062f\u062e\u0644\u0629 \u2014 \u062a\u0648\u0635\u064a\u0644 \u0633\u0631\u064a\u0639 \u0644\u0643\u0644 \u0627\u0644\u062c\u0632\u0627\u0626\u0631.","breadcrumb":{"@id":"https:\/\/khalti-tamani.com\/produit\/pyjama-pantalon-en-lin\/#breadcrumb"},"inLanguage":"dz","potentialAction":[{"@type":"ReadAction","target":["https:\/\/khalti-tamani.com\/produit\/pyjama-pantalon-en-lin\/"]}]},{"@type":"ImageObject","inLanguage":"dz","@id":"https:\/\/khalti-tamani.com\/produit\/pyjama-pantalon-en-lin\/#primaryimage","url":"https:\/\/khalti-tamani.com\/wp-content\/uploads\/2023\/04\/tissu-lin-pyjama-mariee-algerie.webp.webp","contentUrl":"https:\/\/khalti-tamani.com\/wp-content\/uploads\/2023\/04\/tissu-lin-pyjama-mariee-algerie.webp.webp","width":700,"height":800,"caption":"\u0631\u0627\u062d\u062a\u0643 \u062a\u0628\u062f\u0623 \u0645\u0646 \u0647\u0646\u0627 \u064a\u0627 \u0623\u062d\u0644\u0649 \u0639\u0631\u0648\u0633\u0629"},{"@type":"BreadcrumbList","@id":"https:\/\/khalti-tamani.com\/produit\/pyjama-pantalon-en-lin\/#breadcrumb","itemListElement":[{"@type":"ListItem","position":1,"name":"Home","item":"https:\/\/khalti-tamani.com\/"},{"@type":"ListItem","position":2,"name":"Boutique","item":"https:\/\/khalti-tamani.com\/dz\/boutique\/"},{"@type":"ListItem","position":3,"name":"Pyjama pantalon en lin mariage Alg\u00e9rie \u0648\u0631\u062f\u064a \u0623\u0632\u0631\u0642 \u0644\u0644\u0639\u0631\u0648\u0633"}]},{"@type":"WebSite","@id":"https:\/\/khalti-tamani.com\/#website","url":"https:\/\/khalti-tamani.com\/","name":"Khalti Tamani","description":"\u0627\u0644\u0639\u0631\u0648\u0633\u0629 \u0645\u0627 \u062a\u0632\u064a\u062f\u0634 \u062a\u0639\u0627\u0646\u064a","publisher":{"@id":"https:\/\/khalti-tamani.com\/#organization"},"potentialAction":[{"@type":"SearchAction","target":{"@type":"EntryPoint","urlTemplate":"https:\/\/khalti-tamani.com\/?s={search_term_string}"},"query-input":{"@type":"PropertyValueSpecification","valueRequired":true,"valueName":"search_term_string"}}],"inLanguage":"dz"},{"@type":"Organization","@id":"https:\/\/khalti-tamani.com\/#organization","name":"Khalti Tamani","url":"https:\/\/khalti-tamani.com\/","logo":{"@type":"ImageObject","inLanguage":"dz","@id":"https:\/\/khalti-tamani.com\/#\/schema\/logo\/image\/","url":"https:\/\/khalti-tamani.com\/wp-content\/uploads\/2025\/09\/Design-sans-titre-4.webp","contentUrl":"https:\/\/khalti-tamani.com\/wp-content\/uploads\/2025\/09\/Design-sans-titre-4.webp","width":512,"height":512,"caption":"Khalti Tamani"},"image":{"@id":"https:\/\/khalti-tamani.com\/#\/schema\/logo\/image\/"},"sameAs":["https:\/\/facebook.com\/khaltitamani25","https:\/\/www.instagram.com\/khalti_tamani","https:\/\/www.tiktok.com\/@khalti.tamani","https:\/\/fr.pinterest.com\/khalti_tamani","https:\/\/t.me\/khalti_tamani"]}]}},"_links":{"self":[{"href":"https:\/\/khalti-tamani.com\/dz\/wp-json\/wp\/v2\/product\/1601","targetHints":{"allow":["GET"]}}],"collection":[{"href":"https:\/\/khalti-tamani.com\/dz\/wp-json\/wp\/v2\/product"}],"about":[{"href":"https:\/\/khalti-tamani.com\/dz\/wp-json\/wp\/v2\/types\/product"}],"replies":[{"embeddable":true,"href":"https:\/\/khalti-tamani.com\/dz\/wp-json\/wp\/v2\/comments?post=1601"}],"version-history":[{"count":5,"href":"https:\/\/khalti-tamani.com\/dz\/wp-json\/wp\/v2\/product\/1601\/revisions"}],"predecessor-version":[{"id":3605,"href":"https:\/\/khalti-tamani.com\/dz\/wp-json\/wp\/v2\/product\/1601\/revisions\/3605"}],"wp:featuredmedia":[{"embeddable":true,"href":"https:\/\/khalti-tamani.com\/dz\/wp-json\/wp\/v2\/media\/1598"}],"wp:attachment":[{"href":"https:\/\/khalti-tamani.com\/dz\/wp-json\/wp\/v2\/media?parent=1601"}],"wp:term":[{"taxonomy":"product_brand","embeddable":true,"href":"https:\/\/khalti-tamani.com\/dz\/wp-json\/wp\/v2\/product_brand?post=1601"},{"taxonomy":"product_cat","embeddable":true,"href":"https:\/\/khalti-tamani.com\/dz\/wp-json\/wp\/v2\/product_cat?post=1601"},{"taxonomy":"product_tag","embeddable":true,"href":"https:\/\/khalti-tamani.com\/dz\/wp-json\/wp\/v2\/product_tag?post=1601"}],"curies":[{"name":"wp","href":"https:\/\/api.w.org\/{rel}","templated":true}]}}