{"id":1631,"date":"2025-08-19T19:15:43","date_gmt":"2025-08-19T19:15:43","guid":{"rendered":"https:\/\/khalti-tamani.com\/?post_type=product&#038;p=1631"},"modified":"2025-11-12T18:49:56","modified_gmt":"2025-11-12T18:49:56","slug":"pyjama-chemise-pantalon-en-lin","status":"publish","type":"product","link":"https:\/\/khalti-tamani.com\/dz\/product\/pyjama-chemise-pantalon-en-lin\/","title":{"rendered":"Pyjama lin mari\u00e9e chemise pantalon Alg\u00e9rie &#8211; \u0628\u064a\u062c\u0627\u0645\u0629 \u0639\u0631\u0648\u0633 \u0644\u064a\u0646 \u0648\u0631\u062f\u064a \u0623\u062e\u0636\u0631 \u0623\u0635\u0641\u0631"},"content":{"rendered":"<p data-start=\"655\" data-end=\"913\">Pyjama lin mari\u00e9e chemise pantalon Alg\u00e9rie \u0647\u0648 \u0627\u0644\u0627\u062e\u062a\u064a\u0627\u0631 \u0627\u0644\u0623\u0645\u062b\u0644 \u0644\u0643\u0644 \u0639\u0631\u0648\u0633 \u062a\u062d\u0628 \u0627\u0644\u0631\u0627\u062d\u0629 \u0648\u0627\u0644\u0623\u0646\u0627\u0642\u0629 \u0641\u064a \u0646\u0641\u0633 \u0627\u0644\u0648\u0642\u062a \ud83c\udf38. \u0647\u0630\u0647 \u0627\u0644\u0628\u064a\u062c\u0627\u0645\u0629 \u0645\u062a\u0648\u0641\u0631\u0629 \u0628\u0623\u0644\u0648\u0627\u0646 \u0635\u064a\u0641\u064a\u0629 \u0631\u0627\u0626\u0639\u0629 <strong data-start=\"842\" data-end=\"863\">\u0648\u0631\u062f\u064a\u060c \u0623\u062e\u0636\u0631\u060c \u0648\u0623\u0635\u0641\u0631<\/strong> \u062a\u0646\u0627\u0633\u0628 \u062c\u0645\u064a\u0639 \u0627\u0644\u0623\u0630\u0648\u0627\u0642 \u0648\u062a\u0645\u0646\u062d\u0643 \u0644\u0645\u0633\u0629 \u062e\u0627\u0635\u0629 \u064a\u0648\u0645 \u062a\u062c\u0647\u064a\u0632\u0643.<\/p>\n<p data-start=\"915\" data-end=\"932\">\u2728 <strong data-start=\"917\" data-end=\"929\">\u0627\u0644\u0645\u0645\u064a\u0632\u0627\u062a<\/strong>:<\/p>\n<ul data-start=\"933\" data-end=\"1082\">\n<li data-start=\"933\" data-end=\"973\">\n<p data-start=\"935\" data-end=\"973\">\u0637\u0642\u0645 \u0645\u0643\u0648\u0651\u0646 \u0645\u0646 \u0642\u0645\u064a\u0635 \u0637\u0648\u064a\u0644 + \u0628\u0646\u0637\u0644\u0648\u0646 \u0645\u0631\u064a\u062d<\/p>\n<\/li>\n<li data-start=\"974\" data-end=\"1013\">\n<p data-start=\"976\" data-end=\"1013\">\u062e\u0627\u0645\u0629 lin \u0637\u0628\u064a\u0639\u064a\u0629 \u062e\u0641\u064a\u0641\u0629 \u0648\u0645\u0646\u0627\u0633\u0628\u0629 \u0644\u0644\u0635\u064a\u0641<\/p>\n<\/li>\n<li data-start=\"1014\" data-end=\"1048\">\n<p data-start=\"1016\" data-end=\"1048\">\u0623\u0644\u0648\u0627\u0646 \u062c\u0630\u0627\u0628\u0629 (\u0648\u0631\u062f\u064a\u060c \u0623\u062e\u0636\u0631\u060c \u0623\u0635\u0641\u0631)<\/p>\n<\/li>\n<li data-start=\"1049\" data-end=\"1082\">\n<p data-start=\"1051\" data-end=\"1082\">\u062a\u0635\u0645\u064a\u0645 \u0623\u0646\u064a\u0642 \u0639\u0645\u0644\u064a \u0648\u0645\u062b\u0627\u0644\u064a \u0644\u0644\u0639\u0631\u0648\u0633<\/p>\n<\/li>\n<\/ul>\n<p data-start=\"1084\" data-end=\"1246\">\u0627\u0644\u062e\u0627\u0645\u0629 \u0645\u0646 <strong data-start=\"1094\" data-end=\"1118\">\u0642\u0645\u0627\u0634 lin \u0639\u0627\u0644\u064a \u0627\u0644\u062c\u0648\u062f\u0629<\/strong>\u060c \u0645\u0639\u0631\u0648\u0641 \u0628\u062e\u0641\u062a\u0647 \u0648\u0631\u0627\u062d\u062a\u0647 \u062e\u0635\u0648\u0635\u064b\u0627 \u0641\u064a \u0627\u0644\u0623\u064a\u0627\u0645 \u0627\u0644\u062f\u0627\u0641\u0626\u0629. Pyjama lin mari\u00e9e chemise pantalon Alg\u00e9rie \u064a\u0632\u064a\u062f\u0643 \u0623\u0646\u0648\u062b\u0629 \u0648\u064a\u0636\u064a\u0641 \u0644\u0645\u0633\u0629 \u0646\u0627\u0639\u0645\u0629 \u0644\u062c\u0647\u0627\u0632\u0643.<\/p>\n<p data-start=\"1248\" data-end=\"1398\">\u0645\u0646\u0627\u0633\u0628 \u0644\u0644\u064a\u0644\u0629 \u0627\u0644\u062f\u062e\u0644\u0629\u060c \u0644\u062c\u0644\u0633\u0627\u062a <strong data-start=\"1275\" data-end=\"1301\">pr\u00e9paration de mariage<\/strong>\u060c \u0623\u0648 \u062d\u062a\u0649 \u0643\u0647\u062f\u064a\u0629 \u062e\u0627\u0635\u0629 \u0644\u0644\u0639\u0631\u0648\u0633. \u0628\u064a\u062c\u0627\u0645\u0629 \u062a\u062c\u0645\u0639 \u0628\u064a\u0646 \u0627\u0644\u0631\u0627\u062d\u0629 \u0648\u0627\u0644\u0623\u0646\u0627\u0642\u0629\u060c \u0648\u062a\u0628\u0642\u0649 \u0642\u0637\u0639\u0629 \u0623\u0633\u0627\u0633\u064a\u0629 \u0641\u064a \u062c\u0647\u0627\u0632 \u0643\u0644 \u0639\u0631\u0648\u0633.<\/p>\n<p data-start=\"1400\" data-end=\"1490\">\ud83d\ude9a \u0627\u0644\u062a\u0648\u0635\u064a\u0644 \u0645\u062a\u0648\u0641\u0631 \u0625\u0644\u0649 <strong data-start=\"1421\" data-end=\"1444\">\u062c\u0645\u064a\u0639 \u0648\u0644\u0627\u064a\u0627\u062a \u0627\u0644\u062c\u0632\u0627\u0626\u0631<\/strong> \u0645\u0639 \u062e\u062f\u0645\u0629 <strong data-start=\"1453\" data-end=\"1475\">\u0627\u0644\u062f\u0641\u0639 \u0639\u0646\u062f \u0627\u0644\u0627\u0633\u062a\u0644\u0627\u0645<\/strong> \u0644\u062a\u0633\u0647\u064a\u0644 \u0637\u0644\u0628\u0643.<\/p>\n<p data-start=\"1492\" data-end=\"1558\">\u27a1\ufe0f <strong data-start=\"1495\" data-end=\"1556\">\u0627\u0637\u0644\u0628\u064a \u0627\u0644\u0622\u0646 \u2014 \u062a\u0648\u0635\u064a\u0644 \u0633\u0631\u064a\u0639 \u0644\u0643\u0644 \u0627\u0644\u0648\u0644\u0627\u064a\u0627\u062a \u2014 \u0627\u0644\u062f\u0641\u0639 \u0639\u0646\u062f \u0627\u0644\u0627\u0633\u062a\u0644\u0627\u0645<\/strong><\/p>\n<hr data-start=\"1560\" data-end=\"1563\" \/>\n<p data-start=\"1565\" data-end=\"1592\"><strong data-start=\"1565\" data-end=\"1590\">\u0645\u0646\u062a\u062c\u0627\u062a \u0623\u062e\u0631\u0649 \u0642\u062f \u062a\u0639\u062c\u0628\u0643:<\/strong><\/p>\n<ul data-start=\"1593\" data-end=\"1888\">\n<li data-start=\"1593\" data-end=\"1696\">\n<p data-start=\"1595\" data-end=\"1696\"><a class=\"decorated-link\" href=\"https:\/\/khalti-tamani.com\/dz\/product\/pyjama-chemise-pantalon-en-lin\/\" target=\"_new\" rel=\"noopener\" data-start=\"1595\" data-end=\"1694\">Pyjama chemise pantalon en lin<\/a><\/p>\n<\/li>\n<li data-start=\"1697\" data-end=\"1784\">\n<p data-start=\"1699\" data-end=\"1784\"><a class=\"decorated-link\" href=\"https:\/\/khalti-tamani.com\/dz\/product\/pyjama-pantalon-en-lin\/\" target=\"_new\" rel=\"noopener\" data-start=\"1699\" data-end=\"1782\">Pyjama pantalon en lin<\/a><\/p>\n<\/li>\n<li data-start=\"1785\" data-end=\"1888\">\n<p data-start=\"1787\" data-end=\"1888\"><a class=\"decorated-link\" href=\"https:\/\/khalti-tamani.com\/dz\/product\/pyjama-3-pieces-mariee-algerie\/\" target=\"_new\" rel=\"noopener\" data-start=\"1787\" data-end=\"1886\">Pyjama 3 pi\u00e8ces mari\u00e9e Alg\u00e9rie<\/a><\/p>\n<\/li>\n<\/ul>","protected":false},"excerpt":{"rendered":"<p>Pyjama lin mari\u00e9e chemise pantalon Alg\u00e9rie \u0647\u0648 \u0627\u0644\u0627\u062e\u062a\u064a\u0627\u0631 \u0627\u0644\u0623\u0645\u062b\u0644 \u0644\u0643\u0644 \u0639\u0631\u0648\u0633 \u062a\u062d\u0628 \u0627\u0644\u0631\u0627\u062d\u0629 \u0648\u0627\u0644\u0623\u0646\u0627\u0642\u0629 \u0641\u064a \u0646\u0641\u0633 \u0627\u0644\u0648\u0642\u062a \ud83c\udf38. \u0647\u0630\u0647 \u0627\u0644\u0628\u064a\u062c\u0627\u0645\u0629<\/p>","protected":false},"featured_media":1589,"comment_status":"open","ping_status":"closed","template":"","meta":[],"product_brand":[126],"product_cat":[30],"product_tag":[323,326,327,325,324,328],"class_list":{"0":"post-1631","1":"product","2":"type-product","3":"status-publish","4":"has-post-thumbnail","6":"product_brand-golden-line","7":"product_cat-pyjama-femme","8":"product_tag-pyjama-lin-algerie","9":"product_tag--lin-","12":"product_tag---chemise-pantalon","13":"product_tag---dz","15":"first","16":"outofstock","17":"shipping-taxable","18":"purchasable","19":"product-type-variable","20":"has-default-attributes"},"yoast_head":"<!-- This site is optimized with the Yoast SEO Premium plugin v25.7.1 (Yoast SEO v25.7) - https:\/\/yoast.com\/wordpress\/plugins\/seo\/ -->\n<title>Pyjama lin mari\u00e9e chemise pantalon Alg\u00e9rie<\/title>\n<meta name=\"description\" content=\"\u0627\u0643\u062a\u0634\u0641\u064a Pyjama lin mari\u00e9e chemise pantalon Alg\u00e9rie \u0628\u0623\u0644\u0648\u0627\u0646 \u0648\u0631\u062f\u064a\u060c \u0623\u062e\u0636\u0631 \u0648\u0623\u0635\u0641\u0631. \u0628\u064a\u062c\u0627\u0645\u0629 \u0639\u0631\u0648\u0633 \u0623\u0646\u064a\u0642\u0629 \u0648\u062e\u0641\u064a\u0641\u0629. \u062a\u0648\u0635\u064a\u0644 \u0633\u0631\u064a\u0639 \u0644\u0644\u062c\u0632\u0627\u0626\u0631 \u0645\u0639 \u0627\u0644\u062f\u0641\u0639 \u0639\u0646\u062f \u0627\u0644\u0627\u0633\u062a\u0644\u0627\u0645.\" \/>\n<meta name=\"robots\" content=\"index, follow, max-snippet:-1, max-image-preview:large, max-video-preview:-1\" \/>\n<link rel=\"canonical\" href=\"https:\/\/khalti-tamani.com\/dz\/product\/pyjama-chemise-pantalon-en-lin\/\" \/>\n<meta property=\"og:locale\" content=\"en_US\" \/>\n<meta property=\"og:type\" content=\"article\" \/>\n<meta property=\"og:title\" content=\"Pyjama lin mari\u00e9e chemise pantalon Alg\u00e9rie - \u0628\u064a\u062c\u0627\u0645\u0629 \u0639\u0631\u0648\u0633 \u0644\u064a\u0646 \u0648\u0631\u062f\u064a \u0623\u062e\u0636\u0631 \u0623\u0635\u0641\u0631\" \/>\n<meta property=\"og:description\" content=\"\u0627\u0643\u062a\u0634\u0641\u064a Pyjama lin mari\u00e9e chemise pantalon Alg\u00e9rie \u0628\u0623\u0644\u0648\u0627\u0646 \u0648\u0631\u062f\u064a\u060c \u0623\u062e\u0636\u0631 \u0648\u0623\u0635\u0641\u0631. \u0628\u064a\u062c\u0627\u0645\u0629 \u0639\u0631\u0648\u0633 \u0623\u0646\u064a\u0642\u0629 \u0648\u062e\u0641\u064a\u0641\u0629. \u062a\u0648\u0635\u064a\u0644 \u0633\u0631\u064a\u0639 \u0644\u0644\u062c\u0632\u0627\u0626\u0631 \u0645\u0639 \u0627\u0644\u062f\u0641\u0639 \u0639\u0646\u062f \u0627\u0644\u0627\u0633\u062a\u0644\u0627\u0645.\" \/>\n<meta property=\"og:url\" content=\"https:\/\/khalti-tamani.com\/dz\/product\/pyjama-chemise-pantalon-en-lin\/\" \/>\n<meta property=\"og:site_name\" content=\"Khalti Tamani\" \/>\n<meta property=\"article:publisher\" content=\"https:\/\/facebook.com\/khaltitamani25\" \/>\n<meta property=\"article:modified_time\" content=\"2025-11-12T18:49:56+00:00\" \/>\n<meta property=\"og:image\" content=\"https:\/\/khalti-tamani.com\/wp-content\/uploads\/2023\/04\/pyjama-luxe-algerie.webp\" \/>\n\t<meta property=\"og:image:width\" content=\"700\" \/>\n\t<meta property=\"og:image:height\" content=\"800\" \/>\n\t<meta property=\"og:image:type\" content=\"image\/webp\" \/>\n<meta name=\"twitter:card\" content=\"summary_large_image\" \/>\n<meta name=\"twitter:label1\" content=\"Est. reading time\" \/>\n\t<meta name=\"twitter:data1\" content=\"1 minute\" \/>\n<script type=\"application\/ld+json\" class=\"yoast-schema-graph\">{\"@context\":\"https:\/\/schema.org\",\"@graph\":[{\"@type\":\"WebPage\",\"@id\":\"https:\/\/khalti-tamani.com\/produit\/pyjama-chemise-pantalon-en-lin\/\",\"url\":\"https:\/\/khalti-tamani.com\/produit\/pyjama-chemise-pantalon-en-lin\/\",\"name\":\"Pyjama lin mari\u00e9e chemise pantalon Alg\u00e9rie\",\"isPartOf\":{\"@id\":\"https:\/\/khalti-tamani.com\/#website\"},\"primaryImageOfPage\":{\"@id\":\"https:\/\/khalti-tamani.com\/produit\/pyjama-chemise-pantalon-en-lin\/#primaryimage\"},\"image\":{\"@id\":\"https:\/\/khalti-tamani.com\/produit\/pyjama-chemise-pantalon-en-lin\/#primaryimage\"},\"thumbnailUrl\":\"https:\/\/khalti-tamani.com\/wp-content\/uploads\/2023\/04\/pyjama-luxe-algerie.webp\",\"datePublished\":\"2025-08-19T19:15:43+00:00\",\"dateModified\":\"2025-11-12T18:49:56+00:00\",\"description\":\"\u0627\u0643\u062a\u0634\u0641\u064a Pyjama lin mari\u00e9e chemise pantalon Alg\u00e9rie \u0628\u0623\u0644\u0648\u0627\u0646 \u0648\u0631\u062f\u064a\u060c \u0623\u062e\u0636\u0631 \u0648\u0623\u0635\u0641\u0631. \u0628\u064a\u062c\u0627\u0645\u0629 \u0639\u0631\u0648\u0633 \u0623\u0646\u064a\u0642\u0629 \u0648\u062e\u0641\u064a\u0641\u0629. \u062a\u0648\u0635\u064a\u0644 \u0633\u0631\u064a\u0639 \u0644\u0644\u062c\u0632\u0627\u0626\u0631 \u0645\u0639 \u0627\u0644\u062f\u0641\u0639 \u0639\u0646\u062f \u0627\u0644\u0627\u0633\u062a\u0644\u0627\u0645.\",\"breadcrumb\":{\"@id\":\"https:\/\/khalti-tamani.com\/produit\/pyjama-chemise-pantalon-en-lin\/#breadcrumb\"},\"inLanguage\":\"dz\",\"potentialAction\":[{\"@type\":\"ReadAction\",\"target\":[\"https:\/\/khalti-tamani.com\/produit\/pyjama-chemise-pantalon-en-lin\/\"]}]},{\"@type\":\"ImageObject\",\"inLanguage\":\"dz\",\"@id\":\"https:\/\/khalti-tamani.com\/produit\/pyjama-chemise-pantalon-en-lin\/#primaryimage\",\"url\":\"https:\/\/khalti-tamani.com\/wp-content\/uploads\/2023\/04\/pyjama-luxe-algerie.webp\",\"contentUrl\":\"https:\/\/khalti-tamani.com\/wp-content\/uploads\/2023\/04\/pyjama-luxe-algerie.webp\",\"width\":700,\"height\":800,\"caption\":\"\u062a\u0631\u0641 \u0648\u0623\u0646\u0627\u0642\u0629 \u062a\u062c\u0639\u0644 \u0643\u0644 \u0644\u062d\u0638\u0629 \u0645\u0645\u064a\u0632\u0629 \ud83d\udc51\u2728\"},{\"@type\":\"BreadcrumbList\",\"@id\":\"https:\/\/khalti-tamani.com\/produit\/pyjama-chemise-pantalon-en-lin\/#breadcrumb\",\"itemListElement\":[{\"@type\":\"ListItem\",\"position\":1,\"name\":\"Home\",\"item\":\"https:\/\/khalti-tamani.com\/\"},{\"@type\":\"ListItem\",\"position\":2,\"name\":\"Boutique\",\"item\":\"https:\/\/khalti-tamani.com\/dz\/boutique\/\"},{\"@type\":\"ListItem\",\"position\":3,\"name\":\"Pyjama lin mari\u00e9e chemise pantalon Alg\u00e9rie &#8211; \u0628\u064a\u062c\u0627\u0645\u0629 \u0639\u0631\u0648\u0633 \u0644\u064a\u0646 \u0648\u0631\u062f\u064a \u0623\u062e\u0636\u0631 \u0623\u0635\u0641\u0631\"}]},{\"@type\":\"WebSite\",\"@id\":\"https:\/\/khalti-tamani.com\/#website\",\"url\":\"https:\/\/khalti-tamani.com\/\",\"name\":\"Khalti Tamani\",\"description\":\"\u0627\u0644\u0639\u0631\u0648\u0633\u0629 \u0645\u0627 \u062a\u0632\u064a\u062f\u0634 \u062a\u0639\u0627\u0646\u064a\",\"publisher\":{\"@id\":\"https:\/\/khalti-tamani.com\/#organization\"},\"potentialAction\":[{\"@type\":\"SearchAction\",\"target\":{\"@type\":\"EntryPoint\",\"urlTemplate\":\"https:\/\/khalti-tamani.com\/?s={search_term_string}\"},\"query-input\":{\"@type\":\"PropertyValueSpecification\",\"valueRequired\":true,\"valueName\":\"search_term_string\"}}],\"inLanguage\":\"dz\"},{\"@type\":\"Organization\",\"@id\":\"https:\/\/khalti-tamani.com\/#organization\",\"name\":\"Khalti Tamani\",\"url\":\"https:\/\/khalti-tamani.com\/\",\"logo\":{\"@type\":\"ImageObject\",\"inLanguage\":\"dz\",\"@id\":\"https:\/\/khalti-tamani.com\/#\/schema\/logo\/image\/\",\"url\":\"https:\/\/khalti-tamani.com\/wp-content\/uploads\/2025\/09\/Design-sans-titre-4.webp\",\"contentUrl\":\"https:\/\/khalti-tamani.com\/wp-content\/uploads\/2025\/09\/Design-sans-titre-4.webp\",\"width\":512,\"height\":512,\"caption\":\"Khalti Tamani\"},\"image\":{\"@id\":\"https:\/\/khalti-tamani.com\/#\/schema\/logo\/image\/\"},\"sameAs\":[\"https:\/\/facebook.com\/khaltitamani25\",\"https:\/\/www.instagram.com\/khalti_tamani\",\"https:\/\/www.tiktok.com\/@khalti.tamani\",\"https:\/\/fr.pinterest.com\/khalti_tamani\",\"https:\/\/t.me\/khalti_tamani\"]}]}<\/script>\n<!-- \/ Yoast SEO Premium plugin. -->","yoast_head_json":{"title":"Pyjama lin mari\u00e9e chemise pantalon Alg\u00e9rie","description":"\u0627\u0643\u062a\u0634\u0641\u064a Pyjama lin mari\u00e9e chemise pantalon Alg\u00e9rie \u0628\u0623\u0644\u0648\u0627\u0646 \u0648\u0631\u062f\u064a\u060c \u0623\u062e\u0636\u0631 \u0648\u0623\u0635\u0641\u0631. \u0628\u064a\u062c\u0627\u0645\u0629 \u0639\u0631\u0648\u0633 \u0623\u0646\u064a\u0642\u0629 \u0648\u062e\u0641\u064a\u0641\u0629. \u062a\u0648\u0635\u064a\u0644 \u0633\u0631\u064a\u0639 \u0644\u0644\u062c\u0632\u0627\u0626\u0631 \u0645\u0639 \u0627\u0644\u062f\u0641\u0639 \u0639\u0646\u062f \u0627\u0644\u0627\u0633\u062a\u0644\u0627\u0645.","robots":{"index":"index","follow":"follow","max-snippet":"max-snippet:-1","max-image-preview":"max-image-preview:large","max-video-preview":"max-video-preview:-1"},"canonical":"https:\/\/khalti-tamani.com\/dz\/product\/pyjama-chemise-pantalon-en-lin\/","og_locale":"en_US","og_type":"article","og_title":"Pyjama lin mari\u00e9e chemise pantalon Alg\u00e9rie - \u0628\u064a\u062c\u0627\u0645\u0629 \u0639\u0631\u0648\u0633 \u0644\u064a\u0646 \u0648\u0631\u062f\u064a \u0623\u062e\u0636\u0631 \u0623\u0635\u0641\u0631","og_description":"\u0627\u0643\u062a\u0634\u0641\u064a Pyjama lin mari\u00e9e chemise pantalon Alg\u00e9rie \u0628\u0623\u0644\u0648\u0627\u0646 \u0648\u0631\u062f\u064a\u060c \u0623\u062e\u0636\u0631 \u0648\u0623\u0635\u0641\u0631. \u0628\u064a\u062c\u0627\u0645\u0629 \u0639\u0631\u0648\u0633 \u0623\u0646\u064a\u0642\u0629 \u0648\u062e\u0641\u064a\u0641\u0629. \u062a\u0648\u0635\u064a\u0644 \u0633\u0631\u064a\u0639 \u0644\u0644\u062c\u0632\u0627\u0626\u0631 \u0645\u0639 \u0627\u0644\u062f\u0641\u0639 \u0639\u0646\u062f \u0627\u0644\u0627\u0633\u062a\u0644\u0627\u0645.","og_url":"https:\/\/khalti-tamani.com\/dz\/product\/pyjama-chemise-pantalon-en-lin\/","og_site_name":"Khalti Tamani","article_publisher":"https:\/\/facebook.com\/khaltitamani25","article_modified_time":"2025-11-12T18:49:56+00:00","og_image":[{"width":700,"height":800,"url":"https:\/\/khalti-tamani.com\/wp-content\/uploads\/2023\/04\/pyjama-luxe-algerie.webp","type":"image\/webp"}],"twitter_card":"summary_large_image","twitter_misc":{"Est. reading time":"1 minute"},"schema":{"@context":"https:\/\/schema.org","@graph":[{"@type":"WebPage","@id":"https:\/\/khalti-tamani.com\/produit\/pyjama-chemise-pantalon-en-lin\/","url":"https:\/\/khalti-tamani.com\/produit\/pyjama-chemise-pantalon-en-lin\/","name":"Pyjama lin mari\u00e9e chemise pantalon Alg\u00e9rie","isPartOf":{"@id":"https:\/\/khalti-tamani.com\/#website"},"primaryImageOfPage":{"@id":"https:\/\/khalti-tamani.com\/produit\/pyjama-chemise-pantalon-en-lin\/#primaryimage"},"image":{"@id":"https:\/\/khalti-tamani.com\/produit\/pyjama-chemise-pantalon-en-lin\/#primaryimage"},"thumbnailUrl":"https:\/\/khalti-tamani.com\/wp-content\/uploads\/2023\/04\/pyjama-luxe-algerie.webp","datePublished":"2025-08-19T19:15:43+00:00","dateModified":"2025-11-12T18:49:56+00:00","description":"\u0627\u0643\u062a\u0634\u0641\u064a Pyjama lin mari\u00e9e chemise pantalon Alg\u00e9rie \u0628\u0623\u0644\u0648\u0627\u0646 \u0648\u0631\u062f\u064a\u060c \u0623\u062e\u0636\u0631 \u0648\u0623\u0635\u0641\u0631. \u0628\u064a\u062c\u0627\u0645\u0629 \u0639\u0631\u0648\u0633 \u0623\u0646\u064a\u0642\u0629 \u0648\u062e\u0641\u064a\u0641\u0629. \u062a\u0648\u0635\u064a\u0644 \u0633\u0631\u064a\u0639 \u0644\u0644\u062c\u0632\u0627\u0626\u0631 \u0645\u0639 \u0627\u0644\u062f\u0641\u0639 \u0639\u0646\u062f \u0627\u0644\u0627\u0633\u062a\u0644\u0627\u0645.","breadcrumb":{"@id":"https:\/\/khalti-tamani.com\/produit\/pyjama-chemise-pantalon-en-lin\/#breadcrumb"},"inLanguage":"dz","potentialAction":[{"@type":"ReadAction","target":["https:\/\/khalti-tamani.com\/produit\/pyjama-chemise-pantalon-en-lin\/"]}]},{"@type":"ImageObject","inLanguage":"dz","@id":"https:\/\/khalti-tamani.com\/produit\/pyjama-chemise-pantalon-en-lin\/#primaryimage","url":"https:\/\/khalti-tamani.com\/wp-content\/uploads\/2023\/04\/pyjama-luxe-algerie.webp","contentUrl":"https:\/\/khalti-tamani.com\/wp-content\/uploads\/2023\/04\/pyjama-luxe-algerie.webp","width":700,"height":800,"caption":"\u062a\u0631\u0641 \u0648\u0623\u0646\u0627\u0642\u0629 \u062a\u062c\u0639\u0644 \u0643\u0644 \u0644\u062d\u0638\u0629 \u0645\u0645\u064a\u0632\u0629 \ud83d\udc51\u2728"},{"@type":"BreadcrumbList","@id":"https:\/\/khalti-tamani.com\/produit\/pyjama-chemise-pantalon-en-lin\/#breadcrumb","itemListElement":[{"@type":"ListItem","position":1,"name":"Home","item":"https:\/\/khalti-tamani.com\/"},{"@type":"ListItem","position":2,"name":"Boutique","item":"https:\/\/khalti-tamani.com\/dz\/boutique\/"},{"@type":"ListItem","position":3,"name":"Pyjama lin mari\u00e9e chemise pantalon Alg\u00e9rie &#8211; \u0628\u064a\u062c\u0627\u0645\u0629 \u0639\u0631\u0648\u0633 \u0644\u064a\u0646 \u0648\u0631\u062f\u064a \u0623\u062e\u0636\u0631 \u0623\u0635\u0641\u0631"}]},{"@type":"WebSite","@id":"https:\/\/khalti-tamani.com\/#website","url":"https:\/\/khalti-tamani.com\/","name":"Khalti Tamani","description":"\u0627\u0644\u0639\u0631\u0648\u0633\u0629 \u0645\u0627 \u062a\u0632\u064a\u062f\u0634 \u062a\u0639\u0627\u0646\u064a","publisher":{"@id":"https:\/\/khalti-tamani.com\/#organization"},"potentialAction":[{"@type":"SearchAction","target":{"@type":"EntryPoint","urlTemplate":"https:\/\/khalti-tamani.com\/?s={search_term_string}"},"query-input":{"@type":"PropertyValueSpecification","valueRequired":true,"valueName":"search_term_string"}}],"inLanguage":"dz"},{"@type":"Organization","@id":"https:\/\/khalti-tamani.com\/#organization","name":"Khalti Tamani","url":"https:\/\/khalti-tamani.com\/","logo":{"@type":"ImageObject","inLanguage":"dz","@id":"https:\/\/khalti-tamani.com\/#\/schema\/logo\/image\/","url":"https:\/\/khalti-tamani.com\/wp-content\/uploads\/2025\/09\/Design-sans-titre-4.webp","contentUrl":"https:\/\/khalti-tamani.com\/wp-content\/uploads\/2025\/09\/Design-sans-titre-4.webp","width":512,"height":512,"caption":"Khalti Tamani"},"image":{"@id":"https:\/\/khalti-tamani.com\/#\/schema\/logo\/image\/"},"sameAs":["https:\/\/facebook.com\/khaltitamani25","https:\/\/www.instagram.com\/khalti_tamani","https:\/\/www.tiktok.com\/@khalti.tamani","https:\/\/fr.pinterest.com\/khalti_tamani","https:\/\/t.me\/khalti_tamani"]}]}},"_links":{"self":[{"href":"https:\/\/khalti-tamani.com\/dz\/wp-json\/wp\/v2\/product\/1631","targetHints":{"allow":["GET"]}}],"collection":[{"href":"https:\/\/khalti-tamani.com\/dz\/wp-json\/wp\/v2\/product"}],"about":[{"href":"https:\/\/khalti-tamani.com\/dz\/wp-json\/wp\/v2\/types\/product"}],"replies":[{"embeddable":true,"href":"https:\/\/khalti-tamani.com\/dz\/wp-json\/wp\/v2\/comments?post=1631"}],"version-history":[{"count":2,"href":"https:\/\/khalti-tamani.com\/dz\/wp-json\/wp\/v2\/product\/1631\/revisions"}],"predecessor-version":[{"id":3604,"href":"https:\/\/khalti-tamani.com\/dz\/wp-json\/wp\/v2\/product\/1631\/revisions\/3604"}],"wp:featuredmedia":[{"embeddable":true,"href":"https:\/\/khalti-tamani.com\/dz\/wp-json\/wp\/v2\/media\/1589"}],"wp:attachment":[{"href":"https:\/\/khalti-tamani.com\/dz\/wp-json\/wp\/v2\/media?parent=1631"}],"wp:term":[{"taxonomy":"product_brand","embeddable":true,"href":"https:\/\/khalti-tamani.com\/dz\/wp-json\/wp\/v2\/product_brand?post=1631"},{"taxonomy":"product_cat","embeddable":true,"href":"https:\/\/khalti-tamani.com\/dz\/wp-json\/wp\/v2\/product_cat?post=1631"},{"taxonomy":"product_tag","embeddable":true,"href":"https:\/\/khalti-tamani.com\/dz\/wp-json\/wp\/v2\/product_tag?post=1631"}],"curies":[{"name":"wp","href":"https:\/\/api.w.org\/{rel}","templated":true}]}}