{"id":1920,"date":"2025-08-22T14:37:42","date_gmt":"2025-08-22T14:37:42","guid":{"rendered":"https:\/\/khalti-tamani.com\/?post_type=product&#038;p=1920"},"modified":"2025-11-16T00:34:04","modified_gmt":"2025-11-16T00:34:04","slug":"ensemble-bride-7","status":"publish","type":"product","link":"https:\/\/khalti-tamani.com\/dz\/product\/ensemble-bride-7\/","title":{"rendered":"Ensemble bride lingerie blanche dentelle raffin\u00e9e Alg\u00e9rie"},"content":{"rendered":"<p data-start=\"5999\" data-end=\"6312\">\u00c9l\u00e9gance et raffinement se rencontrent dans cet <strong data-start=\"6087\" data-end=\"6105\">Ensemble bride<\/strong> en dentelle blanche, sp\u00e9cialement pens\u00e9 pour la mari\u00e9e en Alg\u00e9rie. Avec ses deux pi\u00e8ces (soutien-gorge + slip), il compl\u00e8te parfaitement le <strong data-start=\"6246\" data-end=\"6262\">\u062c\u0647\u0627\u0632 \u0627\u0644\u0639\u0631\u0648\u0633\u0629<\/strong> et ajoute une touche glamour \u00e0 votre trousseau.<\/p>\n<p data-start=\"6314\" data-end=\"6340\">\u2728 <strong data-start=\"6316\" data-end=\"6336\">Caract\u00e9ristiques<\/strong> :<\/p>\n<ul data-start=\"6341\" data-end=\"6470\">\n<li data-start=\"6341\" data-end=\"6370\">\n<p data-start=\"6343\" data-end=\"6370\">Couleur : blanc classique<\/p>\n<\/li>\n<li data-start=\"6371\" data-end=\"6398\">\n<p data-start=\"6373\" data-end=\"6398\">Mati\u00e8re : dentelle fine<\/p>\n<\/li>\n<li data-start=\"6399\" data-end=\"6423\">\n<p data-start=\"6401\" data-end=\"6423\">Nombre de pi\u00e8ces : 2<\/p>\n<\/li>\n<li data-start=\"6424\" data-end=\"6470\">\n<p data-start=\"6426\" data-end=\"6470\">Utilisation : mariage, cadeau, \u0644\u064a\u0644\u0629 \u0627\u0644\u062f\u062e\u0644\u0629<\/p>\n<\/li>\n<\/ul>\n<p data-start=\"6472\" data-end=\"6639\">La dentelle raffin\u00e9e offre un \u00e9quilibre parfait entre s\u00e9duction et confort, rendant cet <strong data-start=\"6560\" data-end=\"6584\">Ensemble de lingerie<\/strong> id\u00e9al pour les moments intimes et la <strong data-start=\"6622\" data-end=\"6636\">\u0644\u064a\u0644\u0629 \u0627\u0644\u0639\u0645\u0631<\/strong>.<\/p>\n<p data-start=\"6641\" data-end=\"6777\">Un indispensable du <strong data-start=\"6661\" data-end=\"6687\">Trousseau de la mari\u00e9e<\/strong>, qui peut \u00e9galement \u00eatre offert comme pr\u00e9sent raffin\u00e9 pour surprendre la future mari\u00e9e.<\/p>\n<p data-start=\"6779\" data-end=\"6862\">Livraison dans toutes les wilayas d\u2019Alg\u00e9rie avec paiement \u00e0 la livraison garanti.<\/p>\n<p data-start=\"6864\" data-end=\"6947\"><strong data-start=\"6864\" data-end=\"6945\">Commandez maintenant \u2014 Livraison partout en Alg\u00e9rie \u2014 Paiement \u00e0 la livraison<\/strong><\/p>\n<p data-start=\"6949\" data-end=\"6999\"><strong data-start=\"6949\" data-end=\"6995\">Produits autres qui pourraient vous plaire<\/strong> :<\/p>\n<ul data-start=\"7000\" data-end=\"7244\">\n<li data-start=\"7000\" data-end=\"7075\">\n<p data-start=\"7002\" data-end=\"7075\"><a class=\"decorated-link\" href=\"https:\/\/khalti-tamani.com\/dz\/product\/ensemble-bride-2\/\" target=\"_new\" rel=\"noopener\" data-start=\"7002\" data-end=\"7073\">Ensemble bride 2<\/a><\/p>\n<\/li>\n<li data-start=\"7076\" data-end=\"7164\">\n<p data-start=\"7078\" data-end=\"7164\"><a class=\"decorated-link\" href=\"https:\/\/khalti-tamani.com\/dz\/product\/deshabiller-long-strass\/\" target=\"_new\" rel=\"noopener\" data-start=\"7078\" data-end=\"7162\">Deshabill\u00e9 long strass<\/a><\/p>\n<\/li>\n<li data-start=\"7165\" data-end=\"7244\">\n<p data-start=\"7167\" data-end=\"7244\"><a class=\"decorated-link\" href=\"https:\/\/khalti-tamani.com\/dz\/product-category\/ensemble\/\" target=\"_new\" rel=\"noopener\" data-start=\"7167\" data-end=\"7242\">Cat\u00e9gorie Ensemble<\/a><\/p>\n<\/li>\n<\/ul>\n<p data-start=\"7246\" data-end=\"7293\">","protected":false},"excerpt":{"rendered":"<p>\u00c9l\u00e9gance et raffinement se rencontrent dans cet Ensemble bride en dentelle blanche, sp\u00e9cialement pens\u00e9 pour la mari\u00e9e en Alg\u00e9rie. Avec<\/p>","protected":false},"featured_media":1921,"comment_status":"open","ping_status":"closed","template":"","meta":[],"product_brand":[126],"product_cat":[25],"product_tag":[466,468,467,469,320,398,460],"class_list":{"0":"post-1920","1":"product","2":"type-product","3":"status-publish","4":"has-post-thumbnail","6":"product_brand-golden-line","7":"product_cat-ensemble","8":"product_tag-ensemble-bride-algerie-dentelle","9":"product_tag-lingerie-mariage-chic","10":"product_tag-lingerie-mariee-blanche","11":"product_tag-trousseau-algerie","12":"product_tag-320","13":"product_tag-398","14":"product_tag-460","16":"first","17":"outofstock","18":"shipping-taxable","19":"purchasable","20":"product-type-variable","21":"has-default-attributes"},"yoast_head":"<!-- This site is optimized with the Yoast SEO Premium plugin v25.7.1 (Yoast SEO v25.7) - https:\/\/yoast.com\/wordpress\/plugins\/seo\/ -->\n<title>Ensemble bride lingerie blanche dentelle raffin\u00e9e Alg\u00e9rie - Khalti Tamani<\/title>\n<meta name=\"description\" content=\"Craquez pour Ensemble bride dentelle blanche Alg\u00e9rie, lingerie 2 pi\u00e8ces raffin\u00e9e id\u00e9ale pour \u062c\u0647\u0627\u0632 \u0627\u0644\u0639\u0631\u0648\u0633\u0629 et mari\u00e9e \u00e9l\u00e9gante.\" \/>\n<meta name=\"robots\" content=\"index, follow, max-snippet:-1, max-image-preview:large, max-video-preview:-1\" \/>\n<link rel=\"canonical\" href=\"https:\/\/khalti-tamani.com\/dz\/product\/ensemble-bride-7\/\" \/>\n<meta property=\"og:locale\" content=\"en_US\" \/>\n<meta property=\"og:type\" content=\"article\" \/>\n<meta property=\"og:title\" content=\"Ensemble bride lingerie blanche dentelle raffin\u00e9e Alg\u00e9rie\" \/>\n<meta property=\"og:description\" content=\"Craquez pour Ensemble bride dentelle blanche Alg\u00e9rie, lingerie 2 pi\u00e8ces raffin\u00e9e id\u00e9ale pour \u062c\u0647\u0627\u0632 \u0627\u0644\u0639\u0631\u0648\u0633\u0629 et mari\u00e9e \u00e9l\u00e9gante.\" \/>\n<meta property=\"og:url\" content=\"https:\/\/khalti-tamani.com\/dz\/product\/ensemble-bride-7\/\" \/>\n<meta property=\"og:site_name\" content=\"Khalti Tamani\" \/>\n<meta property=\"article:publisher\" content=\"https:\/\/facebook.com\/khaltitamani25\" \/>\n<meta property=\"article:modified_time\" content=\"2025-11-16T00:34:04+00:00\" \/>\n<meta property=\"og:image\" content=\"https:\/\/khalti-tamani.com\/wp-content\/uploads\/2025\/08\/12.webp\" \/>\n\t<meta property=\"og:image:width\" content=\"700\" \/>\n\t<meta property=\"og:image:height\" content=\"800\" \/>\n\t<meta property=\"og:image:type\" content=\"image\/webp\" \/>\n<meta name=\"twitter:card\" content=\"summary_large_image\" \/>\n<meta name=\"twitter:label1\" content=\"Est. reading time\" \/>\n\t<meta name=\"twitter:data1\" content=\"1 minute\" \/>\n<script type=\"application\/ld+json\" class=\"yoast-schema-graph\">{\"@context\":\"https:\/\/schema.org\",\"@graph\":[{\"@type\":\"WebPage\",\"@id\":\"https:\/\/khalti-tamani.com\/produit\/ensemble-bride-7\/\",\"url\":\"https:\/\/khalti-tamani.com\/produit\/ensemble-bride-7\/\",\"name\":\"Ensemble bride lingerie blanche dentelle raffin\u00e9e Alg\u00e9rie - Khalti Tamani\",\"isPartOf\":{\"@id\":\"https:\/\/khalti-tamani.com\/#website\"},\"primaryImageOfPage\":{\"@id\":\"https:\/\/khalti-tamani.com\/produit\/ensemble-bride-7\/#primaryimage\"},\"image\":{\"@id\":\"https:\/\/khalti-tamani.com\/produit\/ensemble-bride-7\/#primaryimage\"},\"thumbnailUrl\":\"https:\/\/khalti-tamani.com\/wp-content\/uploads\/2025\/08\/12.webp\",\"datePublished\":\"2025-08-22T14:37:42+00:00\",\"dateModified\":\"2025-11-16T00:34:04+00:00\",\"description\":\"Craquez pour Ensemble bride dentelle blanche Alg\u00e9rie, lingerie 2 pi\u00e8ces raffin\u00e9e id\u00e9ale pour \u062c\u0647\u0627\u0632 \u0627\u0644\u0639\u0631\u0648\u0633\u0629 et mari\u00e9e \u00e9l\u00e9gante.\",\"breadcrumb\":{\"@id\":\"https:\/\/khalti-tamani.com\/produit\/ensemble-bride-7\/#breadcrumb\"},\"inLanguage\":\"dz\",\"potentialAction\":[{\"@type\":\"ReadAction\",\"target\":[\"https:\/\/khalti-tamani.com\/produit\/ensemble-bride-7\/\"]}]},{\"@type\":\"ImageObject\",\"inLanguage\":\"dz\",\"@id\":\"https:\/\/khalti-tamani.com\/produit\/ensemble-bride-7\/#primaryimage\",\"url\":\"https:\/\/khalti-tamani.com\/wp-content\/uploads\/2025\/08\/12.webp\",\"contentUrl\":\"https:\/\/khalti-tamani.com\/wp-content\/uploads\/2025\/08\/12.webp\",\"width\":700,\"height\":800},{\"@type\":\"BreadcrumbList\",\"@id\":\"https:\/\/khalti-tamani.com\/produit\/ensemble-bride-7\/#breadcrumb\",\"itemListElement\":[{\"@type\":\"ListItem\",\"position\":1,\"name\":\"Home\",\"item\":\"https:\/\/khalti-tamani.com\/\"},{\"@type\":\"ListItem\",\"position\":2,\"name\":\"Boutique\",\"item\":\"https:\/\/khalti-tamani.com\/dz\/boutique\/\"},{\"@type\":\"ListItem\",\"position\":3,\"name\":\"Ensemble bride lingerie blanche dentelle raffin\u00e9e Alg\u00e9rie\"}]},{\"@type\":\"WebSite\",\"@id\":\"https:\/\/khalti-tamani.com\/#website\",\"url\":\"https:\/\/khalti-tamani.com\/\",\"name\":\"Khalti Tamani\",\"description\":\"\u0627\u0644\u0639\u0631\u0648\u0633\u0629 \u0645\u0627 \u062a\u0632\u064a\u062f\u0634 \u062a\u0639\u0627\u0646\u064a\",\"publisher\":{\"@id\":\"https:\/\/khalti-tamani.com\/#organization\"},\"potentialAction\":[{\"@type\":\"SearchAction\",\"target\":{\"@type\":\"EntryPoint\",\"urlTemplate\":\"https:\/\/khalti-tamani.com\/?s={search_term_string}\"},\"query-input\":{\"@type\":\"PropertyValueSpecification\",\"valueRequired\":true,\"valueName\":\"search_term_string\"}}],\"inLanguage\":\"dz\"},{\"@type\":\"Organization\",\"@id\":\"https:\/\/khalti-tamani.com\/#organization\",\"name\":\"Khalti Tamani\",\"url\":\"https:\/\/khalti-tamani.com\/\",\"logo\":{\"@type\":\"ImageObject\",\"inLanguage\":\"dz\",\"@id\":\"https:\/\/khalti-tamani.com\/#\/schema\/logo\/image\/\",\"url\":\"https:\/\/khalti-tamani.com\/wp-content\/uploads\/2025\/09\/Design-sans-titre-4.webp\",\"contentUrl\":\"https:\/\/khalti-tamani.com\/wp-content\/uploads\/2025\/09\/Design-sans-titre-4.webp\",\"width\":512,\"height\":512,\"caption\":\"Khalti Tamani\"},\"image\":{\"@id\":\"https:\/\/khalti-tamani.com\/#\/schema\/logo\/image\/\"},\"sameAs\":[\"https:\/\/facebook.com\/khaltitamani25\",\"https:\/\/www.instagram.com\/khalti_tamani\",\"https:\/\/www.tiktok.com\/@khalti.tamani\",\"https:\/\/fr.pinterest.com\/khalti_tamani\",\"https:\/\/t.me\/khalti_tamani\"]}]}<\/script>\n<!-- \/ Yoast SEO Premium plugin. -->","yoast_head_json":{"title":"Ensemble bride lingerie blanche dentelle raffin\u00e9e Alg\u00e9rie - Khalti Tamani","description":"Craquez pour Ensemble bride dentelle blanche Alg\u00e9rie, lingerie 2 pi\u00e8ces raffin\u00e9e id\u00e9ale pour \u062c\u0647\u0627\u0632 \u0627\u0644\u0639\u0631\u0648\u0633\u0629 et mari\u00e9e \u00e9l\u00e9gante.","robots":{"index":"index","follow":"follow","max-snippet":"max-snippet:-1","max-image-preview":"max-image-preview:large","max-video-preview":"max-video-preview:-1"},"canonical":"https:\/\/khalti-tamani.com\/dz\/product\/ensemble-bride-7\/","og_locale":"en_US","og_type":"article","og_title":"Ensemble bride lingerie blanche dentelle raffin\u00e9e Alg\u00e9rie","og_description":"Craquez pour Ensemble bride dentelle blanche Alg\u00e9rie, lingerie 2 pi\u00e8ces raffin\u00e9e id\u00e9ale pour \u062c\u0647\u0627\u0632 \u0627\u0644\u0639\u0631\u0648\u0633\u0629 et mari\u00e9e \u00e9l\u00e9gante.","og_url":"https:\/\/khalti-tamani.com\/dz\/product\/ensemble-bride-7\/","og_site_name":"Khalti Tamani","article_publisher":"https:\/\/facebook.com\/khaltitamani25","article_modified_time":"2025-11-16T00:34:04+00:00","og_image":[{"width":700,"height":800,"url":"https:\/\/khalti-tamani.com\/wp-content\/uploads\/2025\/08\/12.webp","type":"image\/webp"}],"twitter_card":"summary_large_image","twitter_misc":{"Est. reading time":"1 minute"},"schema":{"@context":"https:\/\/schema.org","@graph":[{"@type":"WebPage","@id":"https:\/\/khalti-tamani.com\/produit\/ensemble-bride-7\/","url":"https:\/\/khalti-tamani.com\/produit\/ensemble-bride-7\/","name":"Ensemble bride lingerie blanche dentelle raffin\u00e9e Alg\u00e9rie - Khalti Tamani","isPartOf":{"@id":"https:\/\/khalti-tamani.com\/#website"},"primaryImageOfPage":{"@id":"https:\/\/khalti-tamani.com\/produit\/ensemble-bride-7\/#primaryimage"},"image":{"@id":"https:\/\/khalti-tamani.com\/produit\/ensemble-bride-7\/#primaryimage"},"thumbnailUrl":"https:\/\/khalti-tamani.com\/wp-content\/uploads\/2025\/08\/12.webp","datePublished":"2025-08-22T14:37:42+00:00","dateModified":"2025-11-16T00:34:04+00:00","description":"Craquez pour Ensemble bride dentelle blanche Alg\u00e9rie, lingerie 2 pi\u00e8ces raffin\u00e9e id\u00e9ale pour \u062c\u0647\u0627\u0632 \u0627\u0644\u0639\u0631\u0648\u0633\u0629 et mari\u00e9e \u00e9l\u00e9gante.","breadcrumb":{"@id":"https:\/\/khalti-tamani.com\/produit\/ensemble-bride-7\/#breadcrumb"},"inLanguage":"dz","potentialAction":[{"@type":"ReadAction","target":["https:\/\/khalti-tamani.com\/produit\/ensemble-bride-7\/"]}]},{"@type":"ImageObject","inLanguage":"dz","@id":"https:\/\/khalti-tamani.com\/produit\/ensemble-bride-7\/#primaryimage","url":"https:\/\/khalti-tamani.com\/wp-content\/uploads\/2025\/08\/12.webp","contentUrl":"https:\/\/khalti-tamani.com\/wp-content\/uploads\/2025\/08\/12.webp","width":700,"height":800},{"@type":"BreadcrumbList","@id":"https:\/\/khalti-tamani.com\/produit\/ensemble-bride-7\/#breadcrumb","itemListElement":[{"@type":"ListItem","position":1,"name":"Home","item":"https:\/\/khalti-tamani.com\/"},{"@type":"ListItem","position":2,"name":"Boutique","item":"https:\/\/khalti-tamani.com\/dz\/boutique\/"},{"@type":"ListItem","position":3,"name":"Ensemble bride lingerie blanche dentelle raffin\u00e9e Alg\u00e9rie"}]},{"@type":"WebSite","@id":"https:\/\/khalti-tamani.com\/#website","url":"https:\/\/khalti-tamani.com\/","name":"Khalti Tamani","description":"\u0627\u0644\u0639\u0631\u0648\u0633\u0629 \u0645\u0627 \u062a\u0632\u064a\u062f\u0634 \u062a\u0639\u0627\u0646\u064a","publisher":{"@id":"https:\/\/khalti-tamani.com\/#organization"},"potentialAction":[{"@type":"SearchAction","target":{"@type":"EntryPoint","urlTemplate":"https:\/\/khalti-tamani.com\/?s={search_term_string}"},"query-input":{"@type":"PropertyValueSpecification","valueRequired":true,"valueName":"search_term_string"}}],"inLanguage":"dz"},{"@type":"Organization","@id":"https:\/\/khalti-tamani.com\/#organization","name":"Khalti Tamani","url":"https:\/\/khalti-tamani.com\/","logo":{"@type":"ImageObject","inLanguage":"dz","@id":"https:\/\/khalti-tamani.com\/#\/schema\/logo\/image\/","url":"https:\/\/khalti-tamani.com\/wp-content\/uploads\/2025\/09\/Design-sans-titre-4.webp","contentUrl":"https:\/\/khalti-tamani.com\/wp-content\/uploads\/2025\/09\/Design-sans-titre-4.webp","width":512,"height":512,"caption":"Khalti Tamani"},"image":{"@id":"https:\/\/khalti-tamani.com\/#\/schema\/logo\/image\/"},"sameAs":["https:\/\/facebook.com\/khaltitamani25","https:\/\/www.instagram.com\/khalti_tamani","https:\/\/www.tiktok.com\/@khalti.tamani","https:\/\/fr.pinterest.com\/khalti_tamani","https:\/\/t.me\/khalti_tamani"]}]}},"_links":{"self":[{"href":"https:\/\/khalti-tamani.com\/dz\/wp-json\/wp\/v2\/product\/1920","targetHints":{"allow":["GET"]}}],"collection":[{"href":"https:\/\/khalti-tamani.com\/dz\/wp-json\/wp\/v2\/product"}],"about":[{"href":"https:\/\/khalti-tamani.com\/dz\/wp-json\/wp\/v2\/types\/product"}],"replies":[{"embeddable":true,"href":"https:\/\/khalti-tamani.com\/dz\/wp-json\/wp\/v2\/comments?post=1920"}],"version-history":[{"count":2,"href":"https:\/\/khalti-tamani.com\/dz\/wp-json\/wp\/v2\/product\/1920\/revisions"}],"predecessor-version":[{"id":3662,"href":"https:\/\/khalti-tamani.com\/dz\/wp-json\/wp\/v2\/product\/1920\/revisions\/3662"}],"wp:featuredmedia":[{"embeddable":true,"href":"https:\/\/khalti-tamani.com\/dz\/wp-json\/wp\/v2\/media\/1921"}],"wp:attachment":[{"href":"https:\/\/khalti-tamani.com\/dz\/wp-json\/wp\/v2\/media?parent=1920"}],"wp:term":[{"taxonomy":"product_brand","embeddable":true,"href":"https:\/\/khalti-tamani.com\/dz\/wp-json\/wp\/v2\/product_brand?post=1920"},{"taxonomy":"product_cat","embeddable":true,"href":"https:\/\/khalti-tamani.com\/dz\/wp-json\/wp\/v2\/product_cat?post=1920"},{"taxonomy":"product_tag","embeddable":true,"href":"https:\/\/khalti-tamani.com\/dz\/wp-json\/wp\/v2\/product_tag?post=1920"}],"curies":[{"name":"wp","href":"https:\/\/api.w.org\/{rel}","templated":true}]}}