{"id":2254,"date":"2025-08-23T11:59:46","date_gmt":"2025-08-23T11:59:46","guid":{"rendered":"https:\/\/khalti-tamani.com\/?post_type=product&#038;p=2254"},"modified":"2025-11-16T10:24:04","modified_gmt":"2025-11-16T10:24:04","slug":"nuisette-satin-longue","status":"publish","type":"product","link":"https:\/\/khalti-tamani.com\/dz\/product\/nuisette-satin-longue\/","title":{"rendered":"Nuisette de mariage satin jacquard longue \u00e9l\u00e9gante Alg\u00e9rie"},"content":{"rendered":"<p data-start=\"434\" data-end=\"732\">La <strong data-start=\"437\" data-end=\"482\">Nuisette de mariage satin jacquard longue<\/strong> sublime la future mari\u00e9e en Alg\u00e9rie. \u00c9l\u00e9gante et raffin\u00e9e, elle apporte glamour et confort au <strong data-start=\"577\" data-end=\"593\">\u062c\u0647\u0627\u0632 \u0627\u0644\u0639\u0631\u0648\u0633\u0629<\/strong>. Gr\u00e2ce \u00e0 sa coupe fluide et son satin jacquard brillant, elle enrichit le <strong data-start=\"668\" data-end=\"694\">Trousseau de la mari\u00e9e<\/strong> en associant sensualit\u00e9 et douceur.<\/p>\n<hr data-start=\"734\" data-end=\"737\" \/>\n<h3 data-start=\"739\" data-end=\"785\">\u2728 Caract\u00e9ristiques de la nuisette mari\u00e9e<\/h3>\n<ul data-start=\"786\" data-end=\"995\">\n<li data-start=\"786\" data-end=\"830\">\n<p data-start=\"788\" data-end=\"830\">Mati\u00e8re : satin jacquard l\u00e9ger et soyeux<\/p>\n<\/li>\n<li data-start=\"831\" data-end=\"877\">\n<p data-start=\"833\" data-end=\"877\">Style : longue et raffin\u00e9e, coupe \u00e9l\u00e9gante<\/p>\n<\/li>\n<li data-start=\"878\" data-end=\"913\">\n<p data-start=\"880\" data-end=\"913\">Couleur : tons chic et modernes<\/p>\n<\/li>\n<li data-start=\"914\" data-end=\"995\">\n<p data-start=\"916\" data-end=\"995\">Occasion : parfaite pour la <strong data-start=\"944\" data-end=\"961\">\u062a\u0635\u062f\u064a\u0631\u0629 \u0627\u0644\u0639\u0631\u0648\u0633<\/strong>, cadeaux ou soir\u00e9es romantiques<\/p>\n<\/li>\n<\/ul>\n<hr data-start=\"997\" data-end=\"1000\" \/>\n<h3 data-start=\"1002\" data-end=\"1030\">\ud83d\udc8e \u00c9l\u00e9gance et confort<\/h3>\n<p data-start=\"1031\" data-end=\"1279\">Le satin jacquard brille naturellement et caresse la peau avec douceur. Cette <strong data-start=\"1109\" data-end=\"1132\">Nuisette de mariage<\/strong> offre un confort exceptionnel et met en valeur la silhouette. Elle compl\u00e8te le <strong data-start=\"1212\" data-end=\"1229\">\u0644\u0627\u0646\u062c\u0631\u064a \u0644\u0644\u0639\u0631\u0648\u0633<\/strong> avec une pi\u00e8ce intemporelle, chic et sensuelle.<\/p>\n<hr data-start=\"1281\" data-end=\"1284\" \/>\n<h3 data-start=\"1286\" data-end=\"1316\">\ud83c\udf81 Id\u00e9ale pour la mari\u00e9e<\/h3>\n<p data-start=\"1317\" data-end=\"1573\">La mari\u00e9e porte cette nuisette pendant la <strong data-start=\"1359\" data-end=\"1374\">\u0644\u064a\u0644\u0629 \u0627\u0644\u062f\u062e\u0644\u0629<\/strong> ou lors de ses moments intimes. Elle s\u2019int\u00e8gre parfaitement dans un <strong data-start=\"1443\" data-end=\"1467\">Ensemble de lingerie<\/strong> et devient un cadeau romantique et \u00e9l\u00e9gant. Ainsi, le <strong data-start=\"1522\" data-end=\"1538\">\u062c\u0647\u0627\u0632 \u0627\u0644\u0639\u0631\u0648\u0633\u0629<\/strong> gagne en charme et en s\u00e9duction.<\/p>\n<hr data-start=\"1575\" data-end=\"1578\" \/>\n<h3 data-start=\"1580\" data-end=\"1624\">\ud83d\ude9a Livraison rapide partout en Alg\u00e9rie<\/h3>\n<p data-start=\"1625\" data-end=\"1810\">Nous livrons dans toutes les wilayas et proposons le <strong data-start=\"1678\" data-end=\"1705\">paiement \u00e0 la livraison<\/strong>. Passez votre commande d\u00e8s aujourd\u2019hui et recevez votre nuisette satin jacquard directement chez vous.<\/p>\n<p data-start=\"1812\" data-end=\"1898\">\ud83d\udc49 <strong data-start=\"1815\" data-end=\"1896\">Commandez maintenant \u2014 Livraison partout en Alg\u00e9rie \u2014 Paiement \u00e0 la livraison<\/strong><\/p>\n<hr data-start=\"1900\" data-end=\"1903\" \/>\n<h3 data-start=\"1905\" data-end=\"1956\">\ud83d\udd17 Produits autres qui pourraient vous plaire<\/h3>\n<ul data-start=\"1957\" data-end=\"2213\">\n<li data-start=\"1957\" data-end=\"2044\">\n<p data-start=\"1959\" data-end=\"2044\"><a class=\"decorated-link\" href=\"https:\/\/khalti-tamani.com\/dz\/product-category\/nuisette\/\" target=\"_new\" rel=\"noopener\" data-start=\"1959\" data-end=\"2042\">Nuisette dentelle \u00e9l\u00e9gante<\/a><\/p>\n<\/li>\n<li data-start=\"2045\" data-end=\"2124\">\n<p data-start=\"2047\" data-end=\"2124\"><a class=\"decorated-link\" href=\"https:\/\/khalti-tamani.com\/dz\/product\/ensemble-bride\/\" target=\"_new\" rel=\"noopener\" data-start=\"2047\" data-end=\"2122\">Ensemble bride raffin\u00e9<\/a><\/p>\n<\/li>\n<li data-start=\"2125\" data-end=\"2213\">\n<p data-start=\"2127\" data-end=\"2213\"><a class=\"decorated-link\" href=\"https:\/\/khalti-tamani.com\/dz\/product\/deshabiller-long-strass\/\" target=\"_new\" rel=\"noopener\" data-start=\"2127\" data-end=\"2211\">D\u00e9shabill\u00e9 long strass<\/a><\/p>\n<\/li>\n<\/ul>\n<hr data-start=\"2215\" data-end=\"2218\" \/>\n<h3 data-start=\"2220\" data-end=\"2253\"><\/h3>","protected":false},"excerpt":{"rendered":"<p>La Nuisette de mariage satin jacquard longue sublime la future mari\u00e9e en Alg\u00e9rie. \u00c9l\u00e9gante et raffin\u00e9e, elle apporte glamour et<\/p>","protected":false},"featured_media":2257,"comment_status":"open","ping_status":"closed","template":"","meta":[],"product_brand":[126],"product_cat":[21],"product_tag":[576,549,575,574,555,542,557],"class_list":{"0":"post-2254","1":"product","2":"type-product","3":"status-publish","4":"has-post-thumbnail","6":"product_brand-golden-line","7":"product_cat-nuisette","8":"product_tag-ensemble-nuisette-satin-elegante","9":"product_tag-lingerie-satin-algerie","10":"product_tag-nuisette-de-mariage-chic","11":"product_tag-nuisette-satin-jacquard-longue","12":"product_tag---darija","13":"product_tag---satin","14":"product_tag---algerie","16":"first","17":"outofstock","18":"shipping-taxable","19":"purchasable","20":"product-type-variable","21":"has-default-attributes"},"yoast_head":"<!-- This site is optimized with the Yoast SEO Premium plugin v25.7.1 (Yoast SEO v25.7) - https:\/\/yoast.com\/wordpress\/plugins\/seo\/ -->\n<title>Nuisette de mariage satin jacquard longue \u00e9l\u00e9gante Alg\u00e9rie - Khalti Tamani<\/title>\n<meta name=\"description\" content=\"Nuisette de mariage satin jacquard longue en Alg\u00e9rie. \u00c9l\u00e9gante et raffin\u00e9e, id\u00e9ale pour \u062c\u0647\u0627\u0632 \u0627\u0644\u0639\u0631\u0648\u0633\u0629 et \u062a\u0635\u062f\u064a\u0631\u0629 \u0627\u0644\u0639\u0631\u0648\u0633 avec livraison rapide.\" \/>\n<meta name=\"robots\" content=\"index, follow, max-snippet:-1, max-image-preview:large, max-video-preview:-1\" \/>\n<link rel=\"canonical\" href=\"https:\/\/khalti-tamani.com\/dz\/product\/nuisette-satin-longue\/\" \/>\n<meta property=\"og:locale\" content=\"en_US\" \/>\n<meta property=\"og:type\" content=\"article\" \/>\n<meta property=\"og:title\" content=\"Nuisette de mariage satin jacquard longue \u00e9l\u00e9gante Alg\u00e9rie\" \/>\n<meta property=\"og:description\" content=\"Nuisette de mariage satin jacquard longue en Alg\u00e9rie. \u00c9l\u00e9gante et raffin\u00e9e, id\u00e9ale pour \u062c\u0647\u0627\u0632 \u0627\u0644\u0639\u0631\u0648\u0633\u0629 et \u062a\u0635\u062f\u064a\u0631\u0629 \u0627\u0644\u0639\u0631\u0648\u0633 avec livraison rapide.\" \/>\n<meta property=\"og:url\" content=\"https:\/\/khalti-tamani.com\/dz\/product\/nuisette-satin-longue\/\" \/>\n<meta property=\"og:site_name\" content=\"Khalti Tamani\" \/>\n<meta property=\"article:publisher\" content=\"https:\/\/facebook.com\/khaltitamani25\" \/>\n<meta property=\"article:modified_time\" content=\"2025-11-16T10:24:04+00:00\" \/>\n<meta property=\"og:image\" content=\"https:\/\/khalti-tamani.com\/wp-content\/uploads\/2025\/08\/174.webp\" \/>\n\t<meta property=\"og:image:width\" content=\"700\" \/>\n\t<meta property=\"og:image:height\" content=\"800\" \/>\n\t<meta property=\"og:image:type\" content=\"image\/webp\" \/>\n<meta name=\"twitter:card\" content=\"summary_large_image\" \/>\n<meta name=\"twitter:label1\" content=\"Est. reading time\" \/>\n\t<meta name=\"twitter:data1\" content=\"2 minutes\" \/>\n<script type=\"application\/ld+json\" class=\"yoast-schema-graph\">{\"@context\":\"https:\/\/schema.org\",\"@graph\":[{\"@type\":\"WebPage\",\"@id\":\"https:\/\/khalti-tamani.com\/produit\/nuisette-satin-longue\/\",\"url\":\"https:\/\/khalti-tamani.com\/produit\/nuisette-satin-longue\/\",\"name\":\"Nuisette de mariage satin jacquard longue \u00e9l\u00e9gante Alg\u00e9rie - Khalti Tamani\",\"isPartOf\":{\"@id\":\"https:\/\/khalti-tamani.com\/#website\"},\"primaryImageOfPage\":{\"@id\":\"https:\/\/khalti-tamani.com\/produit\/nuisette-satin-longue\/#primaryimage\"},\"image\":{\"@id\":\"https:\/\/khalti-tamani.com\/produit\/nuisette-satin-longue\/#primaryimage\"},\"thumbnailUrl\":\"https:\/\/khalti-tamani.com\/wp-content\/uploads\/2025\/08\/174.webp\",\"datePublished\":\"2025-08-23T11:59:46+00:00\",\"dateModified\":\"2025-11-16T10:24:04+00:00\",\"description\":\"Nuisette de mariage satin jacquard longue en Alg\u00e9rie. \u00c9l\u00e9gante et raffin\u00e9e, id\u00e9ale pour \u062c\u0647\u0627\u0632 \u0627\u0644\u0639\u0631\u0648\u0633\u0629 et \u062a\u0635\u062f\u064a\u0631\u0629 \u0627\u0644\u0639\u0631\u0648\u0633 avec livraison rapide.\",\"breadcrumb\":{\"@id\":\"https:\/\/khalti-tamani.com\/produit\/nuisette-satin-longue\/#breadcrumb\"},\"inLanguage\":\"dz\",\"potentialAction\":[{\"@type\":\"ReadAction\",\"target\":[\"https:\/\/khalti-tamani.com\/produit\/nuisette-satin-longue\/\"]}]},{\"@type\":\"ImageObject\",\"inLanguage\":\"dz\",\"@id\":\"https:\/\/khalti-tamani.com\/produit\/nuisette-satin-longue\/#primaryimage\",\"url\":\"https:\/\/khalti-tamani.com\/wp-content\/uploads\/2025\/08\/174.webp\",\"contentUrl\":\"https:\/\/khalti-tamani.com\/wp-content\/uploads\/2025\/08\/174.webp\",\"width\":700,\"height\":800},{\"@type\":\"BreadcrumbList\",\"@id\":\"https:\/\/khalti-tamani.com\/produit\/nuisette-satin-longue\/#breadcrumb\",\"itemListElement\":[{\"@type\":\"ListItem\",\"position\":1,\"name\":\"Home\",\"item\":\"https:\/\/khalti-tamani.com\/\"},{\"@type\":\"ListItem\",\"position\":2,\"name\":\"Boutique\",\"item\":\"https:\/\/khalti-tamani.com\/dz\/boutique\/\"},{\"@type\":\"ListItem\",\"position\":3,\"name\":\"Nuisette de mariage satin jacquard longue \u00e9l\u00e9gante Alg\u00e9rie\"}]},{\"@type\":\"WebSite\",\"@id\":\"https:\/\/khalti-tamani.com\/#website\",\"url\":\"https:\/\/khalti-tamani.com\/\",\"name\":\"Khalti Tamani\",\"description\":\"\u0627\u0644\u0639\u0631\u0648\u0633\u0629 \u0645\u0627 \u062a\u0632\u064a\u062f\u0634 \u062a\u0639\u0627\u0646\u064a\",\"publisher\":{\"@id\":\"https:\/\/khalti-tamani.com\/#organization\"},\"potentialAction\":[{\"@type\":\"SearchAction\",\"target\":{\"@type\":\"EntryPoint\",\"urlTemplate\":\"https:\/\/khalti-tamani.com\/?s={search_term_string}\"},\"query-input\":{\"@type\":\"PropertyValueSpecification\",\"valueRequired\":true,\"valueName\":\"search_term_string\"}}],\"inLanguage\":\"dz\"},{\"@type\":\"Organization\",\"@id\":\"https:\/\/khalti-tamani.com\/#organization\",\"name\":\"Khalti Tamani\",\"url\":\"https:\/\/khalti-tamani.com\/\",\"logo\":{\"@type\":\"ImageObject\",\"inLanguage\":\"dz\",\"@id\":\"https:\/\/khalti-tamani.com\/#\/schema\/logo\/image\/\",\"url\":\"https:\/\/khalti-tamani.com\/wp-content\/uploads\/2025\/09\/Design-sans-titre-4.webp\",\"contentUrl\":\"https:\/\/khalti-tamani.com\/wp-content\/uploads\/2025\/09\/Design-sans-titre-4.webp\",\"width\":512,\"height\":512,\"caption\":\"Khalti Tamani\"},\"image\":{\"@id\":\"https:\/\/khalti-tamani.com\/#\/schema\/logo\/image\/\"},\"sameAs\":[\"https:\/\/facebook.com\/khaltitamani25\",\"https:\/\/www.instagram.com\/khalti_tamani\",\"https:\/\/www.tiktok.com\/@khalti.tamani\",\"https:\/\/fr.pinterest.com\/khalti_tamani\",\"https:\/\/t.me\/khalti_tamani\"]}]}<\/script>\n<!-- \/ Yoast SEO Premium plugin. -->","yoast_head_json":{"title":"Nuisette de mariage satin jacquard longue \u00e9l\u00e9gante Alg\u00e9rie - Khalti Tamani","description":"Nuisette de mariage satin jacquard longue en Alg\u00e9rie. \u00c9l\u00e9gante et raffin\u00e9e, id\u00e9ale pour \u062c\u0647\u0627\u0632 \u0627\u0644\u0639\u0631\u0648\u0633\u0629 et \u062a\u0635\u062f\u064a\u0631\u0629 \u0627\u0644\u0639\u0631\u0648\u0633 avec livraison rapide.","robots":{"index":"index","follow":"follow","max-snippet":"max-snippet:-1","max-image-preview":"max-image-preview:large","max-video-preview":"max-video-preview:-1"},"canonical":"https:\/\/khalti-tamani.com\/dz\/product\/nuisette-satin-longue\/","og_locale":"en_US","og_type":"article","og_title":"Nuisette de mariage satin jacquard longue \u00e9l\u00e9gante Alg\u00e9rie","og_description":"Nuisette de mariage satin jacquard longue en Alg\u00e9rie. \u00c9l\u00e9gante et raffin\u00e9e, id\u00e9ale pour \u062c\u0647\u0627\u0632 \u0627\u0644\u0639\u0631\u0648\u0633\u0629 et \u062a\u0635\u062f\u064a\u0631\u0629 \u0627\u0644\u0639\u0631\u0648\u0633 avec livraison rapide.","og_url":"https:\/\/khalti-tamani.com\/dz\/product\/nuisette-satin-longue\/","og_site_name":"Khalti Tamani","article_publisher":"https:\/\/facebook.com\/khaltitamani25","article_modified_time":"2025-11-16T10:24:04+00:00","og_image":[{"width":700,"height":800,"url":"https:\/\/khalti-tamani.com\/wp-content\/uploads\/2025\/08\/174.webp","type":"image\/webp"}],"twitter_card":"summary_large_image","twitter_misc":{"Est. reading time":"2 minutes"},"schema":{"@context":"https:\/\/schema.org","@graph":[{"@type":"WebPage","@id":"https:\/\/khalti-tamani.com\/produit\/nuisette-satin-longue\/","url":"https:\/\/khalti-tamani.com\/produit\/nuisette-satin-longue\/","name":"Nuisette de mariage satin jacquard longue \u00e9l\u00e9gante Alg\u00e9rie - Khalti Tamani","isPartOf":{"@id":"https:\/\/khalti-tamani.com\/#website"},"primaryImageOfPage":{"@id":"https:\/\/khalti-tamani.com\/produit\/nuisette-satin-longue\/#primaryimage"},"image":{"@id":"https:\/\/khalti-tamani.com\/produit\/nuisette-satin-longue\/#primaryimage"},"thumbnailUrl":"https:\/\/khalti-tamani.com\/wp-content\/uploads\/2025\/08\/174.webp","datePublished":"2025-08-23T11:59:46+00:00","dateModified":"2025-11-16T10:24:04+00:00","description":"Nuisette de mariage satin jacquard longue en Alg\u00e9rie. \u00c9l\u00e9gante et raffin\u00e9e, id\u00e9ale pour \u062c\u0647\u0627\u0632 \u0627\u0644\u0639\u0631\u0648\u0633\u0629 et \u062a\u0635\u062f\u064a\u0631\u0629 \u0627\u0644\u0639\u0631\u0648\u0633 avec livraison rapide.","breadcrumb":{"@id":"https:\/\/khalti-tamani.com\/produit\/nuisette-satin-longue\/#breadcrumb"},"inLanguage":"dz","potentialAction":[{"@type":"ReadAction","target":["https:\/\/khalti-tamani.com\/produit\/nuisette-satin-longue\/"]}]},{"@type":"ImageObject","inLanguage":"dz","@id":"https:\/\/khalti-tamani.com\/produit\/nuisette-satin-longue\/#primaryimage","url":"https:\/\/khalti-tamani.com\/wp-content\/uploads\/2025\/08\/174.webp","contentUrl":"https:\/\/khalti-tamani.com\/wp-content\/uploads\/2025\/08\/174.webp","width":700,"height":800},{"@type":"BreadcrumbList","@id":"https:\/\/khalti-tamani.com\/produit\/nuisette-satin-longue\/#breadcrumb","itemListElement":[{"@type":"ListItem","position":1,"name":"Home","item":"https:\/\/khalti-tamani.com\/"},{"@type":"ListItem","position":2,"name":"Boutique","item":"https:\/\/khalti-tamani.com\/dz\/boutique\/"},{"@type":"ListItem","position":3,"name":"Nuisette de mariage satin jacquard longue \u00e9l\u00e9gante Alg\u00e9rie"}]},{"@type":"WebSite","@id":"https:\/\/khalti-tamani.com\/#website","url":"https:\/\/khalti-tamani.com\/","name":"Khalti Tamani","description":"\u0627\u0644\u0639\u0631\u0648\u0633\u0629 \u0645\u0627 \u062a\u0632\u064a\u062f\u0634 \u062a\u0639\u0627\u0646\u064a","publisher":{"@id":"https:\/\/khalti-tamani.com\/#organization"},"potentialAction":[{"@type":"SearchAction","target":{"@type":"EntryPoint","urlTemplate":"https:\/\/khalti-tamani.com\/?s={search_term_string}"},"query-input":{"@type":"PropertyValueSpecification","valueRequired":true,"valueName":"search_term_string"}}],"inLanguage":"dz"},{"@type":"Organization","@id":"https:\/\/khalti-tamani.com\/#organization","name":"Khalti Tamani","url":"https:\/\/khalti-tamani.com\/","logo":{"@type":"ImageObject","inLanguage":"dz","@id":"https:\/\/khalti-tamani.com\/#\/schema\/logo\/image\/","url":"https:\/\/khalti-tamani.com\/wp-content\/uploads\/2025\/09\/Design-sans-titre-4.webp","contentUrl":"https:\/\/khalti-tamani.com\/wp-content\/uploads\/2025\/09\/Design-sans-titre-4.webp","width":512,"height":512,"caption":"Khalti Tamani"},"image":{"@id":"https:\/\/khalti-tamani.com\/#\/schema\/logo\/image\/"},"sameAs":["https:\/\/facebook.com\/khaltitamani25","https:\/\/www.instagram.com\/khalti_tamani","https:\/\/www.tiktok.com\/@khalti.tamani","https:\/\/fr.pinterest.com\/khalti_tamani","https:\/\/t.me\/khalti_tamani"]}]}},"_links":{"self":[{"href":"https:\/\/khalti-tamani.com\/dz\/wp-json\/wp\/v2\/product\/2254","targetHints":{"allow":["GET"]}}],"collection":[{"href":"https:\/\/khalti-tamani.com\/dz\/wp-json\/wp\/v2\/product"}],"about":[{"href":"https:\/\/khalti-tamani.com\/dz\/wp-json\/wp\/v2\/types\/product"}],"replies":[{"embeddable":true,"href":"https:\/\/khalti-tamani.com\/dz\/wp-json\/wp\/v2\/comments?post=2254"}],"version-history":[{"count":3,"href":"https:\/\/khalti-tamani.com\/dz\/wp-json\/wp\/v2\/product\/2254\/revisions"}],"predecessor-version":[{"id":3849,"href":"https:\/\/khalti-tamani.com\/dz\/wp-json\/wp\/v2\/product\/2254\/revisions\/3849"}],"wp:featuredmedia":[{"embeddable":true,"href":"https:\/\/khalti-tamani.com\/dz\/wp-json\/wp\/v2\/media\/2257"}],"wp:attachment":[{"href":"https:\/\/khalti-tamani.com\/dz\/wp-json\/wp\/v2\/media?parent=2254"}],"wp:term":[{"taxonomy":"product_brand","embeddable":true,"href":"https:\/\/khalti-tamani.com\/dz\/wp-json\/wp\/v2\/product_brand?post=2254"},{"taxonomy":"product_cat","embeddable":true,"href":"https:\/\/khalti-tamani.com\/dz\/wp-json\/wp\/v2\/product_cat?post=2254"},{"taxonomy":"product_tag","embeddable":true,"href":"https:\/\/khalti-tamani.com\/dz\/wp-json\/wp\/v2\/product_tag?post=2254"}],"curies":[{"name":"wp","href":"https:\/\/api.w.org\/{rel}","templated":true}]}}