{"id":2272,"date":"2025-08-23T12:04:18","date_gmt":"2025-08-23T12:04:18","guid":{"rendered":"https:\/\/khalti-tamani.com\/?post_type=product&#038;p=2272"},"modified":"2025-11-16T10:27:23","modified_gmt":"2025-11-16T10:27:23","slug":"nuisette-satin-longue-2","status":"publish","type":"product","link":"https:\/\/khalti-tamani.com\/dz\/product\/nuisette-satin-longue-2\/","title":{"rendered":"Nuisette de mariage longue satin jacquard chic Alg\u00e9rie"},"content":{"rendered":"<p data-start=\"404\" data-end=\"705\">La <strong data-start=\"407\" data-end=\"457\">Nuisette de mariage longue satin jacquard chic<\/strong> habille la future mari\u00e9e avec \u00e9l\u00e9gance et raffinement. Cette pi\u00e8ce d\u00e9licate fait briller le <strong data-start=\"550\" data-end=\"566\">\u062c\u0647\u0627\u0632 \u0627\u0644\u0639\u0631\u0648\u0633\u0629<\/strong> et apporte glamour au <strong data-start=\"589\" data-end=\"615\">Trousseau de la mari\u00e9e<\/strong>. Gr\u00e2ce \u00e0 sa mati\u00e8re satin jacquard fluide et l\u00e9g\u00e8re, elle combine confort et s\u00e9duction.<\/p>\n<hr data-start=\"707\" data-end=\"710\" \/>\n<h3 data-start=\"712\" data-end=\"758\">\u2728 Caract\u00e9ristiques de la nuisette mari\u00e9e<\/h3>\n<ul data-start=\"759\" data-end=\"1000\">\n<li data-start=\"759\" data-end=\"804\">\n<p data-start=\"761\" data-end=\"804\">Mati\u00e8re : satin jacquard doux et lumineux<\/p>\n<\/li>\n<li data-start=\"805\" data-end=\"849\">\n<p data-start=\"807\" data-end=\"849\">Style : longue et raffin\u00e9e, coupe fluide<\/p>\n<\/li>\n<li data-start=\"850\" data-end=\"912\">\n<p data-start=\"852\" data-end=\"912\">Couleur : disponible en noir, blanc et autres teintes chic<\/p>\n<\/li>\n<li data-start=\"913\" data-end=\"1000\">\n<p data-start=\"915\" data-end=\"1000\">Occasion : id\u00e9ale pour la <strong data-start=\"941\" data-end=\"958\">\u062a\u0635\u062f\u064a\u0631\u0629 \u0627\u0644\u0639\u0631\u0648\u0633<\/strong>, cadeaux romantiques et soir\u00e9es intimes<\/p>\n<\/li>\n<\/ul>\n<hr data-start=\"1002\" data-end=\"1005\" \/>\n<h3 data-start=\"1007\" data-end=\"1035\">\ud83d\udc8e \u00c9l\u00e9gance et confort<\/h3>\n<p data-start=\"1036\" data-end=\"1361\">Le satin jacquard glisse sur la peau avec une douceur incomparable. De plus, sa brillance naturelle met en valeur la silhouette de la mari\u00e9e. Ainsi, cette <strong data-start=\"1191\" data-end=\"1214\">Nuisette de mariage<\/strong> enrichit le <strong data-start=\"1227\" data-end=\"1244\">\u0644\u0627\u0646\u062c\u0631\u064a \u0644\u0644\u0639\u0631\u0648\u0633<\/strong> et devient une pi\u00e8ce essentielle. En effet, elle apporte une touche d\u2019\u00e9l\u00e9gance intemporelle qui reste inoubliable.<\/p>\n<hr data-start=\"1363\" data-end=\"1366\" \/>\n<h3 data-start=\"1368\" data-end=\"1398\">\ud83c\udf81 Id\u00e9ale pour la mari\u00e9e<\/h3>\n<p data-start=\"1399\" data-end=\"1703\">La mari\u00e9e choisit cette nuisette pour la <strong data-start=\"1440\" data-end=\"1455\">\u0644\u064a\u0644\u0629 \u0627\u0644\u062f\u062e\u0644\u0629<\/strong> ou comme \u00e9l\u00e9ment cl\u00e9 de son <strong data-start=\"1484\" data-end=\"1508\">Ensemble de lingerie<\/strong>. Par ailleurs, elle constitue un cadeau raffin\u00e9, capable de surprendre et s\u00e9duire. En int\u00e9grant cette pi\u00e8ce au <strong data-start=\"1620\" data-end=\"1636\">\u062c\u0647\u0627\u0632 \u0627\u0644\u0639\u0631\u0648\u0633\u0629<\/strong>, chaque moment prend une dimension plus romantique et plus chic.<\/p>\n<hr data-start=\"1705\" data-end=\"1708\" \/>\n<h3 data-start=\"1710\" data-end=\"1754\">\ud83d\ude9a Livraison rapide partout en Alg\u00e9rie<\/h3>\n<p data-start=\"1755\" data-end=\"1942\">Nous livrons dans toutes les wilayas et proposons le <strong data-start=\"1808\" data-end=\"1835\">paiement \u00e0 la livraison<\/strong>. Commandez d\u00e8s aujourd\u2019hui et recevez votre nuisette satin jacquard directement chez vous, sans attente.<\/p>\n<p data-start=\"1944\" data-end=\"2030\">\ud83d\udc49 <strong data-start=\"1947\" data-end=\"2028\">Commandez maintenant \u2014 Livraison partout en Alg\u00e9rie \u2014 Paiement \u00e0 la livraison<\/strong><\/p>\n<hr data-start=\"2032\" data-end=\"2035\" \/>\n<h3 data-start=\"2037\" data-end=\"2088\">\ud83d\udd17 Produits autres qui pourraient vous plaire<\/h3>\n<ul data-start=\"2089\" data-end=\"2360\">\n<li data-start=\"2089\" data-end=\"2176\">\n<p data-start=\"2091\" data-end=\"2176\"><a class=\"decorated-link\" href=\"https:\/\/khalti-tamani.com\/dz\/product-category\/nuisette\/\" target=\"_new\" rel=\"noopener\" data-start=\"2091\" data-end=\"2174\">Nuisette dentelle \u00e9l\u00e9gante<\/a><\/p>\n<\/li>\n<li data-start=\"2177\" data-end=\"2256\">\n<p data-start=\"2179\" data-end=\"2256\"><a class=\"decorated-link\" href=\"https:\/\/khalti-tamani.com\/dz\/product\/ensemble-bride\/\" target=\"_new\" rel=\"noopener\" data-start=\"2179\" data-end=\"2254\">Ensemble bride raffin\u00e9<\/a><\/p>\n<\/li>\n<li data-start=\"2257\" data-end=\"2360\">\n<p data-start=\"2259\" data-end=\"2360\"><a class=\"decorated-link\" href=\"https:\/\/khalti-tamani.com\/dz\/product\/pyjama-3-pieces-mariee-algerie\/\" target=\"_new\" rel=\"noopener\" data-start=\"2259\" data-end=\"2358\">Pyjama 3 pi\u00e8ces mari\u00e9e Alg\u00e9rie<\/a><\/p>\n<\/li>\n<\/ul>","protected":false},"excerpt":{"rendered":"<p>La Nuisette de mariage longue satin jacquard chic habille la future mari\u00e9e avec \u00e9l\u00e9gance et raffinement. Cette pi\u00e8ce d\u00e9licate fait<\/p>","protected":false},"featured_media":2281,"comment_status":"open","ping_status":"closed","template":"","meta":[],"product_brand":[126],"product_cat":[21],"product_tag":[578,549,575,577,555,542,557],"class_list":{"0":"post-2272","1":"product","2":"type-product","3":"status-publish","4":"has-post-thumbnail","6":"product_brand-golden-line","7":"product_cat-nuisette","8":"product_tag-ensemble-nuisette-elegante","9":"product_tag-lingerie-satin-algerie","10":"product_tag-nuisette-de-mariage-chic","11":"product_tag-nuisette-longue-satin-jacquard","12":"product_tag---darija","13":"product_tag---satin","14":"product_tag---algerie","16":"first","17":"outofstock","18":"shipping-taxable","19":"purchasable","20":"product-type-variable","21":"has-default-attributes"},"yoast_head":"<!-- This site is optimized with the Yoast SEO Premium plugin v25.7.1 (Yoast SEO v25.7) - https:\/\/yoast.com\/wordpress\/plugins\/seo\/ -->\n<title>Nuisette de mariage longue satin jacquard chic Alg\u00e9rie - Khalti Tamani<\/title>\n<meta name=\"description\" content=\"Nuisette de mariage longue satin jacquard chic en Alg\u00e9rie. Parfaite pour \u062c\u0647\u0627\u0632 \u0627\u0644\u0639\u0631\u0648\u0633\u0629 et \u062a\u0635\u062f\u064a\u0631\u0629 \u0627\u0644\u0639\u0631\u0648\u0633 avec livraison rapide et paiement \u00e0 la livraison.\" \/>\n<meta name=\"robots\" content=\"index, follow, max-snippet:-1, max-image-preview:large, max-video-preview:-1\" \/>\n<link rel=\"canonical\" href=\"https:\/\/khalti-tamani.com\/dz\/product\/nuisette-satin-longue-2\/\" \/>\n<meta property=\"og:locale\" content=\"en_US\" \/>\n<meta property=\"og:type\" content=\"article\" \/>\n<meta property=\"og:title\" content=\"Nuisette de mariage longue satin jacquard chic Alg\u00e9rie\" \/>\n<meta property=\"og:description\" content=\"Nuisette de mariage longue satin jacquard chic en Alg\u00e9rie. Parfaite pour \u062c\u0647\u0627\u0632 \u0627\u0644\u0639\u0631\u0648\u0633\u0629 et \u062a\u0635\u062f\u064a\u0631\u0629 \u0627\u0644\u0639\u0631\u0648\u0633 avec livraison rapide et paiement \u00e0 la livraison.\" \/>\n<meta property=\"og:url\" content=\"https:\/\/khalti-tamani.com\/dz\/product\/nuisette-satin-longue-2\/\" \/>\n<meta property=\"og:site_name\" content=\"Khalti Tamani\" \/>\n<meta property=\"article:publisher\" content=\"https:\/\/facebook.com\/khaltitamani25\" \/>\n<meta property=\"article:modified_time\" content=\"2025-11-16T10:27:23+00:00\" \/>\n<meta property=\"og:image\" content=\"https:\/\/khalti-tamani.com\/wp-content\/uploads\/2025\/08\/188.webp\" \/>\n\t<meta property=\"og:image:width\" content=\"700\" \/>\n\t<meta property=\"og:image:height\" content=\"800\" \/>\n\t<meta property=\"og:image:type\" content=\"image\/webp\" \/>\n<meta name=\"twitter:card\" content=\"summary_large_image\" \/>\n<meta name=\"twitter:label1\" content=\"Est. reading time\" \/>\n\t<meta name=\"twitter:data1\" content=\"2 minutes\" \/>\n<script type=\"application\/ld+json\" class=\"yoast-schema-graph\">{\"@context\":\"https:\/\/schema.org\",\"@graph\":[{\"@type\":\"WebPage\",\"@id\":\"https:\/\/khalti-tamani.com\/produit\/nuisette-satin-longue-2\/\",\"url\":\"https:\/\/khalti-tamani.com\/produit\/nuisette-satin-longue-2\/\",\"name\":\"Nuisette de mariage longue satin jacquard chic Alg\u00e9rie - Khalti Tamani\",\"isPartOf\":{\"@id\":\"https:\/\/khalti-tamani.com\/#website\"},\"primaryImageOfPage\":{\"@id\":\"https:\/\/khalti-tamani.com\/produit\/nuisette-satin-longue-2\/#primaryimage\"},\"image\":{\"@id\":\"https:\/\/khalti-tamani.com\/produit\/nuisette-satin-longue-2\/#primaryimage\"},\"thumbnailUrl\":\"https:\/\/khalti-tamani.com\/wp-content\/uploads\/2025\/08\/188.webp\",\"datePublished\":\"2025-08-23T12:04:18+00:00\",\"dateModified\":\"2025-11-16T10:27:23+00:00\",\"description\":\"Nuisette de mariage longue satin jacquard chic en Alg\u00e9rie. Parfaite pour \u062c\u0647\u0627\u0632 \u0627\u0644\u0639\u0631\u0648\u0633\u0629 et \u062a\u0635\u062f\u064a\u0631\u0629 \u0627\u0644\u0639\u0631\u0648\u0633 avec livraison rapide et paiement \u00e0 la livraison.\",\"breadcrumb\":{\"@id\":\"https:\/\/khalti-tamani.com\/produit\/nuisette-satin-longue-2\/#breadcrumb\"},\"inLanguage\":\"dz\",\"potentialAction\":[{\"@type\":\"ReadAction\",\"target\":[\"https:\/\/khalti-tamani.com\/produit\/nuisette-satin-longue-2\/\"]}]},{\"@type\":\"ImageObject\",\"inLanguage\":\"dz\",\"@id\":\"https:\/\/khalti-tamani.com\/produit\/nuisette-satin-longue-2\/#primaryimage\",\"url\":\"https:\/\/khalti-tamani.com\/wp-content\/uploads\/2025\/08\/188.webp\",\"contentUrl\":\"https:\/\/khalti-tamani.com\/wp-content\/uploads\/2025\/08\/188.webp\",\"width\":700,\"height\":800},{\"@type\":\"BreadcrumbList\",\"@id\":\"https:\/\/khalti-tamani.com\/produit\/nuisette-satin-longue-2\/#breadcrumb\",\"itemListElement\":[{\"@type\":\"ListItem\",\"position\":1,\"name\":\"Home\",\"item\":\"https:\/\/khalti-tamani.com\/\"},{\"@type\":\"ListItem\",\"position\":2,\"name\":\"Boutique\",\"item\":\"https:\/\/khalti-tamani.com\/dz\/boutique\/\"},{\"@type\":\"ListItem\",\"position\":3,\"name\":\"Nuisette de mariage longue satin jacquard chic Alg\u00e9rie\"}]},{\"@type\":\"WebSite\",\"@id\":\"https:\/\/khalti-tamani.com\/#website\",\"url\":\"https:\/\/khalti-tamani.com\/\",\"name\":\"Khalti Tamani\",\"description\":\"\u0627\u0644\u0639\u0631\u0648\u0633\u0629 \u0645\u0627 \u062a\u0632\u064a\u062f\u0634 \u062a\u0639\u0627\u0646\u064a\",\"publisher\":{\"@id\":\"https:\/\/khalti-tamani.com\/#organization\"},\"potentialAction\":[{\"@type\":\"SearchAction\",\"target\":{\"@type\":\"EntryPoint\",\"urlTemplate\":\"https:\/\/khalti-tamani.com\/?s={search_term_string}\"},\"query-input\":{\"@type\":\"PropertyValueSpecification\",\"valueRequired\":true,\"valueName\":\"search_term_string\"}}],\"inLanguage\":\"dz\"},{\"@type\":\"Organization\",\"@id\":\"https:\/\/khalti-tamani.com\/#organization\",\"name\":\"Khalti Tamani\",\"url\":\"https:\/\/khalti-tamani.com\/\",\"logo\":{\"@type\":\"ImageObject\",\"inLanguage\":\"dz\",\"@id\":\"https:\/\/khalti-tamani.com\/#\/schema\/logo\/image\/\",\"url\":\"https:\/\/khalti-tamani.com\/wp-content\/uploads\/2025\/09\/Design-sans-titre-4.webp\",\"contentUrl\":\"https:\/\/khalti-tamani.com\/wp-content\/uploads\/2025\/09\/Design-sans-titre-4.webp\",\"width\":512,\"height\":512,\"caption\":\"Khalti Tamani\"},\"image\":{\"@id\":\"https:\/\/khalti-tamani.com\/#\/schema\/logo\/image\/\"},\"sameAs\":[\"https:\/\/facebook.com\/khaltitamani25\",\"https:\/\/www.instagram.com\/khalti_tamani\",\"https:\/\/www.tiktok.com\/@khalti.tamani\",\"https:\/\/fr.pinterest.com\/khalti_tamani\",\"https:\/\/t.me\/khalti_tamani\"]}]}<\/script>\n<!-- \/ Yoast SEO Premium plugin. -->","yoast_head_json":{"title":"Nuisette de mariage longue satin jacquard chic Alg\u00e9rie - Khalti Tamani","description":"Nuisette de mariage longue satin jacquard chic en Alg\u00e9rie. Parfaite pour \u062c\u0647\u0627\u0632 \u0627\u0644\u0639\u0631\u0648\u0633\u0629 et \u062a\u0635\u062f\u064a\u0631\u0629 \u0627\u0644\u0639\u0631\u0648\u0633 avec livraison rapide et paiement \u00e0 la livraison.","robots":{"index":"index","follow":"follow","max-snippet":"max-snippet:-1","max-image-preview":"max-image-preview:large","max-video-preview":"max-video-preview:-1"},"canonical":"https:\/\/khalti-tamani.com\/dz\/product\/nuisette-satin-longue-2\/","og_locale":"en_US","og_type":"article","og_title":"Nuisette de mariage longue satin jacquard chic Alg\u00e9rie","og_description":"Nuisette de mariage longue satin jacquard chic en Alg\u00e9rie. Parfaite pour \u062c\u0647\u0627\u0632 \u0627\u0644\u0639\u0631\u0648\u0633\u0629 et \u062a\u0635\u062f\u064a\u0631\u0629 \u0627\u0644\u0639\u0631\u0648\u0633 avec livraison rapide et paiement \u00e0 la livraison.","og_url":"https:\/\/khalti-tamani.com\/dz\/product\/nuisette-satin-longue-2\/","og_site_name":"Khalti Tamani","article_publisher":"https:\/\/facebook.com\/khaltitamani25","article_modified_time":"2025-11-16T10:27:23+00:00","og_image":[{"width":700,"height":800,"url":"https:\/\/khalti-tamani.com\/wp-content\/uploads\/2025\/08\/188.webp","type":"image\/webp"}],"twitter_card":"summary_large_image","twitter_misc":{"Est. reading time":"2 minutes"},"schema":{"@context":"https:\/\/schema.org","@graph":[{"@type":"WebPage","@id":"https:\/\/khalti-tamani.com\/produit\/nuisette-satin-longue-2\/","url":"https:\/\/khalti-tamani.com\/produit\/nuisette-satin-longue-2\/","name":"Nuisette de mariage longue satin jacquard chic Alg\u00e9rie - Khalti Tamani","isPartOf":{"@id":"https:\/\/khalti-tamani.com\/#website"},"primaryImageOfPage":{"@id":"https:\/\/khalti-tamani.com\/produit\/nuisette-satin-longue-2\/#primaryimage"},"image":{"@id":"https:\/\/khalti-tamani.com\/produit\/nuisette-satin-longue-2\/#primaryimage"},"thumbnailUrl":"https:\/\/khalti-tamani.com\/wp-content\/uploads\/2025\/08\/188.webp","datePublished":"2025-08-23T12:04:18+00:00","dateModified":"2025-11-16T10:27:23+00:00","description":"Nuisette de mariage longue satin jacquard chic en Alg\u00e9rie. Parfaite pour \u062c\u0647\u0627\u0632 \u0627\u0644\u0639\u0631\u0648\u0633\u0629 et \u062a\u0635\u062f\u064a\u0631\u0629 \u0627\u0644\u0639\u0631\u0648\u0633 avec livraison rapide et paiement \u00e0 la livraison.","breadcrumb":{"@id":"https:\/\/khalti-tamani.com\/produit\/nuisette-satin-longue-2\/#breadcrumb"},"inLanguage":"dz","potentialAction":[{"@type":"ReadAction","target":["https:\/\/khalti-tamani.com\/produit\/nuisette-satin-longue-2\/"]}]},{"@type":"ImageObject","inLanguage":"dz","@id":"https:\/\/khalti-tamani.com\/produit\/nuisette-satin-longue-2\/#primaryimage","url":"https:\/\/khalti-tamani.com\/wp-content\/uploads\/2025\/08\/188.webp","contentUrl":"https:\/\/khalti-tamani.com\/wp-content\/uploads\/2025\/08\/188.webp","width":700,"height":800},{"@type":"BreadcrumbList","@id":"https:\/\/khalti-tamani.com\/produit\/nuisette-satin-longue-2\/#breadcrumb","itemListElement":[{"@type":"ListItem","position":1,"name":"Home","item":"https:\/\/khalti-tamani.com\/"},{"@type":"ListItem","position":2,"name":"Boutique","item":"https:\/\/khalti-tamani.com\/dz\/boutique\/"},{"@type":"ListItem","position":3,"name":"Nuisette de mariage longue satin jacquard chic Alg\u00e9rie"}]},{"@type":"WebSite","@id":"https:\/\/khalti-tamani.com\/#website","url":"https:\/\/khalti-tamani.com\/","name":"Khalti Tamani","description":"\u0627\u0644\u0639\u0631\u0648\u0633\u0629 \u0645\u0627 \u062a\u0632\u064a\u062f\u0634 \u062a\u0639\u0627\u0646\u064a","publisher":{"@id":"https:\/\/khalti-tamani.com\/#organization"},"potentialAction":[{"@type":"SearchAction","target":{"@type":"EntryPoint","urlTemplate":"https:\/\/khalti-tamani.com\/?s={search_term_string}"},"query-input":{"@type":"PropertyValueSpecification","valueRequired":true,"valueName":"search_term_string"}}],"inLanguage":"dz"},{"@type":"Organization","@id":"https:\/\/khalti-tamani.com\/#organization","name":"Khalti Tamani","url":"https:\/\/khalti-tamani.com\/","logo":{"@type":"ImageObject","inLanguage":"dz","@id":"https:\/\/khalti-tamani.com\/#\/schema\/logo\/image\/","url":"https:\/\/khalti-tamani.com\/wp-content\/uploads\/2025\/09\/Design-sans-titre-4.webp","contentUrl":"https:\/\/khalti-tamani.com\/wp-content\/uploads\/2025\/09\/Design-sans-titre-4.webp","width":512,"height":512,"caption":"Khalti Tamani"},"image":{"@id":"https:\/\/khalti-tamani.com\/#\/schema\/logo\/image\/"},"sameAs":["https:\/\/facebook.com\/khaltitamani25","https:\/\/www.instagram.com\/khalti_tamani","https:\/\/www.tiktok.com\/@khalti.tamani","https:\/\/fr.pinterest.com\/khalti_tamani","https:\/\/t.me\/khalti_tamani"]}]}},"_links":{"self":[{"href":"https:\/\/khalti-tamani.com\/dz\/wp-json\/wp\/v2\/product\/2272","targetHints":{"allow":["GET"]}}],"collection":[{"href":"https:\/\/khalti-tamani.com\/dz\/wp-json\/wp\/v2\/product"}],"about":[{"href":"https:\/\/khalti-tamani.com\/dz\/wp-json\/wp\/v2\/types\/product"}],"replies":[{"embeddable":true,"href":"https:\/\/khalti-tamani.com\/dz\/wp-json\/wp\/v2\/comments?post=2272"}],"version-history":[{"count":3,"href":"https:\/\/khalti-tamani.com\/dz\/wp-json\/wp\/v2\/product\/2272\/revisions"}],"predecessor-version":[{"id":3851,"href":"https:\/\/khalti-tamani.com\/dz\/wp-json\/wp\/v2\/product\/2272\/revisions\/3851"}],"wp:featuredmedia":[{"embeddable":true,"href":"https:\/\/khalti-tamani.com\/dz\/wp-json\/wp\/v2\/media\/2281"}],"wp:attachment":[{"href":"https:\/\/khalti-tamani.com\/dz\/wp-json\/wp\/v2\/media?parent=2272"}],"wp:term":[{"taxonomy":"product_brand","embeddable":true,"href":"https:\/\/khalti-tamani.com\/dz\/wp-json\/wp\/v2\/product_brand?post=2272"},{"taxonomy":"product_cat","embeddable":true,"href":"https:\/\/khalti-tamani.com\/dz\/wp-json\/wp\/v2\/product_cat?post=2272"},{"taxonomy":"product_tag","embeddable":true,"href":"https:\/\/khalti-tamani.com\/dz\/wp-json\/wp\/v2\/product_tag?post=2272"}],"curies":[{"name":"wp","href":"https:\/\/api.w.org\/{rel}","templated":true}]}}