{"id":2391,"date":"2025-08-24T13:16:22","date_gmt":"2025-08-24T13:16:22","guid":{"rendered":"https:\/\/khalti-tamani.com\/?post_type=product&#038;p=2391"},"modified":"2025-09-22T16:39:52","modified_gmt":"2025-09-22T16:39:52","slug":"gaine-invisible-formeasy-1700","status":"publish","type":"product","link":"https:\/\/khalti-tamani.com\/dz\/product\/gaine-invisible-formeasy-1700\/","title":{"rendered":"Gaine invisible Formeasy 1700 sp\u00e9cial mariage Alg\u00e9rie \u2013 ventre plat"},"content":{"rendered":"<p data-start=\"470\" data-end=\"807\">La <strong data-start=\"507\" data-end=\"535\">Gaine invisible Formeasy<\/strong> est con\u00e7ue pour les mari\u00e9es exigeantes en Alg\u00e9rie. Elle offre un maintien \u00e9l\u00e9gant et discret sous toutes vos robes de mariage. Gr\u00e2ce \u00e0 son effet <strong data-start=\"681\" data-end=\"696\">ventre plat<\/strong>, elle sublime votre silhouette d\u00e8s la premi\u00e8re utilisation, pour la <strong data-start=\"765\" data-end=\"782\">\u062a\u0635\u062f\u064a\u0631\u0629 \u0627\u0644\u0639\u0631\u0648\u0633<\/strong> ou la <strong data-start=\"789\" data-end=\"804\">\u0644\u064a\u0644\u0629 \u0627\u0644\u062f\u062e\u0644\u0629<\/strong>.<\/p>\n<p data-start=\"809\" data-end=\"845\">\u2728 <strong data-start=\"811\" data-end=\"843\">Caract\u00e9ristiques principales<\/strong><\/p>\n<ul data-start=\"846\" data-end=\"1151\">\n<li data-start=\"846\" data-end=\"914\">\n<p data-start=\"848\" data-end=\"914\">\ud83d\udd39 Design <strong data-start=\"858\" data-end=\"884\">ultra-fin et invisible<\/strong>, id\u00e9al sous la robe blanche<\/p>\n<\/li>\n<li data-start=\"915\" data-end=\"982\">\n<p data-start=\"917\" data-end=\"982\">\ud83d\udd39 Effet sculptant imm\u00e9diat : <strong data-start=\"947\" data-end=\"962\">ventre plat<\/strong> et taille affin\u00e9e<\/p>\n<\/li>\n<li data-start=\"983\" data-end=\"1037\">\n<p data-start=\"985\" data-end=\"1037\">\ud83d\udd39 Coupe adapt\u00e9e aux longues c\u00e9r\u00e9monies de mariage<\/p>\n<\/li>\n<li data-start=\"1038\" data-end=\"1093\">\n<p data-start=\"1040\" data-end=\"1093\">\ud83d\udd39 Mati\u00e8re douce et respirante, sign\u00e9e <strong data-start=\"1079\" data-end=\"1091\">Formeasy<\/strong><\/p>\n<\/li>\n<li data-start=\"1094\" data-end=\"1151\">\n<p data-start=\"1096\" data-end=\"1151\">\ud83d\udd39 Confort optimal du matin jusqu\u2019\u00e0 la fin de la f\u00eate<\/p>\n<\/li>\n<\/ul>\n<p data-start=\"1153\" data-end=\"1442\">\u2728 <strong data-start=\"1155\" data-end=\"1176\">Mati\u00e8re &amp; Qualit\u00e9<\/strong><br data-start=\"1176\" data-end=\"1179\" \/>Cette <strong data-start=\"1185\" data-end=\"1213\">Gaine invisible Formeasy<\/strong> est fabriqu\u00e9e avec une combinaison de fibres extensibles et respirantes, offrant une sensation de seconde peau. La qualit\u00e9 de finition garantit une durabilit\u00e9 exceptionnelle, parfaite pour int\u00e9grer dans votre <strong data-start=\"1423\" data-end=\"1439\">\u062c\u0647\u0627\u0632 \u0627\u0644\u0639\u0631\u0648\u0633\u0629<\/strong>.<\/p>\n<p data-start=\"1444\" data-end=\"1725\">\u2728 <strong data-start=\"1446\" data-end=\"1473\">Utilisation &amp; Occasions<\/strong><br data-start=\"1473\" data-end=\"1476\" \/>Que vous la portiez sous une robe de soir\u00e9e, une <strong data-start=\"1525\" data-end=\"1548\">Nuisette de mariage<\/strong> ou un <strong data-start=\"1555\" data-end=\"1579\">Ensemble de lingerie<\/strong>, cette <strong data-start=\"1587\" data-end=\"1608\">Gaine ventre plat<\/strong> vous assure \u00e9l\u00e9gance et confort. C\u2019est \u00e9galement un choix pratique et raffin\u00e9 comme cadeau pour une future mari\u00e9e.<\/p>\n<p data-start=\"1727\" data-end=\"1899\">\u2728 <strong data-start=\"1729\" data-end=\"1753\">Livraison &amp; Paiement<\/strong><br data-start=\"1753\" data-end=\"1756\" \/>Disponible partout en Alg\u00e9rie. \ud83d\ude9a Livraison rapide dans toutes les wilayas + <strong data-start=\"1833\" data-end=\"1860\">paiement \u00e0 la livraison<\/strong> pour une exp\u00e9rience d\u2019achat sereine.<\/p>\n<p data-start=\"1901\" data-end=\"1987\">\ud83d\udc49 <strong data-start=\"1904\" data-end=\"1985\">Commandez maintenant \u2014 Livraison partout en Alg\u00e9rie \u2014 Paiement \u00e0 la livraison<\/strong><\/p>\n<hr data-start=\"1989\" data-end=\"1992\" \/>\n<h3 data-start=\"1994\" data-end=\"2045\">\ud83d\udd17 Produits autres qui pourraient vous plaire<\/h3>\n<ul data-start=\"2046\" data-end=\"2313\">\n<li data-start=\"2046\" data-end=\"2132\">\n<p data-start=\"2048\" data-end=\"2132\"><a class=\"decorated-link\" href=\"https:\/\/khalti-tamani.com\/dz\/product-category\/gaine-femme\/\" target=\"_new\" rel=\"noopener\" data-start=\"2048\" data-end=\"2130\">Gaine femme sculptante<\/a><\/p>\n<\/li>\n<li data-start=\"2133\" data-end=\"2222\">\n<p data-start=\"2135\" data-end=\"2222\"><a class=\"decorated-link\" href=\"https:\/\/khalti-tamani.com\/dz\/product-category\/ensemble\/\" target=\"_new\" rel=\"noopener\" data-start=\"2135\" data-end=\"2220\">Ensemble de lingerie raffin\u00e9<\/a><\/p>\n<\/li>\n<li data-start=\"2223\" data-end=\"2313\">\n<p data-start=\"2225\" data-end=\"2313\"><a class=\"decorated-link\" href=\"https:\/\/khalti-tamani.com\/dz\/product-category\/deshabille\/\" target=\"_new\" rel=\"noopener\" data-start=\"2225\" data-end=\"2311\">Deshabill\u00e9 chic pour \u0627\u0644\u0639\u0631\u0648\u0633<\/a><\/p>\n<\/li>\n<\/ul>","protected":false},"excerpt":{"rendered":"<p>La Gaine invisible Formeasy est con\u00e7ue pour les mari\u00e9es exigeantes en Alg\u00e9rie. Elle offre un maintien \u00e9l\u00e9gant et discret sous<\/p>","protected":false},"featured_media":2357,"comment_status":"open","ping_status":"closed","template":"","meta":[],"product_brand":[123],"product_cat":[24],"product_tag":[608,595,612,609,611,320,610],"class_list":{"0":"post-2391","1":"product","2":"type-product","3":"status-publish","4":"has-post-thumbnail","6":"product_brand-formeasy","7":"product_cat-gaine-femme","8":"product_tag-gaine-invisible-formeasy-algerie","9":"product_tag-gaine-invisible-mariage","10":"product_tag-gaine-sculptante-formeasy","11":"product_tag-gaine-ventre-plat-mariee","12":"product_tag-lingerie-","13":"product_tag-320","14":"product_tag-610","16":"first","17":"outofstock","18":"shipping-taxable","19":"purchasable","20":"product-type-variable","21":"has-default-attributes"},"yoast_head":"<!-- This site is optimized with the Yoast SEO Premium plugin v25.7.1 (Yoast SEO v25.7) - https:\/\/yoast.com\/wordpress\/plugins\/seo\/ -->\n<title>Gaine invisible Formeasy 1700 sp\u00e9cial mariage Alg\u00e9rie \u2013 ventre plat - Khalti Tamani<\/title>\n<meta name=\"description\" content=\"Gaine invisible Formeasy pour mari\u00e9e en Alg\u00e9rie. Effet ventre plat, confort durable et \u00e9l\u00e9gance sous vos tenues de mariage. Livraison rapide.\" \/>\n<meta name=\"robots\" content=\"index, follow, max-snippet:-1, max-image-preview:large, max-video-preview:-1\" \/>\n<link rel=\"canonical\" href=\"https:\/\/khalti-tamani.com\/dz\/product\/gaine-invisible-formeasy-1700\/\" \/>\n<meta property=\"og:locale\" content=\"en_US\" \/>\n<meta property=\"og:type\" content=\"article\" \/>\n<meta property=\"og:title\" content=\"Gaine invisible Formeasy 1700 sp\u00e9cial mariage Alg\u00e9rie \u2013 ventre plat\" \/>\n<meta property=\"og:description\" content=\"Gaine invisible Formeasy pour mari\u00e9e en Alg\u00e9rie. Effet ventre plat, confort durable et \u00e9l\u00e9gance sous vos tenues de mariage. Livraison rapide.\" \/>\n<meta property=\"og:url\" content=\"https:\/\/khalti-tamani.com\/dz\/product\/gaine-invisible-formeasy-1700\/\" \/>\n<meta property=\"og:site_name\" content=\"Khalti Tamani\" \/>\n<meta property=\"article:publisher\" content=\"https:\/\/facebook.com\/khaltitamani25\" \/>\n<meta property=\"article:modified_time\" content=\"2025-09-22T16:39:52+00:00\" \/>\n<meta property=\"og:image\" content=\"https:\/\/khalti-tamani.com\/wp-content\/uploads\/2025\/08\/209.webp\" \/>\n\t<meta property=\"og:image:width\" content=\"700\" \/>\n\t<meta property=\"og:image:height\" content=\"800\" \/>\n\t<meta property=\"og:image:type\" content=\"image\/webp\" \/>\n<meta name=\"twitter:card\" content=\"summary_large_image\" \/>\n<meta name=\"twitter:label1\" content=\"Est. reading time\" \/>\n\t<meta name=\"twitter:data1\" content=\"2 minutes\" \/>\n<script type=\"application\/ld+json\" class=\"yoast-schema-graph\">{\"@context\":\"https:\/\/schema.org\",\"@graph\":[{\"@type\":\"WebPage\",\"@id\":\"https:\/\/khalti-tamani.com\/produit\/gaine-invisible-formeasy-1700\/\",\"url\":\"https:\/\/khalti-tamani.com\/produit\/gaine-invisible-formeasy-1700\/\",\"name\":\"Gaine invisible Formeasy 1700 sp\u00e9cial mariage Alg\u00e9rie \u2013 ventre plat - Khalti Tamani\",\"isPartOf\":{\"@id\":\"https:\/\/khalti-tamani.com\/#website\"},\"primaryImageOfPage\":{\"@id\":\"https:\/\/khalti-tamani.com\/produit\/gaine-invisible-formeasy-1700\/#primaryimage\"},\"image\":{\"@id\":\"https:\/\/khalti-tamani.com\/produit\/gaine-invisible-formeasy-1700\/#primaryimage\"},\"thumbnailUrl\":\"https:\/\/khalti-tamani.com\/wp-content\/uploads\/2025\/08\/209.webp\",\"datePublished\":\"2025-08-24T13:16:22+00:00\",\"dateModified\":\"2025-09-22T16:39:52+00:00\",\"description\":\"Gaine invisible Formeasy pour mari\u00e9e en Alg\u00e9rie. Effet ventre plat, confort durable et \u00e9l\u00e9gance sous vos tenues de mariage. Livraison rapide.\",\"breadcrumb\":{\"@id\":\"https:\/\/khalti-tamani.com\/produit\/gaine-invisible-formeasy-1700\/#breadcrumb\"},\"inLanguage\":\"dz\",\"potentialAction\":[{\"@type\":\"ReadAction\",\"target\":[\"https:\/\/khalti-tamani.com\/produit\/gaine-invisible-formeasy-1700\/\"]}]},{\"@type\":\"ImageObject\",\"inLanguage\":\"dz\",\"@id\":\"https:\/\/khalti-tamani.com\/produit\/gaine-invisible-formeasy-1700\/#primaryimage\",\"url\":\"https:\/\/khalti-tamani.com\/wp-content\/uploads\/2025\/08\/209.webp\",\"contentUrl\":\"https:\/\/khalti-tamani.com\/wp-content\/uploads\/2025\/08\/209.webp\",\"width\":700,\"height\":800},{\"@type\":\"BreadcrumbList\",\"@id\":\"https:\/\/khalti-tamani.com\/produit\/gaine-invisible-formeasy-1700\/#breadcrumb\",\"itemListElement\":[{\"@type\":\"ListItem\",\"position\":1,\"name\":\"Home\",\"item\":\"https:\/\/khalti-tamani.com\/\"},{\"@type\":\"ListItem\",\"position\":2,\"name\":\"Boutique\",\"item\":\"https:\/\/khalti-tamani.com\/dz\/boutique\/\"},{\"@type\":\"ListItem\",\"position\":3,\"name\":\"Gaine invisible Formeasy 1700 sp\u00e9cial mariage Alg\u00e9rie \u2013 ventre plat\"}]},{\"@type\":\"WebSite\",\"@id\":\"https:\/\/khalti-tamani.com\/#website\",\"url\":\"https:\/\/khalti-tamani.com\/\",\"name\":\"Khalti Tamani\",\"description\":\"\u0627\u0644\u0639\u0631\u0648\u0633\u0629 \u0645\u0627 \u062a\u0632\u064a\u062f\u0634 \u062a\u0639\u0627\u0646\u064a\",\"publisher\":{\"@id\":\"https:\/\/khalti-tamani.com\/#organization\"},\"potentialAction\":[{\"@type\":\"SearchAction\",\"target\":{\"@type\":\"EntryPoint\",\"urlTemplate\":\"https:\/\/khalti-tamani.com\/?s={search_term_string}\"},\"query-input\":{\"@type\":\"PropertyValueSpecification\",\"valueRequired\":true,\"valueName\":\"search_term_string\"}}],\"inLanguage\":\"dz\"},{\"@type\":\"Organization\",\"@id\":\"https:\/\/khalti-tamani.com\/#organization\",\"name\":\"Khalti Tamani\",\"url\":\"https:\/\/khalti-tamani.com\/\",\"logo\":{\"@type\":\"ImageObject\",\"inLanguage\":\"dz\",\"@id\":\"https:\/\/khalti-tamani.com\/#\/schema\/logo\/image\/\",\"url\":\"https:\/\/khalti-tamani.com\/wp-content\/uploads\/2025\/09\/Design-sans-titre-4.webp\",\"contentUrl\":\"https:\/\/khalti-tamani.com\/wp-content\/uploads\/2025\/09\/Design-sans-titre-4.webp\",\"width\":512,\"height\":512,\"caption\":\"Khalti Tamani\"},\"image\":{\"@id\":\"https:\/\/khalti-tamani.com\/#\/schema\/logo\/image\/\"},\"sameAs\":[\"https:\/\/facebook.com\/khaltitamani25\",\"https:\/\/www.instagram.com\/khalti_tamani\",\"https:\/\/www.tiktok.com\/@khalti.tamani\",\"https:\/\/fr.pinterest.com\/khalti_tamani\",\"https:\/\/t.me\/khalti_tamani\"]}]}<\/script>\n<!-- \/ Yoast SEO Premium plugin. -->","yoast_head_json":{"title":"Gaine invisible Formeasy 1700 sp\u00e9cial mariage Alg\u00e9rie \u2013 ventre plat - Khalti Tamani","description":"Gaine invisible Formeasy pour mari\u00e9e en Alg\u00e9rie. Effet ventre plat, confort durable et \u00e9l\u00e9gance sous vos tenues de mariage. Livraison rapide.","robots":{"index":"index","follow":"follow","max-snippet":"max-snippet:-1","max-image-preview":"max-image-preview:large","max-video-preview":"max-video-preview:-1"},"canonical":"https:\/\/khalti-tamani.com\/dz\/product\/gaine-invisible-formeasy-1700\/","og_locale":"en_US","og_type":"article","og_title":"Gaine invisible Formeasy 1700 sp\u00e9cial mariage Alg\u00e9rie \u2013 ventre plat","og_description":"Gaine invisible Formeasy pour mari\u00e9e en Alg\u00e9rie. Effet ventre plat, confort durable et \u00e9l\u00e9gance sous vos tenues de mariage. Livraison rapide.","og_url":"https:\/\/khalti-tamani.com\/dz\/product\/gaine-invisible-formeasy-1700\/","og_site_name":"Khalti Tamani","article_publisher":"https:\/\/facebook.com\/khaltitamani25","article_modified_time":"2025-09-22T16:39:52+00:00","og_image":[{"width":700,"height":800,"url":"https:\/\/khalti-tamani.com\/wp-content\/uploads\/2025\/08\/209.webp","type":"image\/webp"}],"twitter_card":"summary_large_image","twitter_misc":{"Est. reading time":"2 minutes"},"schema":{"@context":"https:\/\/schema.org","@graph":[{"@type":"WebPage","@id":"https:\/\/khalti-tamani.com\/produit\/gaine-invisible-formeasy-1700\/","url":"https:\/\/khalti-tamani.com\/produit\/gaine-invisible-formeasy-1700\/","name":"Gaine invisible Formeasy 1700 sp\u00e9cial mariage Alg\u00e9rie \u2013 ventre plat - Khalti Tamani","isPartOf":{"@id":"https:\/\/khalti-tamani.com\/#website"},"primaryImageOfPage":{"@id":"https:\/\/khalti-tamani.com\/produit\/gaine-invisible-formeasy-1700\/#primaryimage"},"image":{"@id":"https:\/\/khalti-tamani.com\/produit\/gaine-invisible-formeasy-1700\/#primaryimage"},"thumbnailUrl":"https:\/\/khalti-tamani.com\/wp-content\/uploads\/2025\/08\/209.webp","datePublished":"2025-08-24T13:16:22+00:00","dateModified":"2025-09-22T16:39:52+00:00","description":"Gaine invisible Formeasy pour mari\u00e9e en Alg\u00e9rie. Effet ventre plat, confort durable et \u00e9l\u00e9gance sous vos tenues de mariage. Livraison rapide.","breadcrumb":{"@id":"https:\/\/khalti-tamani.com\/produit\/gaine-invisible-formeasy-1700\/#breadcrumb"},"inLanguage":"dz","potentialAction":[{"@type":"ReadAction","target":["https:\/\/khalti-tamani.com\/produit\/gaine-invisible-formeasy-1700\/"]}]},{"@type":"ImageObject","inLanguage":"dz","@id":"https:\/\/khalti-tamani.com\/produit\/gaine-invisible-formeasy-1700\/#primaryimage","url":"https:\/\/khalti-tamani.com\/wp-content\/uploads\/2025\/08\/209.webp","contentUrl":"https:\/\/khalti-tamani.com\/wp-content\/uploads\/2025\/08\/209.webp","width":700,"height":800},{"@type":"BreadcrumbList","@id":"https:\/\/khalti-tamani.com\/produit\/gaine-invisible-formeasy-1700\/#breadcrumb","itemListElement":[{"@type":"ListItem","position":1,"name":"Home","item":"https:\/\/khalti-tamani.com\/"},{"@type":"ListItem","position":2,"name":"Boutique","item":"https:\/\/khalti-tamani.com\/dz\/boutique\/"},{"@type":"ListItem","position":3,"name":"Gaine invisible Formeasy 1700 sp\u00e9cial mariage Alg\u00e9rie \u2013 ventre plat"}]},{"@type":"WebSite","@id":"https:\/\/khalti-tamani.com\/#website","url":"https:\/\/khalti-tamani.com\/","name":"Khalti Tamani","description":"\u0627\u0644\u0639\u0631\u0648\u0633\u0629 \u0645\u0627 \u062a\u0632\u064a\u062f\u0634 \u062a\u0639\u0627\u0646\u064a","publisher":{"@id":"https:\/\/khalti-tamani.com\/#organization"},"potentialAction":[{"@type":"SearchAction","target":{"@type":"EntryPoint","urlTemplate":"https:\/\/khalti-tamani.com\/?s={search_term_string}"},"query-input":{"@type":"PropertyValueSpecification","valueRequired":true,"valueName":"search_term_string"}}],"inLanguage":"dz"},{"@type":"Organization","@id":"https:\/\/khalti-tamani.com\/#organization","name":"Khalti Tamani","url":"https:\/\/khalti-tamani.com\/","logo":{"@type":"ImageObject","inLanguage":"dz","@id":"https:\/\/khalti-tamani.com\/#\/schema\/logo\/image\/","url":"https:\/\/khalti-tamani.com\/wp-content\/uploads\/2025\/09\/Design-sans-titre-4.webp","contentUrl":"https:\/\/khalti-tamani.com\/wp-content\/uploads\/2025\/09\/Design-sans-titre-4.webp","width":512,"height":512,"caption":"Khalti Tamani"},"image":{"@id":"https:\/\/khalti-tamani.com\/#\/schema\/logo\/image\/"},"sameAs":["https:\/\/facebook.com\/khaltitamani25","https:\/\/www.instagram.com\/khalti_tamani","https:\/\/www.tiktok.com\/@khalti.tamani","https:\/\/fr.pinterest.com\/khalti_tamani","https:\/\/t.me\/khalti_tamani"]}]}},"_links":{"self":[{"href":"https:\/\/khalti-tamani.com\/dz\/wp-json\/wp\/v2\/product\/2391","targetHints":{"allow":["GET"]}}],"collection":[{"href":"https:\/\/khalti-tamani.com\/dz\/wp-json\/wp\/v2\/product"}],"about":[{"href":"https:\/\/khalti-tamani.com\/dz\/wp-json\/wp\/v2\/types\/product"}],"replies":[{"embeddable":true,"href":"https:\/\/khalti-tamani.com\/dz\/wp-json\/wp\/v2\/comments?post=2391"}],"version-history":[{"count":4,"href":"https:\/\/khalti-tamani.com\/dz\/wp-json\/wp\/v2\/product\/2391\/revisions"}],"predecessor-version":[{"id":3865,"href":"https:\/\/khalti-tamani.com\/dz\/wp-json\/wp\/v2\/product\/2391\/revisions\/3865"}],"wp:featuredmedia":[{"embeddable":true,"href":"https:\/\/khalti-tamani.com\/dz\/wp-json\/wp\/v2\/media\/2357"}],"wp:attachment":[{"href":"https:\/\/khalti-tamani.com\/dz\/wp-json\/wp\/v2\/media?parent=2391"}],"wp:term":[{"taxonomy":"product_brand","embeddable":true,"href":"https:\/\/khalti-tamani.com\/dz\/wp-json\/wp\/v2\/product_brand?post=2391"},{"taxonomy":"product_cat","embeddable":true,"href":"https:\/\/khalti-tamani.com\/dz\/wp-json\/wp\/v2\/product_cat?post=2391"},{"taxonomy":"product_tag","embeddable":true,"href":"https:\/\/khalti-tamani.com\/dz\/wp-json\/wp\/v2\/product_tag?post=2391"}],"curies":[{"name":"wp","href":"https:\/\/api.w.org\/{rel}","templated":true}]}}