{"id":2521,"date":"2025-08-24T16:42:12","date_gmt":"2025-08-24T16:42:12","guid":{"rendered":"https:\/\/khalti-tamani.com\/?post_type=product&#038;p=2521"},"modified":"2025-09-22T17:21:16","modified_gmt":"2025-09-22T17:21:16","slug":"ensemble-4","status":"publish","type":"product","link":"https:\/\/khalti-tamani.com\/dz\/product\/ensemble-4\/","title":{"rendered":"Ensemble lingerie Alg\u00e9rie dentelle deux pi\u00e8ce femme blanc"},"content":{"rendered":"<p data-start=\"531\" data-end=\"898\">Chaque mari\u00e9e m\u00e9rite de briller avec un <strong data-start=\"605\" data-end=\"634\">Ensemble lingerie Alg\u00e9rie<\/strong> raffin\u00e9 et sensuel. Con\u00e7u sp\u00e9cialement pour compl\u00e9ter le <strong data-start=\"692\" data-end=\"708\">\u062c\u0647\u0627\u0632 \u0627\u0644\u0639\u0631\u0648\u0633\u0629<\/strong>, cet ensemble d\u00e9licat en dentelle associe \u00e9l\u00e9gance et confort. Compos\u00e9 de <strong data-start=\"783\" data-end=\"818\">Deux pi\u00e8ce femme : \u0633\u0648\u062a\u064a\u0627\u0646 \u0648\u0633\u0644\u064a\u0628<\/strong>, il est le choix parfait pour sublimer votre f\u00e9minit\u00e9 d\u00e8s la <strong data-start=\"880\" data-end=\"895\">\u0644\u064a\u0644\u0629 \u0627\u0644\u062f\u062e\u0644\u0629<\/strong>.<\/p>\n<hr data-start=\"900\" data-end=\"903\" \/>\n<h3 data-start=\"905\" data-end=\"972\">\u2728 Caract\u00e9ristiques principales de l\u2019Ensemble lingerie Alg\u00e9rie<\/h3>\n<ul data-start=\"973\" data-end=\"1225\">\n<li data-start=\"973\" data-end=\"1038\">\n<p data-start=\"975\" data-end=\"1038\">\ud83d\udd39 <strong data-start=\"978\" data-end=\"998\">Deux pi\u00e8ce femme<\/strong> : soutien-gorge + slip (\u0633\u0648\u062a\u064a\u0627\u0646 \u0648\u0633\u0644\u064a\u0628)<\/p>\n<\/li>\n<li data-start=\"1039\" data-end=\"1084\">\n<p data-start=\"1041\" data-end=\"1084\">\ud83d\udd39 Mati\u00e8re : dentelle douce et respirante<\/p>\n<\/li>\n<li data-start=\"1085\" data-end=\"1117\">\n<p data-start=\"1087\" data-end=\"1117\">\ud83d\udd39 Coupe \u00e9l\u00e9gante et moderne<\/p>\n<\/li>\n<li data-start=\"1118\" data-end=\"1163\">\n<p data-start=\"1120\" data-end=\"1163\">\ud83d\udd39 Convient au <strong data-start=\"1135\" data-end=\"1161\">Trousseau de la mari\u00e9e<\/strong><\/p>\n<\/li>\n<li data-start=\"1164\" data-end=\"1225\">\n<p data-start=\"1166\" data-end=\"1225\">\ud83d\udd39 Id\u00e9al pour la <strong data-start=\"1183\" data-end=\"1200\">\u062a\u0635\u062f\u064a\u0631\u0629 \u0627\u0644\u0639\u0631\u0648\u0633<\/strong> et les moments intimes<\/p>\n<\/li>\n<\/ul>\n<hr data-start=\"1227\" data-end=\"1230\" \/>\n<h3 data-start=\"1232\" data-end=\"1271\">\u2728 Qualit\u00e9 &amp; Mati\u00e8re haut de gamme<\/h3>\n<p data-start=\"1272\" data-end=\"1636\">Cet <strong data-start=\"1276\" data-end=\"1310\">Ensemble soutien-gorge et slip<\/strong> en dentelle est confectionn\u00e9 avec soin pour offrir un confort optimal. La dentelle l\u00e9g\u00e8re \u00e9pouse la peau avec douceur, tout en laissant respirer le corps. Le soutien-gorge maintient la poitrine avec \u00e9l\u00e9gance, tandis que le slip apporte une touche raffin\u00e9e. Parfait comme <strong data-start=\"1582\" data-end=\"1599\">\u0644\u0627\u0646\u062c\u0631\u064a \u0644\u0644\u0639\u0631\u0648\u0633<\/strong>, il combine sensualit\u00e9 et qualit\u00e9.<\/p>\n<hr data-start=\"1638\" data-end=\"1641\" \/>\n<h3 data-start=\"1643\" data-end=\"1674\">\u2728 Utilisation &amp; Occasions<\/h3>\n<p data-start=\"1675\" data-end=\"1963\">L\u2019<strong data-start=\"1677\" data-end=\"1706\">Ensemble lingerie Alg\u00e9rie<\/strong> n\u2019est pas seulement pens\u00e9 pour la <strong data-start=\"1741\" data-end=\"1756\">\u0644\u064a\u0644\u0629 \u0627\u0644\u062f\u062e\u0644\u0629<\/strong>, mais aussi pour compl\u00e9ter la <strong data-start=\"1787\" data-end=\"1804\">\u062a\u0635\u062f\u064a\u0631\u0629 \u0627\u0644\u0639\u0631\u0648\u0633<\/strong> ou comme cadeau raffin\u00e9. Facile \u00e0 associer avec un <strong data-start=\"1856\" data-end=\"1879\">Deshabill\u00e9 dentelle<\/strong> ou une <strong data-start=\"1887\" data-end=\"1910\">Nuisette de mariage<\/strong>, il devient un incontournable du dressing f\u00e9minin.<\/p>\n<hr data-start=\"1965\" data-end=\"1968\" \/>\n<h3 data-start=\"1970\" data-end=\"1998\">\u2728 Livraison &amp; Paiement<\/h3>\n<p data-start=\"1999\" data-end=\"2162\">Disponible dans toutes les wilayas d\u2019Alg\u00e9rie \ud83d\ude9a, avec une livraison rapide et s\u00e9curis\u00e9e. Commandez en toute confiance et profitez du <strong data-start=\"2132\" data-end=\"2159\">paiement \u00e0 la livraison<\/strong>.<\/p>\n<p data-start=\"2164\" data-end=\"2250\">\ud83d\udc49 <strong data-start=\"2167\" data-end=\"2248\">Commandez maintenant \u2014 Livraison partout en Alg\u00e9rie \u2014 Paiement \u00e0 la livraison<\/strong><\/p>\n<hr data-start=\"2252\" data-end=\"2255\" \/>\n<h2 data-start=\"2257\" data-end=\"2307\">\ud83d\udd17 Produits autres qui pourraient vous plaire<\/h2>\n<ul data-start=\"2308\" data-end=\"2581\">\n<li data-start=\"2308\" data-end=\"2398\">\n<p data-start=\"2310\" data-end=\"2398\"><a class=\"decorated-link\" href=\"https:\/\/khalti-tamani.com\/dz\/product-category\/deshabille\/\" target=\"_new\" rel=\"noopener\" data-start=\"2310\" data-end=\"2396\">Deshabill\u00e9 mariage dentelle<\/a><\/p>\n<\/li>\n<li data-start=\"2399\" data-end=\"2488\">\n<p data-start=\"2401\" data-end=\"2488\"><a class=\"decorated-link\" href=\"https:\/\/khalti-tamani.com\/dz\/product-category\/nuisette\/\" target=\"_new\" rel=\"noopener\" data-start=\"2401\" data-end=\"2486\">Nuisette blanche pour mari\u00e9e<\/a><\/p>\n<\/li>\n<li data-start=\"2489\" data-end=\"2581\">\n<p data-start=\"2491\" data-end=\"2581\"><a class=\"decorated-link\" href=\"https:\/\/khalti-tamani.com\/dz\/product-category\/ensemble\/\" target=\"_new\" rel=\"noopener\" data-start=\"2491\" data-end=\"2579\">Ensemble chic pour \u062c\u0647\u0627\u0632 \u0627\u0644\u0639\u0631\u0648\u0633\u0629<\/a><\/p>\n<\/li>\n<\/ul>\n<hr data-start=\"2583\" data-end=\"2586\" \/>\n<p>&nbsp;<\/p>","protected":false},"excerpt":{"rendered":"<p>Chaque mari\u00e9e m\u00e9rite de briller avec un Ensemble lingerie Alg\u00e9rie raffin\u00e9 et sensuel. Con\u00e7u sp\u00e9cialement pour compl\u00e9ter le \u062c\u0647\u0627\u0632 \u0627\u0644\u0639\u0631\u0648\u0633\u0629,<\/p>","protected":false},"featured_media":2513,"comment_status":"open","ping_status":"closed","template":"","meta":[],"product_brand":[126],"product_cat":[25],"product_tag":[623,622,625,338,320,624,598],"class_list":{"0":"post-2521","1":"product","2":"type-product","3":"status-publish","4":"has-post-thumbnail","6":"product_brand-golden-line","7":"product_cat-ensemble","8":"product_tag-deux-piece-femme-blanc","9":"product_tag-ensemble-lingerie-algerie-dentelle","10":"product_tag-ensemble-soutien-gorge-et-slip-mariage","11":"product_tag-lingerie-mariage-algerie","12":"product_tag-320","13":"product_tag-624","14":"product_tag-598","16":"first","17":"outofstock","18":"shipping-taxable","19":"purchasable","20":"product-type-variable","21":"has-default-attributes"},"yoast_head":"<!-- This site is optimized with the Yoast SEO Premium plugin v25.7.1 (Yoast SEO v25.7) - https:\/\/yoast.com\/wordpress\/plugins\/seo\/ -->\n<title>Ensemble lingerie Alg\u00e9rie dentelle deux pi\u00e8ce femme blanc - Khalti Tamani<\/title>\n<meta name=\"description\" content=\"Ensemble lingerie Alg\u00e9rie en dentelle, compos\u00e9 de Deux pi\u00e8ce femme : \u0633\u0648\u062a\u064a\u0627\u0646 \u0648\u0633\u0644\u064a\u0628. Parfait pour la mari\u00e9e et son trousseau. Livraison rapide.\" \/>\n<meta name=\"robots\" content=\"index, follow, max-snippet:-1, max-image-preview:large, max-video-preview:-1\" \/>\n<link rel=\"canonical\" href=\"https:\/\/khalti-tamani.com\/dz\/product\/ensemble-4\/\" \/>\n<meta property=\"og:locale\" content=\"en_US\" \/>\n<meta property=\"og:type\" content=\"article\" \/>\n<meta property=\"og:title\" content=\"Ensemble lingerie Alg\u00e9rie dentelle deux pi\u00e8ce femme blanc\" \/>\n<meta property=\"og:description\" content=\"Ensemble lingerie Alg\u00e9rie en dentelle, compos\u00e9 de Deux pi\u00e8ce femme : \u0633\u0648\u062a\u064a\u0627\u0646 \u0648\u0633\u0644\u064a\u0628. Parfait pour la mari\u00e9e et son trousseau. Livraison rapide.\" \/>\n<meta property=\"og:url\" content=\"https:\/\/khalti-tamani.com\/dz\/product\/ensemble-4\/\" \/>\n<meta property=\"og:site_name\" content=\"Khalti Tamani\" \/>\n<meta property=\"article:publisher\" content=\"https:\/\/facebook.com\/khaltitamani25\" \/>\n<meta property=\"article:modified_time\" content=\"2025-09-22T17:21:16+00:00\" \/>\n<meta property=\"og:image\" content=\"https:\/\/khalti-tamani.com\/wp-content\/uploads\/2025\/08\/251.webp\" \/>\n\t<meta property=\"og:image:width\" content=\"700\" \/>\n\t<meta property=\"og:image:height\" content=\"800\" \/>\n\t<meta property=\"og:image:type\" content=\"image\/webp\" \/>\n<meta name=\"twitter:card\" content=\"summary_large_image\" \/>\n<meta name=\"twitter:label1\" content=\"Est. reading time\" \/>\n\t<meta name=\"twitter:data1\" content=\"2 minutes\" \/>\n<script type=\"application\/ld+json\" class=\"yoast-schema-graph\">{\"@context\":\"https:\/\/schema.org\",\"@graph\":[{\"@type\":\"WebPage\",\"@id\":\"https:\/\/khalti-tamani.com\/produit\/ensemble-4\/\",\"url\":\"https:\/\/khalti-tamani.com\/produit\/ensemble-4\/\",\"name\":\"Ensemble lingerie Alg\u00e9rie dentelle deux pi\u00e8ce femme blanc - Khalti Tamani\",\"isPartOf\":{\"@id\":\"https:\/\/khalti-tamani.com\/#website\"},\"primaryImageOfPage\":{\"@id\":\"https:\/\/khalti-tamani.com\/produit\/ensemble-4\/#primaryimage\"},\"image\":{\"@id\":\"https:\/\/khalti-tamani.com\/produit\/ensemble-4\/#primaryimage\"},\"thumbnailUrl\":\"https:\/\/khalti-tamani.com\/wp-content\/uploads\/2025\/08\/251.webp\",\"datePublished\":\"2025-08-24T16:42:12+00:00\",\"dateModified\":\"2025-09-22T17:21:16+00:00\",\"description\":\"Ensemble lingerie Alg\u00e9rie en dentelle, compos\u00e9 de Deux pi\u00e8ce femme : \u0633\u0648\u062a\u064a\u0627\u0646 \u0648\u0633\u0644\u064a\u0628. Parfait pour la mari\u00e9e et son trousseau. Livraison rapide.\",\"breadcrumb\":{\"@id\":\"https:\/\/khalti-tamani.com\/produit\/ensemble-4\/#breadcrumb\"},\"inLanguage\":\"dz\",\"potentialAction\":[{\"@type\":\"ReadAction\",\"target\":[\"https:\/\/khalti-tamani.com\/produit\/ensemble-4\/\"]}]},{\"@type\":\"ImageObject\",\"inLanguage\":\"dz\",\"@id\":\"https:\/\/khalti-tamani.com\/produit\/ensemble-4\/#primaryimage\",\"url\":\"https:\/\/khalti-tamani.com\/wp-content\/uploads\/2025\/08\/251.webp\",\"contentUrl\":\"https:\/\/khalti-tamani.com\/wp-content\/uploads\/2025\/08\/251.webp\",\"width\":700,\"height\":800},{\"@type\":\"BreadcrumbList\",\"@id\":\"https:\/\/khalti-tamani.com\/produit\/ensemble-4\/#breadcrumb\",\"itemListElement\":[{\"@type\":\"ListItem\",\"position\":1,\"name\":\"Home\",\"item\":\"https:\/\/khalti-tamani.com\/\"},{\"@type\":\"ListItem\",\"position\":2,\"name\":\"Boutique\",\"item\":\"https:\/\/khalti-tamani.com\/dz\/boutique\/\"},{\"@type\":\"ListItem\",\"position\":3,\"name\":\"Ensemble lingerie Alg\u00e9rie dentelle deux pi\u00e8ce femme blanc\"}]},{\"@type\":\"WebSite\",\"@id\":\"https:\/\/khalti-tamani.com\/#website\",\"url\":\"https:\/\/khalti-tamani.com\/\",\"name\":\"Khalti Tamani\",\"description\":\"\u0627\u0644\u0639\u0631\u0648\u0633\u0629 \u0645\u0627 \u062a\u0632\u064a\u062f\u0634 \u062a\u0639\u0627\u0646\u064a\",\"publisher\":{\"@id\":\"https:\/\/khalti-tamani.com\/#organization\"},\"potentialAction\":[{\"@type\":\"SearchAction\",\"target\":{\"@type\":\"EntryPoint\",\"urlTemplate\":\"https:\/\/khalti-tamani.com\/?s={search_term_string}\"},\"query-input\":{\"@type\":\"PropertyValueSpecification\",\"valueRequired\":true,\"valueName\":\"search_term_string\"}}],\"inLanguage\":\"dz\"},{\"@type\":\"Organization\",\"@id\":\"https:\/\/khalti-tamani.com\/#organization\",\"name\":\"Khalti Tamani\",\"url\":\"https:\/\/khalti-tamani.com\/\",\"logo\":{\"@type\":\"ImageObject\",\"inLanguage\":\"dz\",\"@id\":\"https:\/\/khalti-tamani.com\/#\/schema\/logo\/image\/\",\"url\":\"https:\/\/khalti-tamani.com\/wp-content\/uploads\/2025\/09\/Design-sans-titre-4.webp\",\"contentUrl\":\"https:\/\/khalti-tamani.com\/wp-content\/uploads\/2025\/09\/Design-sans-titre-4.webp\",\"width\":512,\"height\":512,\"caption\":\"Khalti Tamani\"},\"image\":{\"@id\":\"https:\/\/khalti-tamani.com\/#\/schema\/logo\/image\/\"},\"sameAs\":[\"https:\/\/facebook.com\/khaltitamani25\",\"https:\/\/www.instagram.com\/khalti_tamani\",\"https:\/\/www.tiktok.com\/@khalti.tamani\",\"https:\/\/fr.pinterest.com\/khalti_tamani\",\"https:\/\/t.me\/khalti_tamani\"]}]}<\/script>\n<!-- \/ Yoast SEO Premium plugin. -->","yoast_head_json":{"title":"Ensemble lingerie Alg\u00e9rie dentelle deux pi\u00e8ce femme blanc - Khalti Tamani","description":"Ensemble lingerie Alg\u00e9rie en dentelle, compos\u00e9 de Deux pi\u00e8ce femme : \u0633\u0648\u062a\u064a\u0627\u0646 \u0648\u0633\u0644\u064a\u0628. Parfait pour la mari\u00e9e et son trousseau. Livraison rapide.","robots":{"index":"index","follow":"follow","max-snippet":"max-snippet:-1","max-image-preview":"max-image-preview:large","max-video-preview":"max-video-preview:-1"},"canonical":"https:\/\/khalti-tamani.com\/dz\/product\/ensemble-4\/","og_locale":"en_US","og_type":"article","og_title":"Ensemble lingerie Alg\u00e9rie dentelle deux pi\u00e8ce femme blanc","og_description":"Ensemble lingerie Alg\u00e9rie en dentelle, compos\u00e9 de Deux pi\u00e8ce femme : \u0633\u0648\u062a\u064a\u0627\u0646 \u0648\u0633\u0644\u064a\u0628. Parfait pour la mari\u00e9e et son trousseau. Livraison rapide.","og_url":"https:\/\/khalti-tamani.com\/dz\/product\/ensemble-4\/","og_site_name":"Khalti Tamani","article_publisher":"https:\/\/facebook.com\/khaltitamani25","article_modified_time":"2025-09-22T17:21:16+00:00","og_image":[{"width":700,"height":800,"url":"https:\/\/khalti-tamani.com\/wp-content\/uploads\/2025\/08\/251.webp","type":"image\/webp"}],"twitter_card":"summary_large_image","twitter_misc":{"Est. reading time":"2 minutes"},"schema":{"@context":"https:\/\/schema.org","@graph":[{"@type":"WebPage","@id":"https:\/\/khalti-tamani.com\/produit\/ensemble-4\/","url":"https:\/\/khalti-tamani.com\/produit\/ensemble-4\/","name":"Ensemble lingerie Alg\u00e9rie dentelle deux pi\u00e8ce femme blanc - Khalti Tamani","isPartOf":{"@id":"https:\/\/khalti-tamani.com\/#website"},"primaryImageOfPage":{"@id":"https:\/\/khalti-tamani.com\/produit\/ensemble-4\/#primaryimage"},"image":{"@id":"https:\/\/khalti-tamani.com\/produit\/ensemble-4\/#primaryimage"},"thumbnailUrl":"https:\/\/khalti-tamani.com\/wp-content\/uploads\/2025\/08\/251.webp","datePublished":"2025-08-24T16:42:12+00:00","dateModified":"2025-09-22T17:21:16+00:00","description":"Ensemble lingerie Alg\u00e9rie en dentelle, compos\u00e9 de Deux pi\u00e8ce femme : \u0633\u0648\u062a\u064a\u0627\u0646 \u0648\u0633\u0644\u064a\u0628. Parfait pour la mari\u00e9e et son trousseau. Livraison rapide.","breadcrumb":{"@id":"https:\/\/khalti-tamani.com\/produit\/ensemble-4\/#breadcrumb"},"inLanguage":"dz","potentialAction":[{"@type":"ReadAction","target":["https:\/\/khalti-tamani.com\/produit\/ensemble-4\/"]}]},{"@type":"ImageObject","inLanguage":"dz","@id":"https:\/\/khalti-tamani.com\/produit\/ensemble-4\/#primaryimage","url":"https:\/\/khalti-tamani.com\/wp-content\/uploads\/2025\/08\/251.webp","contentUrl":"https:\/\/khalti-tamani.com\/wp-content\/uploads\/2025\/08\/251.webp","width":700,"height":800},{"@type":"BreadcrumbList","@id":"https:\/\/khalti-tamani.com\/produit\/ensemble-4\/#breadcrumb","itemListElement":[{"@type":"ListItem","position":1,"name":"Home","item":"https:\/\/khalti-tamani.com\/"},{"@type":"ListItem","position":2,"name":"Boutique","item":"https:\/\/khalti-tamani.com\/dz\/boutique\/"},{"@type":"ListItem","position":3,"name":"Ensemble lingerie Alg\u00e9rie dentelle deux pi\u00e8ce femme blanc"}]},{"@type":"WebSite","@id":"https:\/\/khalti-tamani.com\/#website","url":"https:\/\/khalti-tamani.com\/","name":"Khalti Tamani","description":"\u0627\u0644\u0639\u0631\u0648\u0633\u0629 \u0645\u0627 \u062a\u0632\u064a\u062f\u0634 \u062a\u0639\u0627\u0646\u064a","publisher":{"@id":"https:\/\/khalti-tamani.com\/#organization"},"potentialAction":[{"@type":"SearchAction","target":{"@type":"EntryPoint","urlTemplate":"https:\/\/khalti-tamani.com\/?s={search_term_string}"},"query-input":{"@type":"PropertyValueSpecification","valueRequired":true,"valueName":"search_term_string"}}],"inLanguage":"dz"},{"@type":"Organization","@id":"https:\/\/khalti-tamani.com\/#organization","name":"Khalti Tamani","url":"https:\/\/khalti-tamani.com\/","logo":{"@type":"ImageObject","inLanguage":"dz","@id":"https:\/\/khalti-tamani.com\/#\/schema\/logo\/image\/","url":"https:\/\/khalti-tamani.com\/wp-content\/uploads\/2025\/09\/Design-sans-titre-4.webp","contentUrl":"https:\/\/khalti-tamani.com\/wp-content\/uploads\/2025\/09\/Design-sans-titre-4.webp","width":512,"height":512,"caption":"Khalti Tamani"},"image":{"@id":"https:\/\/khalti-tamani.com\/#\/schema\/logo\/image\/"},"sameAs":["https:\/\/facebook.com\/khaltitamani25","https:\/\/www.instagram.com\/khalti_tamani","https:\/\/www.tiktok.com\/@khalti.tamani","https:\/\/fr.pinterest.com\/khalti_tamani","https:\/\/t.me\/khalti_tamani"]}]}},"_links":{"self":[{"href":"https:\/\/khalti-tamani.com\/dz\/wp-json\/wp\/v2\/product\/2521","targetHints":{"allow":["GET"]}}],"collection":[{"href":"https:\/\/khalti-tamani.com\/dz\/wp-json\/wp\/v2\/product"}],"about":[{"href":"https:\/\/khalti-tamani.com\/dz\/wp-json\/wp\/v2\/types\/product"}],"replies":[{"embeddable":true,"href":"https:\/\/khalti-tamani.com\/dz\/wp-json\/wp\/v2\/comments?post=2521"}],"version-history":[{"count":3,"href":"https:\/\/khalti-tamani.com\/dz\/wp-json\/wp\/v2\/product\/2521\/revisions"}],"predecessor-version":[{"id":3875,"href":"https:\/\/khalti-tamani.com\/dz\/wp-json\/wp\/v2\/product\/2521\/revisions\/3875"}],"wp:featuredmedia":[{"embeddable":true,"href":"https:\/\/khalti-tamani.com\/dz\/wp-json\/wp\/v2\/media\/2513"}],"wp:attachment":[{"href":"https:\/\/khalti-tamani.com\/dz\/wp-json\/wp\/v2\/media?parent=2521"}],"wp:term":[{"taxonomy":"product_brand","embeddable":true,"href":"https:\/\/khalti-tamani.com\/dz\/wp-json\/wp\/v2\/product_brand?post=2521"},{"taxonomy":"product_cat","embeddable":true,"href":"https:\/\/khalti-tamani.com\/dz\/wp-json\/wp\/v2\/product_cat?post=2521"},{"taxonomy":"product_tag","embeddable":true,"href":"https:\/\/khalti-tamani.com\/dz\/wp-json\/wp\/v2\/product_tag?post=2521"}],"curies":[{"name":"wp","href":"https:\/\/api.w.org\/{rel}","templated":true}]}}