{"id":2553,"date":"2025-08-24T17:02:02","date_gmt":"2025-08-24T17:02:02","guid":{"rendered":"https:\/\/khalti-tamani.com\/?post_type=product&#038;p=2553"},"modified":"2025-09-24T20:09:04","modified_gmt":"2025-09-24T20:09:04","slug":"ensemble-5","status":"publish","type":"product","link":"https:\/\/khalti-tamani.com\/dz\/product\/ensemble-5\/","title":{"rendered":"Ensemble 3roussa blanc Alg\u00e9rie dentelle deux pi\u00e8ce"},"content":{"rendered":"<p data-start=\"288\" data-end=\"727\">Raffin\u00e9 et \u00e9l\u00e9gant, l\u2019<strong data-start=\"344\" data-end=\"398\">Ensemble 3roussa blanc Alg\u00e9rie dentelle deux pi\u00e8ce<\/strong> est la pi\u00e8ce incontournable du <strong data-start=\"430\" data-end=\"446\">\u062c\u0647\u0627\u0632 \u0627\u0644\u0639\u0631\u0648\u0633\u0629<\/strong>. Con\u00e7u sp\u00e9cialement pour la mari\u00e9e, il met en valeur la silhouette et ajoute une touche de sensualit\u00e9 d\u00e8s la <strong data-start=\"556\" data-end=\"571\">\u0644\u064a\u0644\u0629 \u0627\u0644\u062f\u062e\u0644\u0629<\/strong>. Avec son design d\u00e9licat en dentelle, cet ensemble compos\u00e9 de <strong data-start=\"634\" data-end=\"669\">Deux pi\u00e8ce femme : \u0633\u0648\u062a\u064a\u0627\u0646 \u0648\u0633\u0644\u064a\u0628<\/strong> est id\u00e9al pour compl\u00e9ter le <strong data-start=\"698\" data-end=\"724\">Trousseau de la mari\u00e9e<\/strong>.<\/p>\n<hr data-start=\"729\" data-end=\"732\" \/>\n<h3 data-start=\"734\" data-end=\"792\">\u2728 Caract\u00e9ristiques principales de l\u2019Ensemble 3roussa<\/h3>\n<ul data-start=\"793\" data-end=\"1063\">\n<li data-start=\"793\" data-end=\"858\">\n<p data-start=\"795\" data-end=\"858\">\ud83d\udd39 <strong data-start=\"798\" data-end=\"818\">Deux pi\u00e8ce femme<\/strong> : soutien-gorge + slip (\u0633\u0648\u062a\u064a\u0627\u0646 \u0648\u0633\u0644\u064a\u0628)<\/p>\n<\/li>\n<li data-start=\"859\" data-end=\"919\">\n<p data-start=\"861\" data-end=\"919\">\ud83d\udd39 Couleur : blanc pur, symbole de mariage et d\u2019\u00e9l\u00e9gance<\/p>\n<\/li>\n<li data-start=\"920\" data-end=\"968\">\n<p data-start=\"922\" data-end=\"968\">\ud83d\udd39 Mati\u00e8re : dentelle raffin\u00e9e et respirante<\/p>\n<\/li>\n<li data-start=\"969\" data-end=\"1002\">\n<p data-start=\"971\" data-end=\"1002\">\ud83d\udd39 Design chic et confortable<\/p>\n<\/li>\n<li data-start=\"1003\" data-end=\"1063\">\n<p data-start=\"1005\" data-end=\"1063\">\ud83d\udd39 Id\u00e9al pour la <strong data-start=\"1022\" data-end=\"1039\">\u062a\u0635\u062f\u064a\u0631\u0629 \u0627\u0644\u0639\u0631\u0648\u0633<\/strong> et la <strong data-start=\"1046\" data-end=\"1061\">\u0644\u064a\u0644\u0629 \u0627\u0644\u062f\u062e\u0644\u0629<\/strong><\/p>\n<\/li>\n<\/ul>\n<hr data-start=\"1065\" data-end=\"1068\" \/>\n<h3 data-start=\"1070\" data-end=\"1109\">\u2728 Qualit\u00e9 &amp; Mati\u00e8re haut de gamme<\/h3>\n<p data-start=\"1110\" data-end=\"1497\">Cet <strong data-start=\"1114\" data-end=\"1148\">Ensemble 3roussa blanc Alg\u00e9rie<\/strong> est confectionn\u00e9 en dentelle de qualit\u00e9 sup\u00e9rieure. Le soutien-gorge maintient parfaitement la poitrine, tandis que le slip \u00e9pouse les courbes avec finesse. La dentelle blanche ajoute une touche glamour, transformant cet ensemble en un indispensable du <strong data-start=\"1402\" data-end=\"1419\">\u0644\u0627\u0646\u062c\u0631\u064a \u0644\u0644\u0639\u0631\u0648\u0633<\/strong>. L\u00e9ger, raffin\u00e9 et confortable, il reste agr\u00e9able \u00e0 porter toute la soir\u00e9e.<\/p>\n<hr data-start=\"1499\" data-end=\"1502\" \/>\n<h3 data-start=\"1504\" data-end=\"1535\">\u2728 Utilisation &amp; Occasions<\/h3>\n<p data-start=\"1536\" data-end=\"1838\">Que ce soit pour la <strong data-start=\"1556\" data-end=\"1571\">\u0644\u064a\u0644\u0629 \u0627\u0644\u062f\u062e\u0644\u0629<\/strong>, la <strong data-start=\"1576\" data-end=\"1593\">\u062a\u0635\u062f\u064a\u0631\u0629 \u0627\u0644\u0639\u0631\u0648\u0633<\/strong> ou comme cadeau raffin\u00e9, cet <strong data-start=\"1623\" data-end=\"1657\">Ensemble soutien-gorge et slip<\/strong> apporte confiance et s\u00e9duction. Facile \u00e0 associer avec un <strong data-start=\"1716\" data-end=\"1738\">Deshabill\u00e9 mariage<\/strong> ou une <strong data-start=\"1746\" data-end=\"1769\">Nuisette de mariage<\/strong>, il compl\u00e8te le <strong data-start=\"1786\" data-end=\"1812\">Trousseau de la mari\u00e9e<\/strong> avec style et \u00e9l\u00e9gance.<\/p>\n<hr data-start=\"1840\" data-end=\"1843\" \/>\n<h3 data-start=\"1845\" data-end=\"1873\">\u2728 Livraison &amp; Paiement<\/h3>\n<p data-start=\"1874\" data-end=\"2041\">Livraison disponible dans toutes les wilayas d\u2019Alg\u00e9rie \ud83d\ude9a avec service rapide et fiable. Profitez du <strong data-start=\"1975\" data-end=\"2002\">paiement \u00e0 la livraison<\/strong> pour plus de s\u00e9curit\u00e9 et de confort.<\/p>\n<p data-start=\"2043\" data-end=\"2129\">\ud83d\udc49 <strong data-start=\"2046\" data-end=\"2127\">Commandez maintenant \u2014 Livraison partout en Alg\u00e9rie \u2014 Paiement \u00e0 la livraison<\/strong><\/p>\n<hr data-start=\"2131\" data-end=\"2134\" \/>\n<h2 data-start=\"2136\" data-end=\"2186\">\ud83d\udd17 Produits autres qui pourraient vous plaire<\/h2>\n<ul data-start=\"2187\" data-end=\"2458\">\n<li data-start=\"2187\" data-end=\"2277\">\n<p data-start=\"2189\" data-end=\"2277\"><a class=\"decorated-link\" href=\"https:\/\/khalti-tamani.com\/dz\/product-category\/deshabille\/\" target=\"_new\" rel=\"noopener\" data-start=\"2189\" data-end=\"2275\">Deshabill\u00e9 dentelle mariage<\/a><\/p>\n<\/li>\n<li data-start=\"2278\" data-end=\"2362\">\n<p data-start=\"2280\" data-end=\"2362\"><a class=\"decorated-link\" href=\"https:\/\/khalti-tamani.com\/dz\/product-category\/nuisette\/\" target=\"_new\" rel=\"noopener\" data-start=\"2280\" data-end=\"2360\">Nuisette blanche mari\u00e9e<\/a><\/p>\n<\/li>\n<li data-start=\"2363\" data-end=\"2458\">\n<p data-start=\"2365\" data-end=\"2458\"><a class=\"decorated-link\" href=\"https:\/\/khalti-tamani.com\/dz\/product-category\/ensemble\/\" target=\"_new\" rel=\"noopener\" data-start=\"2365\" data-end=\"2456\">Ensemble chic sp\u00e9cial \u062c\u0647\u0627\u0632 \u0627\u0644\u0639\u0631\u0648\u0633\u0629<\/a><\/p>\n<\/li>\n<\/ul>","protected":false},"excerpt":{"rendered":"<p>Raffin\u00e9 et \u00e9l\u00e9gant, l\u2019Ensemble 3roussa blanc Alg\u00e9rie dentelle deux pi\u00e8ce est la pi\u00e8ce incontournable du \u062c\u0647\u0627\u0632 \u0627\u0644\u0639\u0631\u0648\u0633\u0629. Con\u00e7u sp\u00e9cialement pour<\/p>","protected":false},"featured_media":2529,"comment_status":"open","ping_status":"closed","template":"","meta":[],"product_brand":[126],"product_cat":[25],"product_tag":[623,626,622,625,338,621,627],"class_list":{"0":"post-2553","1":"product","2":"type-product","3":"status-publish","4":"has-post-thumbnail","6":"product_brand-golden-line","7":"product_cat-ensemble","8":"product_tag-deux-piece-femme-blanc","9":"product_tag-ensemble-3roussa-blanc-algerie","10":"product_tag-ensemble-lingerie-algerie-dentelle","11":"product_tag-ensemble-soutien-gorge-et-slip-mariage","12":"product_tag-lingerie-mariage-algerie","13":"product_tag-621","14":"product_tag-627","16":"first","17":"instock","18":"shipping-taxable","19":"purchasable","20":"product-type-variable","21":"has-default-attributes"},"yoast_head":"<!-- This site is optimized with the Yoast SEO Premium plugin v25.7.1 (Yoast SEO v25.7) - https:\/\/yoast.com\/wordpress\/plugins\/seo\/ -->\n<title>Ensemble 3roussa blanc Alg\u00e9rie dentelle deux pi\u00e8ce - Khalti Tamani<\/title>\n<meta name=\"description\" content=\"Ensemble 3roussa blanc Alg\u00e9rie en dentelle, compos\u00e9 de Deux pi\u00e8ce femme : \u0633\u0648\u062a\u064a\u0627\u0646 \u0648\u0633\u0644\u064a\u0628. Id\u00e9al pour \u062c\u0647\u0627\u0632 \u0627\u0644\u0639\u0631\u0648\u0633\u0629 et \u0644\u064a\u0644\u0629 \u0627\u0644\u062f\u062e\u0644\u0629. Livraison rapide.\" \/>\n<meta name=\"robots\" content=\"index, follow, max-snippet:-1, max-image-preview:large, max-video-preview:-1\" \/>\n<link rel=\"canonical\" href=\"https:\/\/khalti-tamani.com\/dz\/product\/ensemble-5\/\" \/>\n<meta property=\"og:locale\" content=\"en_US\" \/>\n<meta property=\"og:type\" content=\"article\" \/>\n<meta property=\"og:title\" content=\"Ensemble 3roussa blanc Alg\u00e9rie dentelle deux pi\u00e8ce\" \/>\n<meta property=\"og:description\" content=\"Ensemble 3roussa blanc Alg\u00e9rie en dentelle, compos\u00e9 de Deux pi\u00e8ce femme : \u0633\u0648\u062a\u064a\u0627\u0646 \u0648\u0633\u0644\u064a\u0628. Id\u00e9al pour \u062c\u0647\u0627\u0632 \u0627\u0644\u0639\u0631\u0648\u0633\u0629 et \u0644\u064a\u0644\u0629 \u0627\u0644\u062f\u062e\u0644\u0629. Livraison rapide.\" \/>\n<meta property=\"og:url\" content=\"https:\/\/khalti-tamani.com\/dz\/product\/ensemble-5\/\" \/>\n<meta property=\"og:site_name\" content=\"Khalti Tamani\" \/>\n<meta property=\"article:publisher\" content=\"https:\/\/facebook.com\/khaltitamani25\" \/>\n<meta property=\"article:modified_time\" content=\"2025-09-24T20:09:04+00:00\" \/>\n<meta property=\"og:image\" content=\"https:\/\/khalti-tamani.com\/wp-content\/uploads\/2025\/08\/254.webp\" \/>\n\t<meta property=\"og:image:width\" content=\"700\" \/>\n\t<meta property=\"og:image:height\" content=\"800\" \/>\n\t<meta property=\"og:image:type\" content=\"image\/webp\" \/>\n<meta name=\"twitter:card\" content=\"summary_large_image\" \/>\n<meta name=\"twitter:label1\" content=\"Est. reading time\" \/>\n\t<meta name=\"twitter:data1\" content=\"2 minutes\" \/>\n<script type=\"application\/ld+json\" class=\"yoast-schema-graph\">{\"@context\":\"https:\/\/schema.org\",\"@graph\":[{\"@type\":\"WebPage\",\"@id\":\"https:\/\/khalti-tamani.com\/produit\/ensemble-5\/\",\"url\":\"https:\/\/khalti-tamani.com\/produit\/ensemble-5\/\",\"name\":\"Ensemble 3roussa blanc Alg\u00e9rie dentelle deux pi\u00e8ce - Khalti Tamani\",\"isPartOf\":{\"@id\":\"https:\/\/khalti-tamani.com\/#website\"},\"primaryImageOfPage\":{\"@id\":\"https:\/\/khalti-tamani.com\/produit\/ensemble-5\/#primaryimage\"},\"image\":{\"@id\":\"https:\/\/khalti-tamani.com\/produit\/ensemble-5\/#primaryimage\"},\"thumbnailUrl\":\"https:\/\/khalti-tamani.com\/wp-content\/uploads\/2025\/08\/254.webp\",\"datePublished\":\"2025-08-24T17:02:02+00:00\",\"dateModified\":\"2025-09-24T20:09:04+00:00\",\"description\":\"Ensemble 3roussa blanc Alg\u00e9rie en dentelle, compos\u00e9 de Deux pi\u00e8ce femme : \u0633\u0648\u062a\u064a\u0627\u0646 \u0648\u0633\u0644\u064a\u0628. Id\u00e9al pour \u062c\u0647\u0627\u0632 \u0627\u0644\u0639\u0631\u0648\u0633\u0629 et \u0644\u064a\u0644\u0629 \u0627\u0644\u062f\u062e\u0644\u0629. Livraison rapide.\",\"breadcrumb\":{\"@id\":\"https:\/\/khalti-tamani.com\/produit\/ensemble-5\/#breadcrumb\"},\"inLanguage\":\"dz\",\"potentialAction\":[{\"@type\":\"ReadAction\",\"target\":[\"https:\/\/khalti-tamani.com\/produit\/ensemble-5\/\"]}]},{\"@type\":\"ImageObject\",\"inLanguage\":\"dz\",\"@id\":\"https:\/\/khalti-tamani.com\/produit\/ensemble-5\/#primaryimage\",\"url\":\"https:\/\/khalti-tamani.com\/wp-content\/uploads\/2025\/08\/254.webp\",\"contentUrl\":\"https:\/\/khalti-tamani.com\/wp-content\/uploads\/2025\/08\/254.webp\",\"width\":700,\"height\":800},{\"@type\":\"BreadcrumbList\",\"@id\":\"https:\/\/khalti-tamani.com\/produit\/ensemble-5\/#breadcrumb\",\"itemListElement\":[{\"@type\":\"ListItem\",\"position\":1,\"name\":\"Home\",\"item\":\"https:\/\/khalti-tamani.com\/\"},{\"@type\":\"ListItem\",\"position\":2,\"name\":\"Boutique\",\"item\":\"https:\/\/khalti-tamani.com\/dz\/boutique\/\"},{\"@type\":\"ListItem\",\"position\":3,\"name\":\"Ensemble 3roussa blanc Alg\u00e9rie dentelle deux pi\u00e8ce\"}]},{\"@type\":\"WebSite\",\"@id\":\"https:\/\/khalti-tamani.com\/#website\",\"url\":\"https:\/\/khalti-tamani.com\/\",\"name\":\"Khalti Tamani\",\"description\":\"\u0627\u0644\u0639\u0631\u0648\u0633\u0629 \u0645\u0627 \u062a\u0632\u064a\u062f\u0634 \u062a\u0639\u0627\u0646\u064a\",\"publisher\":{\"@id\":\"https:\/\/khalti-tamani.com\/#organization\"},\"potentialAction\":[{\"@type\":\"SearchAction\",\"target\":{\"@type\":\"EntryPoint\",\"urlTemplate\":\"https:\/\/khalti-tamani.com\/?s={search_term_string}\"},\"query-input\":{\"@type\":\"PropertyValueSpecification\",\"valueRequired\":true,\"valueName\":\"search_term_string\"}}],\"inLanguage\":\"dz\"},{\"@type\":\"Organization\",\"@id\":\"https:\/\/khalti-tamani.com\/#organization\",\"name\":\"Khalti Tamani\",\"url\":\"https:\/\/khalti-tamani.com\/\",\"logo\":{\"@type\":\"ImageObject\",\"inLanguage\":\"dz\",\"@id\":\"https:\/\/khalti-tamani.com\/#\/schema\/logo\/image\/\",\"url\":\"https:\/\/khalti-tamani.com\/wp-content\/uploads\/2025\/09\/Design-sans-titre-4.webp\",\"contentUrl\":\"https:\/\/khalti-tamani.com\/wp-content\/uploads\/2025\/09\/Design-sans-titre-4.webp\",\"width\":512,\"height\":512,\"caption\":\"Khalti Tamani\"},\"image\":{\"@id\":\"https:\/\/khalti-tamani.com\/#\/schema\/logo\/image\/\"},\"sameAs\":[\"https:\/\/facebook.com\/khaltitamani25\",\"https:\/\/www.instagram.com\/khalti_tamani\",\"https:\/\/www.tiktok.com\/@khalti.tamani\",\"https:\/\/fr.pinterest.com\/khalti_tamani\",\"https:\/\/t.me\/khalti_tamani\"]}]}<\/script>\n<!-- \/ Yoast SEO Premium plugin. -->","yoast_head_json":{"title":"Ensemble 3roussa blanc Alg\u00e9rie dentelle deux pi\u00e8ce - Khalti Tamani","description":"Ensemble 3roussa blanc Alg\u00e9rie en dentelle, compos\u00e9 de Deux pi\u00e8ce femme : \u0633\u0648\u062a\u064a\u0627\u0646 \u0648\u0633\u0644\u064a\u0628. Id\u00e9al pour \u062c\u0647\u0627\u0632 \u0627\u0644\u0639\u0631\u0648\u0633\u0629 et \u0644\u064a\u0644\u0629 \u0627\u0644\u062f\u062e\u0644\u0629. Livraison rapide.","robots":{"index":"index","follow":"follow","max-snippet":"max-snippet:-1","max-image-preview":"max-image-preview:large","max-video-preview":"max-video-preview:-1"},"canonical":"https:\/\/khalti-tamani.com\/dz\/product\/ensemble-5\/","og_locale":"en_US","og_type":"article","og_title":"Ensemble 3roussa blanc Alg\u00e9rie dentelle deux pi\u00e8ce","og_description":"Ensemble 3roussa blanc Alg\u00e9rie en dentelle, compos\u00e9 de Deux pi\u00e8ce femme : \u0633\u0648\u062a\u064a\u0627\u0646 \u0648\u0633\u0644\u064a\u0628. Id\u00e9al pour \u062c\u0647\u0627\u0632 \u0627\u0644\u0639\u0631\u0648\u0633\u0629 et \u0644\u064a\u0644\u0629 \u0627\u0644\u062f\u062e\u0644\u0629. Livraison rapide.","og_url":"https:\/\/khalti-tamani.com\/dz\/product\/ensemble-5\/","og_site_name":"Khalti Tamani","article_publisher":"https:\/\/facebook.com\/khaltitamani25","article_modified_time":"2025-09-24T20:09:04+00:00","og_image":[{"width":700,"height":800,"url":"https:\/\/khalti-tamani.com\/wp-content\/uploads\/2025\/08\/254.webp","type":"image\/webp"}],"twitter_card":"summary_large_image","twitter_misc":{"Est. reading time":"2 minutes"},"schema":{"@context":"https:\/\/schema.org","@graph":[{"@type":"WebPage","@id":"https:\/\/khalti-tamani.com\/produit\/ensemble-5\/","url":"https:\/\/khalti-tamani.com\/produit\/ensemble-5\/","name":"Ensemble 3roussa blanc Alg\u00e9rie dentelle deux pi\u00e8ce - Khalti Tamani","isPartOf":{"@id":"https:\/\/khalti-tamani.com\/#website"},"primaryImageOfPage":{"@id":"https:\/\/khalti-tamani.com\/produit\/ensemble-5\/#primaryimage"},"image":{"@id":"https:\/\/khalti-tamani.com\/produit\/ensemble-5\/#primaryimage"},"thumbnailUrl":"https:\/\/khalti-tamani.com\/wp-content\/uploads\/2025\/08\/254.webp","datePublished":"2025-08-24T17:02:02+00:00","dateModified":"2025-09-24T20:09:04+00:00","description":"Ensemble 3roussa blanc Alg\u00e9rie en dentelle, compos\u00e9 de Deux pi\u00e8ce femme : \u0633\u0648\u062a\u064a\u0627\u0646 \u0648\u0633\u0644\u064a\u0628. Id\u00e9al pour \u062c\u0647\u0627\u0632 \u0627\u0644\u0639\u0631\u0648\u0633\u0629 et \u0644\u064a\u0644\u0629 \u0627\u0644\u062f\u062e\u0644\u0629. Livraison rapide.","breadcrumb":{"@id":"https:\/\/khalti-tamani.com\/produit\/ensemble-5\/#breadcrumb"},"inLanguage":"dz","potentialAction":[{"@type":"ReadAction","target":["https:\/\/khalti-tamani.com\/produit\/ensemble-5\/"]}]},{"@type":"ImageObject","inLanguage":"dz","@id":"https:\/\/khalti-tamani.com\/produit\/ensemble-5\/#primaryimage","url":"https:\/\/khalti-tamani.com\/wp-content\/uploads\/2025\/08\/254.webp","contentUrl":"https:\/\/khalti-tamani.com\/wp-content\/uploads\/2025\/08\/254.webp","width":700,"height":800},{"@type":"BreadcrumbList","@id":"https:\/\/khalti-tamani.com\/produit\/ensemble-5\/#breadcrumb","itemListElement":[{"@type":"ListItem","position":1,"name":"Home","item":"https:\/\/khalti-tamani.com\/"},{"@type":"ListItem","position":2,"name":"Boutique","item":"https:\/\/khalti-tamani.com\/dz\/boutique\/"},{"@type":"ListItem","position":3,"name":"Ensemble 3roussa blanc Alg\u00e9rie dentelle deux pi\u00e8ce"}]},{"@type":"WebSite","@id":"https:\/\/khalti-tamani.com\/#website","url":"https:\/\/khalti-tamani.com\/","name":"Khalti Tamani","description":"\u0627\u0644\u0639\u0631\u0648\u0633\u0629 \u0645\u0627 \u062a\u0632\u064a\u062f\u0634 \u062a\u0639\u0627\u0646\u064a","publisher":{"@id":"https:\/\/khalti-tamani.com\/#organization"},"potentialAction":[{"@type":"SearchAction","target":{"@type":"EntryPoint","urlTemplate":"https:\/\/khalti-tamani.com\/?s={search_term_string}"},"query-input":{"@type":"PropertyValueSpecification","valueRequired":true,"valueName":"search_term_string"}}],"inLanguage":"dz"},{"@type":"Organization","@id":"https:\/\/khalti-tamani.com\/#organization","name":"Khalti Tamani","url":"https:\/\/khalti-tamani.com\/","logo":{"@type":"ImageObject","inLanguage":"dz","@id":"https:\/\/khalti-tamani.com\/#\/schema\/logo\/image\/","url":"https:\/\/khalti-tamani.com\/wp-content\/uploads\/2025\/09\/Design-sans-titre-4.webp","contentUrl":"https:\/\/khalti-tamani.com\/wp-content\/uploads\/2025\/09\/Design-sans-titre-4.webp","width":512,"height":512,"caption":"Khalti Tamani"},"image":{"@id":"https:\/\/khalti-tamani.com\/#\/schema\/logo\/image\/"},"sameAs":["https:\/\/facebook.com\/khaltitamani25","https:\/\/www.instagram.com\/khalti_tamani","https:\/\/www.tiktok.com\/@khalti.tamani","https:\/\/fr.pinterest.com\/khalti_tamani","https:\/\/t.me\/khalti_tamani"]}]}},"_links":{"self":[{"href":"https:\/\/khalti-tamani.com\/dz\/wp-json\/wp\/v2\/product\/2553","targetHints":{"allow":["GET"]}}],"collection":[{"href":"https:\/\/khalti-tamani.com\/dz\/wp-json\/wp\/v2\/product"}],"about":[{"href":"https:\/\/khalti-tamani.com\/dz\/wp-json\/wp\/v2\/types\/product"}],"replies":[{"embeddable":true,"href":"https:\/\/khalti-tamani.com\/dz\/wp-json\/wp\/v2\/comments?post=2553"}],"version-history":[{"count":4,"href":"https:\/\/khalti-tamani.com\/dz\/wp-json\/wp\/v2\/product\/2553\/revisions"}],"predecessor-version":[{"id":3877,"href":"https:\/\/khalti-tamani.com\/dz\/wp-json\/wp\/v2\/product\/2553\/revisions\/3877"}],"wp:featuredmedia":[{"embeddable":true,"href":"https:\/\/khalti-tamani.com\/dz\/wp-json\/wp\/v2\/media\/2529"}],"wp:attachment":[{"href":"https:\/\/khalti-tamani.com\/dz\/wp-json\/wp\/v2\/media?parent=2553"}],"wp:term":[{"taxonomy":"product_brand","embeddable":true,"href":"https:\/\/khalti-tamani.com\/dz\/wp-json\/wp\/v2\/product_brand?post=2553"},{"taxonomy":"product_cat","embeddable":true,"href":"https:\/\/khalti-tamani.com\/dz\/wp-json\/wp\/v2\/product_cat?post=2553"},{"taxonomy":"product_tag","embeddable":true,"href":"https:\/\/khalti-tamani.com\/dz\/wp-json\/wp\/v2\/product_tag?post=2553"}],"curies":[{"name":"wp","href":"https:\/\/api.w.org\/{rel}","templated":true}]}}