{"id":2602,"date":"2025-08-24T17:17:09","date_gmt":"2025-08-24T17:17:09","guid":{"rendered":"https:\/\/khalti-tamani.com\/?post_type=product&#038;p=2602"},"modified":"2025-09-22T17:34:49","modified_gmt":"2025-09-22T17:34:49","slug":"ensemble-leopard","status":"publish","type":"product","link":"https:\/\/khalti-tamani.com\/dz\/product\/ensemble-leopard\/","title":{"rendered":"Ensemble l\u00e9opard Alg\u00e9rie deux pi\u00e8ce l\u00e9opard femme"},"content":{"rendered":"<p data-start=\"259\" data-end=\"606\">Audacieux et s\u00e9duisant, l\u2019<strong data-start=\"319\" data-end=\"366\">Ensemble l\u00e9opard Alg\u00e9rie deux pi\u00e8ce l\u00e9opard<\/strong> apporte une touche de glamour sauvage \u00e0 votre <strong data-start=\"413\" data-end=\"429\">\u062c\u0647\u0627\u0632 \u0627\u0644\u0639\u0631\u0648\u0633\u0629<\/strong>. Con\u00e7u sp\u00e9cialement pour la mari\u00e9e moderne, il se compose de <strong data-start=\"491\" data-end=\"526\">Deux pi\u00e8ce femme : \u0633\u0648\u062a\u064a\u0627\u0646 \u0648\u0633\u0644\u064a\u0628<\/strong> qui subliment la silhouette et valorisent la f\u00e9minit\u00e9 d\u00e8s la <strong data-start=\"588\" data-end=\"603\">\u0644\u064a\u0644\u0629 \u0627\u0644\u062f\u062e\u0644\u0629<\/strong>.<\/p>\n<hr data-start=\"608\" data-end=\"611\" \/>\n<h3 data-start=\"613\" data-end=\"659\">\u2728 Caract\u00e9ristiques de l\u2019Ensemble l\u00e9opard<\/h3>\n<ul data-start=\"660\" data-end=\"931\">\n<li data-start=\"660\" data-end=\"725\">\n<p data-start=\"662\" data-end=\"725\">\ud83d\udd39 <strong data-start=\"665\" data-end=\"685\">Deux pi\u00e8ce femme<\/strong> : soutien-gorge + slip (\u0633\u0648\u062a\u064a\u0627\u0646 \u0648\u0633\u0644\u064a\u0628)<\/p>\n<\/li>\n<li data-start=\"726\" data-end=\"766\">\n<p data-start=\"728\" data-end=\"766\">\ud83d\udd39 Motif l\u00e9opard tendance et glamour<\/p>\n<\/li>\n<li data-start=\"767\" data-end=\"820\">\n<p data-start=\"769\" data-end=\"820\">\ud83d\udd39 Mati\u00e8re douce, respirante et agr\u00e9able \u00e0 porter<\/p>\n<\/li>\n<li data-start=\"821\" data-end=\"866\">\n<p data-start=\"823\" data-end=\"866\">\ud83d\udd39 Coupe moderne qui valorise les courbes<\/p>\n<\/li>\n<li data-start=\"867\" data-end=\"931\">\n<p data-start=\"869\" data-end=\"931\">\ud83d\udd39 Un <strong data-start=\"875\" data-end=\"909\">Ensemble soutien-gorge et slip<\/strong> original en Alg\u00e9rie<\/p>\n<\/li>\n<\/ul>\n<hr data-start=\"933\" data-end=\"936\" \/>\n<h3 data-start=\"938\" data-end=\"977\">\u2728 Qualit\u00e9 &amp; Mati\u00e8re haut de gamme<\/h3>\n<p data-start=\"978\" data-end=\"1309\">L\u2019<strong data-start=\"980\" data-end=\"1019\">Ensemble l\u00e9opard Alg\u00e9rie deux pi\u00e8ce<\/strong> utilise une dentelle douce et un tissu \u00e9lastique confortable. Le soutien-gorge assure un maintien optimal tandis que le slip \u00e9pouse naturellement vos formes. Le design l\u00e9opard, \u00e0 la fois audacieux et chic, fait de ce <strong data-start=\"1237\" data-end=\"1254\">\u0644\u0627\u0646\u062c\u0631\u064a \u0644\u0644\u0639\u0631\u0648\u0633<\/strong> une pi\u00e8ce unique dans le <strong data-start=\"1280\" data-end=\"1306\">Trousseau de la mari\u00e9e<\/strong>.<\/p>\n<hr data-start=\"1311\" data-end=\"1314\" \/>\n<h3 data-start=\"1316\" data-end=\"1347\">\u2728 Utilisation &amp; Occasions<\/h3>\n<p data-start=\"1348\" data-end=\"1627\">Avec l\u2019<strong data-start=\"1355\" data-end=\"1392\">Ensemble lingerie Alg\u00e9rie l\u00e9opard<\/strong>, vous ajoutez une note sauvage \u00e0 la <strong data-start=\"1429\" data-end=\"1444\">\u0644\u064a\u0644\u0629 \u0627\u0644\u062f\u062e\u0644\u0629<\/strong>, \u00e0 la <strong data-start=\"1451\" data-end=\"1468\">\u062a\u0635\u062f\u064a\u0631\u0629 \u0627\u0644\u0639\u0631\u0648\u0633<\/strong> ou m\u00eame comme id\u00e9e cadeau raffin\u00e9e. Associ\u00e9 \u00e0 une <strong data-start=\"1519\" data-end=\"1536\">Nuisette sexy<\/strong> ou un <strong data-start=\"1543\" data-end=\"1566\">Deshabill\u00e9 dentelle<\/strong>, il compl\u00e8te votre trousseau avec \u00e9l\u00e9gance et originalit\u00e9.<\/p>\n<hr data-start=\"1629\" data-end=\"1632\" \/>\n<h3 data-start=\"1634\" data-end=\"1662\">\u2728 Livraison &amp; Paiement<\/h3>\n<p data-start=\"1663\" data-end=\"1836\">Nous livrons partout en Alg\u00e9rie \ud83d\ude9a avec paiement \u00e0 la livraison. Commandez d\u00e8s maintenant et recevez votre <strong data-start=\"1770\" data-end=\"1801\">Ensemble l\u00e9opard deux pi\u00e8ce<\/strong> rapidement et en toute s\u00e9curit\u00e9.<\/p>\n<p data-start=\"1838\" data-end=\"1924\">\ud83d\udc49 <strong data-start=\"1841\" data-end=\"1922\">Commandez maintenant \u2014 Livraison partout en Alg\u00e9rie \u2014 Paiement \u00e0 la livraison<\/strong><\/p>\n<hr data-start=\"1926\" data-end=\"1929\" \/>\n<h2 data-start=\"1931\" data-end=\"1981\">\ud83d\udd17 Produits autres qui pourraient vous plaire<\/h2>\n<ul data-start=\"1982\" data-end=\"2255\">\n<li data-start=\"1982\" data-end=\"2068\">\n<p data-start=\"1984\" data-end=\"2068\"><a class=\"decorated-link\" href=\"https:\/\/khalti-tamani.com\/dz\/product-category\/nuisette\/\" target=\"_new\" rel=\"noopener\" data-start=\"1984\" data-end=\"2066\">Nuisette sexy pour mari\u00e9e<\/a><\/p>\n<\/li>\n<li data-start=\"2069\" data-end=\"2159\">\n<p data-start=\"2071\" data-end=\"2159\"><a class=\"decorated-link\" href=\"https:\/\/khalti-tamani.com\/dz\/product-category\/deshabille\/\" target=\"_new\" rel=\"noopener\" data-start=\"2071\" data-end=\"2157\">Deshabill\u00e9 mariage dentelle<\/a><\/p>\n<\/li>\n<li data-start=\"2160\" data-end=\"2255\">\n<p data-start=\"2162\" data-end=\"2255\"><a class=\"decorated-link\" href=\"https:\/\/khalti-tamani.com\/dz\/product-category\/ensemble\/\" target=\"_new\" rel=\"noopener\" data-start=\"2162\" data-end=\"2253\">Ensemble chic sp\u00e9cial \u062c\u0647\u0627\u0632 \u0627\u0644\u0639\u0631\u0648\u0633\u0629<\/a><\/p>\n<\/li>\n<\/ul>","protected":false},"excerpt":{"rendered":"<p>Audacieux et s\u00e9duisant, l\u2019Ensemble l\u00e9opard Alg\u00e9rie deux pi\u00e8ce l\u00e9opard apporte une touche de glamour sauvage \u00e0 votre \u062c\u0647\u0627\u0632 \u0627\u0644\u0639\u0631\u0648\u0633\u0629. Con\u00e7u<\/p>","protected":false},"featured_media":2606,"comment_status":"open","ping_status":"closed","template":"","meta":[],"product_brand":[126],"product_cat":[25],"product_tag":[634,632,633,617,338,635,627],"class_list":{"0":"post-2602","1":"product","2":"type-product","3":"status-publish","4":"has-post-thumbnail","6":"product_brand-golden-line","7":"product_cat-ensemble","8":"product_tag-deux-piece-femme-leopard","9":"product_tag-ensemble-leopard-algerie","10":"product_tag-ensemble-lingerie-algerie-leopard","11":"product_tag-ensemble-soutien-gorge-et-slip","12":"product_tag-lingerie-mariage-algerie","13":"product_tag-635","14":"product_tag-627","16":"first","17":"outofstock","18":"shipping-taxable","19":"purchasable","20":"product-type-variable","21":"has-default-attributes"},"yoast_head":"<!-- This site is optimized with the Yoast SEO Premium plugin v25.7.1 (Yoast SEO v25.7) - https:\/\/yoast.com\/wordpress\/plugins\/seo\/ -->\n<title>Ensemble l\u00e9opard Alg\u00e9rie deux pi\u00e8ce l\u00e9opard femme - Khalti Tamani<\/title>\n<meta name=\"description\" content=\"Ensemble l\u00e9opard Alg\u00e9rie deux pi\u00e8ce l\u00e9opard compos\u00e9 de soutien-gorge et slip (\u0633\u0648\u062a\u064a\u0627\u0646 \u0648\u0633\u0644\u064a\u0628). Un choix glamour et audacieux pour \u062c\u0647\u0627\u0632 \u0627\u0644\u0639\u0631\u0648\u0633\u0629\" \/>\n<meta name=\"robots\" content=\"index, follow, max-snippet:-1, max-image-preview:large, max-video-preview:-1\" \/>\n<link rel=\"canonical\" href=\"https:\/\/khalti-tamani.com\/dz\/product\/ensemble-leopard\/\" \/>\n<meta property=\"og:locale\" content=\"en_US\" \/>\n<meta property=\"og:type\" content=\"article\" \/>\n<meta property=\"og:title\" content=\"Ensemble l\u00e9opard Alg\u00e9rie deux pi\u00e8ce l\u00e9opard femme\" \/>\n<meta property=\"og:description\" content=\"Ensemble l\u00e9opard Alg\u00e9rie deux pi\u00e8ce l\u00e9opard compos\u00e9 de soutien-gorge et slip (\u0633\u0648\u062a\u064a\u0627\u0646 \u0648\u0633\u0644\u064a\u0628). Un choix glamour et audacieux pour \u062c\u0647\u0627\u0632 \u0627\u0644\u0639\u0631\u0648\u0633\u0629\" \/>\n<meta property=\"og:url\" content=\"https:\/\/khalti-tamani.com\/dz\/product\/ensemble-leopard\/\" \/>\n<meta property=\"og:site_name\" content=\"Khalti Tamani\" \/>\n<meta property=\"article:publisher\" content=\"https:\/\/facebook.com\/khaltitamani25\" \/>\n<meta property=\"article:modified_time\" content=\"2025-09-22T17:34:49+00:00\" \/>\n<meta property=\"og:image\" content=\"https:\/\/khalti-tamani.com\/wp-content\/uploads\/2025\/08\/277.webp\" \/>\n\t<meta property=\"og:image:width\" content=\"700\" \/>\n\t<meta property=\"og:image:height\" content=\"800\" \/>\n\t<meta property=\"og:image:type\" content=\"image\/webp\" \/>\n<meta name=\"twitter:card\" content=\"summary_large_image\" \/>\n<meta name=\"twitter:label1\" content=\"Est. reading time\" \/>\n\t<meta name=\"twitter:data1\" content=\"2 minutes\" \/>\n<script type=\"application\/ld+json\" class=\"yoast-schema-graph\">{\"@context\":\"https:\/\/schema.org\",\"@graph\":[{\"@type\":\"WebPage\",\"@id\":\"https:\/\/khalti-tamani.com\/produit\/ensemble-leopard\/\",\"url\":\"https:\/\/khalti-tamani.com\/produit\/ensemble-leopard\/\",\"name\":\"Ensemble l\u00e9opard Alg\u00e9rie deux pi\u00e8ce l\u00e9opard femme - Khalti Tamani\",\"isPartOf\":{\"@id\":\"https:\/\/khalti-tamani.com\/#website\"},\"primaryImageOfPage\":{\"@id\":\"https:\/\/khalti-tamani.com\/produit\/ensemble-leopard\/#primaryimage\"},\"image\":{\"@id\":\"https:\/\/khalti-tamani.com\/produit\/ensemble-leopard\/#primaryimage\"},\"thumbnailUrl\":\"https:\/\/khalti-tamani.com\/wp-content\/uploads\/2025\/08\/277.webp\",\"datePublished\":\"2025-08-24T17:17:09+00:00\",\"dateModified\":\"2025-09-22T17:34:49+00:00\",\"description\":\"Ensemble l\u00e9opard Alg\u00e9rie deux pi\u00e8ce l\u00e9opard compos\u00e9 de soutien-gorge et slip (\u0633\u0648\u062a\u064a\u0627\u0646 \u0648\u0633\u0644\u064a\u0628). Un choix glamour et audacieux pour \u062c\u0647\u0627\u0632 \u0627\u0644\u0639\u0631\u0648\u0633\u0629\",\"breadcrumb\":{\"@id\":\"https:\/\/khalti-tamani.com\/produit\/ensemble-leopard\/#breadcrumb\"},\"inLanguage\":\"dz\",\"potentialAction\":[{\"@type\":\"ReadAction\",\"target\":[\"https:\/\/khalti-tamani.com\/produit\/ensemble-leopard\/\"]}]},{\"@type\":\"ImageObject\",\"inLanguage\":\"dz\",\"@id\":\"https:\/\/khalti-tamani.com\/produit\/ensemble-leopard\/#primaryimage\",\"url\":\"https:\/\/khalti-tamani.com\/wp-content\/uploads\/2025\/08\/277.webp\",\"contentUrl\":\"https:\/\/khalti-tamani.com\/wp-content\/uploads\/2025\/08\/277.webp\",\"width\":700,\"height\":800},{\"@type\":\"BreadcrumbList\",\"@id\":\"https:\/\/khalti-tamani.com\/produit\/ensemble-leopard\/#breadcrumb\",\"itemListElement\":[{\"@type\":\"ListItem\",\"position\":1,\"name\":\"Home\",\"item\":\"https:\/\/khalti-tamani.com\/\"},{\"@type\":\"ListItem\",\"position\":2,\"name\":\"Boutique\",\"item\":\"https:\/\/khalti-tamani.com\/dz\/boutique\/\"},{\"@type\":\"ListItem\",\"position\":3,\"name\":\"Ensemble l\u00e9opard Alg\u00e9rie deux pi\u00e8ce l\u00e9opard femme\"}]},{\"@type\":\"WebSite\",\"@id\":\"https:\/\/khalti-tamani.com\/#website\",\"url\":\"https:\/\/khalti-tamani.com\/\",\"name\":\"Khalti Tamani\",\"description\":\"\u0627\u0644\u0639\u0631\u0648\u0633\u0629 \u0645\u0627 \u062a\u0632\u064a\u062f\u0634 \u062a\u0639\u0627\u0646\u064a\",\"publisher\":{\"@id\":\"https:\/\/khalti-tamani.com\/#organization\"},\"potentialAction\":[{\"@type\":\"SearchAction\",\"target\":{\"@type\":\"EntryPoint\",\"urlTemplate\":\"https:\/\/khalti-tamani.com\/?s={search_term_string}\"},\"query-input\":{\"@type\":\"PropertyValueSpecification\",\"valueRequired\":true,\"valueName\":\"search_term_string\"}}],\"inLanguage\":\"dz\"},{\"@type\":\"Organization\",\"@id\":\"https:\/\/khalti-tamani.com\/#organization\",\"name\":\"Khalti Tamani\",\"url\":\"https:\/\/khalti-tamani.com\/\",\"logo\":{\"@type\":\"ImageObject\",\"inLanguage\":\"dz\",\"@id\":\"https:\/\/khalti-tamani.com\/#\/schema\/logo\/image\/\",\"url\":\"https:\/\/khalti-tamani.com\/wp-content\/uploads\/2025\/09\/Design-sans-titre-4.webp\",\"contentUrl\":\"https:\/\/khalti-tamani.com\/wp-content\/uploads\/2025\/09\/Design-sans-titre-4.webp\",\"width\":512,\"height\":512,\"caption\":\"Khalti Tamani\"},\"image\":{\"@id\":\"https:\/\/khalti-tamani.com\/#\/schema\/logo\/image\/\"},\"sameAs\":[\"https:\/\/facebook.com\/khaltitamani25\",\"https:\/\/www.instagram.com\/khalti_tamani\",\"https:\/\/www.tiktok.com\/@khalti.tamani\",\"https:\/\/fr.pinterest.com\/khalti_tamani\",\"https:\/\/t.me\/khalti_tamani\"]}]}<\/script>\n<!-- \/ Yoast SEO Premium plugin. -->","yoast_head_json":{"title":"Ensemble l\u00e9opard Alg\u00e9rie deux pi\u00e8ce l\u00e9opard femme - Khalti Tamani","description":"Ensemble l\u00e9opard Alg\u00e9rie deux pi\u00e8ce l\u00e9opard compos\u00e9 de soutien-gorge et slip (\u0633\u0648\u062a\u064a\u0627\u0646 \u0648\u0633\u0644\u064a\u0628). Un choix glamour et audacieux pour \u062c\u0647\u0627\u0632 \u0627\u0644\u0639\u0631\u0648\u0633\u0629","robots":{"index":"index","follow":"follow","max-snippet":"max-snippet:-1","max-image-preview":"max-image-preview:large","max-video-preview":"max-video-preview:-1"},"canonical":"https:\/\/khalti-tamani.com\/dz\/product\/ensemble-leopard\/","og_locale":"en_US","og_type":"article","og_title":"Ensemble l\u00e9opard Alg\u00e9rie deux pi\u00e8ce l\u00e9opard femme","og_description":"Ensemble l\u00e9opard Alg\u00e9rie deux pi\u00e8ce l\u00e9opard compos\u00e9 de soutien-gorge et slip (\u0633\u0648\u062a\u064a\u0627\u0646 \u0648\u0633\u0644\u064a\u0628). Un choix glamour et audacieux pour \u062c\u0647\u0627\u0632 \u0627\u0644\u0639\u0631\u0648\u0633\u0629","og_url":"https:\/\/khalti-tamani.com\/dz\/product\/ensemble-leopard\/","og_site_name":"Khalti Tamani","article_publisher":"https:\/\/facebook.com\/khaltitamani25","article_modified_time":"2025-09-22T17:34:49+00:00","og_image":[{"width":700,"height":800,"url":"https:\/\/khalti-tamani.com\/wp-content\/uploads\/2025\/08\/277.webp","type":"image\/webp"}],"twitter_card":"summary_large_image","twitter_misc":{"Est. reading time":"2 minutes"},"schema":{"@context":"https:\/\/schema.org","@graph":[{"@type":"WebPage","@id":"https:\/\/khalti-tamani.com\/produit\/ensemble-leopard\/","url":"https:\/\/khalti-tamani.com\/produit\/ensemble-leopard\/","name":"Ensemble l\u00e9opard Alg\u00e9rie deux pi\u00e8ce l\u00e9opard femme - Khalti Tamani","isPartOf":{"@id":"https:\/\/khalti-tamani.com\/#website"},"primaryImageOfPage":{"@id":"https:\/\/khalti-tamani.com\/produit\/ensemble-leopard\/#primaryimage"},"image":{"@id":"https:\/\/khalti-tamani.com\/produit\/ensemble-leopard\/#primaryimage"},"thumbnailUrl":"https:\/\/khalti-tamani.com\/wp-content\/uploads\/2025\/08\/277.webp","datePublished":"2025-08-24T17:17:09+00:00","dateModified":"2025-09-22T17:34:49+00:00","description":"Ensemble l\u00e9opard Alg\u00e9rie deux pi\u00e8ce l\u00e9opard compos\u00e9 de soutien-gorge et slip (\u0633\u0648\u062a\u064a\u0627\u0646 \u0648\u0633\u0644\u064a\u0628). Un choix glamour et audacieux pour \u062c\u0647\u0627\u0632 \u0627\u0644\u0639\u0631\u0648\u0633\u0629","breadcrumb":{"@id":"https:\/\/khalti-tamani.com\/produit\/ensemble-leopard\/#breadcrumb"},"inLanguage":"dz","potentialAction":[{"@type":"ReadAction","target":["https:\/\/khalti-tamani.com\/produit\/ensemble-leopard\/"]}]},{"@type":"ImageObject","inLanguage":"dz","@id":"https:\/\/khalti-tamani.com\/produit\/ensemble-leopard\/#primaryimage","url":"https:\/\/khalti-tamani.com\/wp-content\/uploads\/2025\/08\/277.webp","contentUrl":"https:\/\/khalti-tamani.com\/wp-content\/uploads\/2025\/08\/277.webp","width":700,"height":800},{"@type":"BreadcrumbList","@id":"https:\/\/khalti-tamani.com\/produit\/ensemble-leopard\/#breadcrumb","itemListElement":[{"@type":"ListItem","position":1,"name":"Home","item":"https:\/\/khalti-tamani.com\/"},{"@type":"ListItem","position":2,"name":"Boutique","item":"https:\/\/khalti-tamani.com\/dz\/boutique\/"},{"@type":"ListItem","position":3,"name":"Ensemble l\u00e9opard Alg\u00e9rie deux pi\u00e8ce l\u00e9opard femme"}]},{"@type":"WebSite","@id":"https:\/\/khalti-tamani.com\/#website","url":"https:\/\/khalti-tamani.com\/","name":"Khalti Tamani","description":"\u0627\u0644\u0639\u0631\u0648\u0633\u0629 \u0645\u0627 \u062a\u0632\u064a\u062f\u0634 \u062a\u0639\u0627\u0646\u064a","publisher":{"@id":"https:\/\/khalti-tamani.com\/#organization"},"potentialAction":[{"@type":"SearchAction","target":{"@type":"EntryPoint","urlTemplate":"https:\/\/khalti-tamani.com\/?s={search_term_string}"},"query-input":{"@type":"PropertyValueSpecification","valueRequired":true,"valueName":"search_term_string"}}],"inLanguage":"dz"},{"@type":"Organization","@id":"https:\/\/khalti-tamani.com\/#organization","name":"Khalti Tamani","url":"https:\/\/khalti-tamani.com\/","logo":{"@type":"ImageObject","inLanguage":"dz","@id":"https:\/\/khalti-tamani.com\/#\/schema\/logo\/image\/","url":"https:\/\/khalti-tamani.com\/wp-content\/uploads\/2025\/09\/Design-sans-titre-4.webp","contentUrl":"https:\/\/khalti-tamani.com\/wp-content\/uploads\/2025\/09\/Design-sans-titre-4.webp","width":512,"height":512,"caption":"Khalti Tamani"},"image":{"@id":"https:\/\/khalti-tamani.com\/#\/schema\/logo\/image\/"},"sameAs":["https:\/\/facebook.com\/khaltitamani25","https:\/\/www.instagram.com\/khalti_tamani","https:\/\/www.tiktok.com\/@khalti.tamani","https:\/\/fr.pinterest.com\/khalti_tamani","https:\/\/t.me\/khalti_tamani"]}]}},"_links":{"self":[{"href":"https:\/\/khalti-tamani.com\/dz\/wp-json\/wp\/v2\/product\/2602","targetHints":{"allow":["GET"]}}],"collection":[{"href":"https:\/\/khalti-tamani.com\/dz\/wp-json\/wp\/v2\/product"}],"about":[{"href":"https:\/\/khalti-tamani.com\/dz\/wp-json\/wp\/v2\/types\/product"}],"replies":[{"embeddable":true,"href":"https:\/\/khalti-tamani.com\/dz\/wp-json\/wp\/v2\/comments?post=2602"}],"version-history":[{"count":3,"href":"https:\/\/khalti-tamani.com\/dz\/wp-json\/wp\/v2\/product\/2602\/revisions"}],"predecessor-version":[{"id":3883,"href":"https:\/\/khalti-tamani.com\/dz\/wp-json\/wp\/v2\/product\/2602\/revisions\/3883"}],"wp:featuredmedia":[{"embeddable":true,"href":"https:\/\/khalti-tamani.com\/dz\/wp-json\/wp\/v2\/media\/2606"}],"wp:attachment":[{"href":"https:\/\/khalti-tamani.com\/dz\/wp-json\/wp\/v2\/media?parent=2602"}],"wp:term":[{"taxonomy":"product_brand","embeddable":true,"href":"https:\/\/khalti-tamani.com\/dz\/wp-json\/wp\/v2\/product_brand?post=2602"},{"taxonomy":"product_cat","embeddable":true,"href":"https:\/\/khalti-tamani.com\/dz\/wp-json\/wp\/v2\/product_cat?post=2602"},{"taxonomy":"product_tag","embeddable":true,"href":"https:\/\/khalti-tamani.com\/dz\/wp-json\/wp\/v2\/product_tag?post=2602"}],"curies":[{"name":"wp","href":"https:\/\/api.w.org\/{rel}","templated":true}]}}