{"id":2619,"date":"2025-08-25T00:26:23","date_gmt":"2025-08-25T00:26:23","guid":{"rendered":"https:\/\/khalti-tamani.com\/?post_type=product&#038;p=2619"},"modified":"2025-09-22T17:36:44","modified_gmt":"2025-09-22T17:36:44","slug":"ensemble-8","status":"publish","type":"product","link":"https:\/\/khalti-tamani.com\/dz\/product\/ensemble-8\/","title":{"rendered":"Ensemble Dentelle aroussa blanc Alg\u00e9rie deux pi\u00e8ce femme"},"content":{"rendered":"<p data-start=\"255\" data-end=\"612\">L\u2019<strong data-start=\"291\" data-end=\"334\">Ensemble Dentelle aroussa blanc Alg\u00e9rie<\/strong> incarne l\u2019\u00e9l\u00e9gance et la f\u00e9minit\u00e9. Sp\u00e9cialement con\u00e7u pour la mari\u00e9e, cet ensemble compl\u00e8te parfaitement le <strong data-start=\"443\" data-end=\"459\">\u062c\u0647\u0627\u0632 \u0627\u0644\u0639\u0631\u0648\u0633\u0629<\/strong>. Avec ses <strong data-start=\"470\" data-end=\"505\">Deux pi\u00e8ce femme : \u0633\u0648\u062a\u064a\u0627\u0646 \u0648\u0633\u0644\u064a\u0628<\/strong>, il apporte charme et raffinement \u00e0 la <strong data-start=\"545\" data-end=\"560\">\u0644\u064a\u0644\u0629 \u0627\u0644\u062f\u062e\u0644\u0629<\/strong> et sublime chaque moment de la <strong data-start=\"592\" data-end=\"609\">\u062a\u0635\u062f\u064a\u0631\u0629 \u0627\u0644\u0639\u0631\u0648\u0633<\/strong>.<\/p>\n<hr data-start=\"614\" data-end=\"617\" \/>\n<h3 data-start=\"619\" data-end=\"680\">\u2728 Caract\u00e9ristiques de l\u2019Ensemble Dentelle aroussa blanc<\/h3>\n<ul data-start=\"681\" data-end=\"965\">\n<li data-start=\"681\" data-end=\"746\">\n<p data-start=\"683\" data-end=\"746\">\ud83d\udd39 <strong data-start=\"686\" data-end=\"706\">Deux pi\u00e8ce femme<\/strong> : soutien-gorge + slip (\u0633\u0648\u062a\u064a\u0627\u0646 \u0648\u0633\u0644\u064a\u0628)<\/p>\n<\/li>\n<li data-start=\"747\" data-end=\"806\">\n<p data-start=\"749\" data-end=\"806\">\ud83d\udd39 Couleur : blanc pur, symbole de puret\u00e9 et de mariage<\/p>\n<\/li>\n<li data-start=\"807\" data-end=\"858\">\n<p data-start=\"809\" data-end=\"858\">\ud83d\udd39 Mati\u00e8re : dentelle fine, douce et respirante<\/p>\n<\/li>\n<li data-start=\"859\" data-end=\"894\">\n<p data-start=\"861\" data-end=\"894\">\ud83d\udd39 Style \u00e9l\u00e9gant et confortable<\/p>\n<\/li>\n<li data-start=\"895\" data-end=\"965\">\n<p data-start=\"897\" data-end=\"965\">\ud83d\udd39 Un <strong data-start=\"903\" data-end=\"937\">Ensemble soutien-gorge et slip<\/strong> incontournable en Alg\u00e9rie<\/p>\n<\/li>\n<\/ul>\n<hr data-start=\"967\" data-end=\"970\" \/>\n<h3 data-start=\"972\" data-end=\"1011\">\u2728 Qualit\u00e9 &amp; Mati\u00e8re haut de gamme<\/h3>\n<p data-start=\"1012\" data-end=\"1354\">L\u2019<strong data-start=\"1014\" data-end=\"1057\">Ensemble Dentelle aroussa blanc Alg\u00e9rie<\/strong> se distingue par sa dentelle raffin\u00e9e qui allie d\u00e9licatesse et solidit\u00e9. Le soutien-gorge met en valeur la poitrine tout en offrant un bon maintien, tandis que le slip \u00e9pouse parfaitement les courbes. Ce <strong data-start=\"1262\" data-end=\"1279\">\u0644\u0627\u0646\u062c\u0631\u064a \u0644\u0644\u0639\u0631\u0648\u0633<\/strong> combine confort et sensualit\u00e9, id\u00e9al pour le <strong data-start=\"1325\" data-end=\"1351\">Trousseau de la mari\u00e9e<\/strong>.<\/p>\n<hr data-start=\"1356\" data-end=\"1359\" \/>\n<h3 data-start=\"1361\" data-end=\"1392\">\u2728 Utilisation &amp; Occasions<\/h3>\n<p data-start=\"1393\" data-end=\"1717\">Vous portez l\u2019<strong data-start=\"1407\" data-end=\"1450\">Ensemble lingerie Alg\u00e9rie aroussa blanc<\/strong> pour la <strong data-start=\"1459\" data-end=\"1474\">\u0644\u064a\u0644\u0629 \u0627\u0644\u062f\u062e\u0644\u0629<\/strong>, la <strong data-start=\"1479\" data-end=\"1496\">\u062a\u0635\u062f\u064a\u0631\u0629 \u0627\u0644\u0639\u0631\u0648\u0633<\/strong>, ou l\u2019ajoutez \u00e0 votre <strong data-start=\"1519\" data-end=\"1535\">\u062c\u0647\u0627\u0632 \u0627\u0644\u0639\u0631\u0648\u0633\u0629<\/strong>. Il repr\u00e9sente aussi un excellent choix de cadeau raffin\u00e9. Combin\u00e9 avec une <strong data-start=\"1612\" data-end=\"1635\">Nuisette de mariage<\/strong> ou un <strong data-start=\"1642\" data-end=\"1665\">Deshabill\u00e9 dentelle<\/strong>, il rehausse votre trousseau de mani\u00e8re \u00e9l\u00e9gante.<\/p>\n<hr data-start=\"1719\" data-end=\"1722\" \/>\n<h3 data-start=\"1724\" data-end=\"1752\">\u2728 Livraison &amp; Paiement<\/h3>\n<p data-start=\"1753\" data-end=\"1961\">Commandez votre <strong data-start=\"1769\" data-end=\"1804\">Ensemble Dentelle aroussa blanc<\/strong> d\u00e8s maintenant et profitez d\u2019une livraison rapide partout en Alg\u00e9rie \ud83d\ude9a. Vous pouvez payer directement \u00e0 la livraison pour plus de s\u00e9curit\u00e9 et de confort.<\/p>\n<p data-start=\"1963\" data-end=\"2049\">\ud83d\udc49 <strong data-start=\"1966\" data-end=\"2047\">Commandez maintenant \u2014 Livraison partout en Alg\u00e9rie \u2014 Paiement \u00e0 la livraison<\/strong><\/p>\n<hr data-start=\"2051\" data-end=\"2054\" \/>\n<h2 data-start=\"2056\" data-end=\"2106\">\ud83d\udd17 Produits autres qui pourraient vous plaire<\/h2>\n<ul data-start=\"2107\" data-end=\"2382\">\n<li data-start=\"2107\" data-end=\"2196\">\n<p data-start=\"2109\" data-end=\"2196\"><a class=\"decorated-link\" href=\"https:\/\/khalti-tamani.com\/dz\/product-category\/nuisette\/\" target=\"_new\" rel=\"noopener\" data-start=\"2109\" data-end=\"2194\">Nuisette blanche pour mari\u00e9e<\/a><\/p>\n<\/li>\n<li data-start=\"2197\" data-end=\"2286\">\n<p data-start=\"2199\" data-end=\"2286\"><a class=\"decorated-link\" href=\"https:\/\/khalti-tamani.com\/dz\/product-category\/deshabille\/\" target=\"_new\" rel=\"noopener\" data-start=\"2199\" data-end=\"2284\">Deshabill\u00e9 mariage \u00e9l\u00e9gant<\/a><\/p>\n<\/li>\n<li data-start=\"2287\" data-end=\"2382\">\n<p data-start=\"2289\" data-end=\"2382\"><a class=\"decorated-link\" href=\"https:\/\/khalti-tamani.com\/dz\/product-category\/ensemble\/\" target=\"_new\" rel=\"noopener\" data-start=\"2289\" data-end=\"2380\">Ensemble chic sp\u00e9cial \u062c\u0647\u0627\u0632 \u0627\u0644\u0639\u0631\u0648\u0633\u0629<\/a><\/p>\n<\/li>\n<\/ul>\n<hr data-start=\"2384\" data-end=\"2387\" \/>\n<h2 data-start=\"2389\" data-end=\"2430\"><\/h2>","protected":false},"excerpt":{"rendered":"<p>L\u2019Ensemble Dentelle aroussa blanc Alg\u00e9rie incarne l\u2019\u00e9l\u00e9gance et la f\u00e9minit\u00e9. Sp\u00e9cialement con\u00e7u pour la mari\u00e9e, cet ensemble compl\u00e8te parfaitement le<\/p>","protected":false},"featured_media":2620,"comment_status":"open","ping_status":"closed","template":"","meta":[],"product_brand":[126],"product_cat":[25],"product_tag":[623,636,367,625,338,629,627],"class_list":{"0":"post-2619","1":"product","2":"type-product","3":"status-publish","4":"has-post-thumbnail","6":"product_brand-golden-line","7":"product_cat-ensemble","8":"product_tag-deux-piece-femme-blanc","9":"product_tag-ensemble-dentelle-aroussa-blanc-algerie","10":"product_tag-ensemble-lingerie-algerie","11":"product_tag-ensemble-soutien-gorge-et-slip-mariage","12":"product_tag-lingerie-mariage-algerie","13":"product_tag-629","14":"product_tag-627","16":"first","17":"outofstock","18":"shipping-taxable","19":"purchasable","20":"product-type-variable","21":"has-default-attributes"},"yoast_head":"<!-- This site is optimized with the Yoast SEO Premium plugin v25.7.1 (Yoast SEO v25.7) - https:\/\/yoast.com\/wordpress\/plugins\/seo\/ -->\n<title>Ensemble Dentelle aroussa blanc Alg\u00e9rie deux pi\u00e8ce femme - Khalti Tamani<\/title>\n<meta name=\"description\" content=\"Ensemble Dentelle aroussa blanc Alg\u00e9rie compos\u00e9 de soutien-gorge et slip (\u0633\u0648\u062a\u064a\u0627\u0646 \u0648\u0633\u0644\u064a\u0628). Un choix raffin\u00e9 pour \u062c\u0647\u0627\u0632 \u0627\u0644\u0639\u0631\u0648\u0633\u0629 et \u0644\u064a\u0644\u0629 \u0627\u0644\u062f\u062e\u0644\u0629\" \/>\n<meta name=\"robots\" content=\"index, follow, max-snippet:-1, max-image-preview:large, max-video-preview:-1\" \/>\n<link rel=\"canonical\" href=\"https:\/\/khalti-tamani.com\/dz\/product\/ensemble-8\/\" \/>\n<meta property=\"og:locale\" content=\"en_US\" \/>\n<meta property=\"og:type\" content=\"article\" \/>\n<meta property=\"og:title\" content=\"Ensemble Dentelle aroussa blanc Alg\u00e9rie deux pi\u00e8ce femme\" \/>\n<meta property=\"og:description\" content=\"Ensemble Dentelle aroussa blanc Alg\u00e9rie compos\u00e9 de soutien-gorge et slip (\u0633\u0648\u062a\u064a\u0627\u0646 \u0648\u0633\u0644\u064a\u0628). Un choix raffin\u00e9 pour \u062c\u0647\u0627\u0632 \u0627\u0644\u0639\u0631\u0648\u0633\u0629 et \u0644\u064a\u0644\u0629 \u0627\u0644\u062f\u062e\u0644\u0629\" \/>\n<meta property=\"og:url\" content=\"https:\/\/khalti-tamani.com\/dz\/product\/ensemble-8\/\" \/>\n<meta property=\"og:site_name\" content=\"Khalti Tamani\" \/>\n<meta property=\"article:publisher\" content=\"https:\/\/facebook.com\/khaltitamani25\" \/>\n<meta property=\"article:modified_time\" content=\"2025-09-22T17:36:44+00:00\" \/>\n<meta property=\"og:image\" content=\"https:\/\/khalti-tamani.com\/wp-content\/uploads\/2025\/08\/282.webp\" \/>\n\t<meta property=\"og:image:width\" content=\"700\" \/>\n\t<meta property=\"og:image:height\" content=\"800\" \/>\n\t<meta property=\"og:image:type\" content=\"image\/webp\" \/>\n<meta name=\"twitter:card\" content=\"summary_large_image\" \/>\n<meta name=\"twitter:label1\" content=\"Est. reading time\" \/>\n\t<meta name=\"twitter:data1\" content=\"2 minutes\" \/>\n<script type=\"application\/ld+json\" class=\"yoast-schema-graph\">{\"@context\":\"https:\/\/schema.org\",\"@graph\":[{\"@type\":\"WebPage\",\"@id\":\"https:\/\/khalti-tamani.com\/produit\/ensemble-8\/\",\"url\":\"https:\/\/khalti-tamani.com\/produit\/ensemble-8\/\",\"name\":\"Ensemble Dentelle aroussa blanc Alg\u00e9rie deux pi\u00e8ce femme - Khalti Tamani\",\"isPartOf\":{\"@id\":\"https:\/\/khalti-tamani.com\/#website\"},\"primaryImageOfPage\":{\"@id\":\"https:\/\/khalti-tamani.com\/produit\/ensemble-8\/#primaryimage\"},\"image\":{\"@id\":\"https:\/\/khalti-tamani.com\/produit\/ensemble-8\/#primaryimage\"},\"thumbnailUrl\":\"https:\/\/khalti-tamani.com\/wp-content\/uploads\/2025\/08\/282.webp\",\"datePublished\":\"2025-08-25T00:26:23+00:00\",\"dateModified\":\"2025-09-22T17:36:44+00:00\",\"description\":\"Ensemble Dentelle aroussa blanc Alg\u00e9rie compos\u00e9 de soutien-gorge et slip (\u0633\u0648\u062a\u064a\u0627\u0646 \u0648\u0633\u0644\u064a\u0628). Un choix raffin\u00e9 pour \u062c\u0647\u0627\u0632 \u0627\u0644\u0639\u0631\u0648\u0633\u0629 et \u0644\u064a\u0644\u0629 \u0627\u0644\u062f\u062e\u0644\u0629\",\"breadcrumb\":{\"@id\":\"https:\/\/khalti-tamani.com\/produit\/ensemble-8\/#breadcrumb\"},\"inLanguage\":\"dz\",\"potentialAction\":[{\"@type\":\"ReadAction\",\"target\":[\"https:\/\/khalti-tamani.com\/produit\/ensemble-8\/\"]}]},{\"@type\":\"ImageObject\",\"inLanguage\":\"dz\",\"@id\":\"https:\/\/khalti-tamani.com\/produit\/ensemble-8\/#primaryimage\",\"url\":\"https:\/\/khalti-tamani.com\/wp-content\/uploads\/2025\/08\/282.webp\",\"contentUrl\":\"https:\/\/khalti-tamani.com\/wp-content\/uploads\/2025\/08\/282.webp\",\"width\":700,\"height\":800},{\"@type\":\"BreadcrumbList\",\"@id\":\"https:\/\/khalti-tamani.com\/produit\/ensemble-8\/#breadcrumb\",\"itemListElement\":[{\"@type\":\"ListItem\",\"position\":1,\"name\":\"Home\",\"item\":\"https:\/\/khalti-tamani.com\/\"},{\"@type\":\"ListItem\",\"position\":2,\"name\":\"Boutique\",\"item\":\"https:\/\/khalti-tamani.com\/dz\/boutique\/\"},{\"@type\":\"ListItem\",\"position\":3,\"name\":\"Ensemble Dentelle aroussa blanc Alg\u00e9rie deux pi\u00e8ce femme\"}]},{\"@type\":\"WebSite\",\"@id\":\"https:\/\/khalti-tamani.com\/#website\",\"url\":\"https:\/\/khalti-tamani.com\/\",\"name\":\"Khalti Tamani\",\"description\":\"\u0627\u0644\u0639\u0631\u0648\u0633\u0629 \u0645\u0627 \u062a\u0632\u064a\u062f\u0634 \u062a\u0639\u0627\u0646\u064a\",\"publisher\":{\"@id\":\"https:\/\/khalti-tamani.com\/#organization\"},\"potentialAction\":[{\"@type\":\"SearchAction\",\"target\":{\"@type\":\"EntryPoint\",\"urlTemplate\":\"https:\/\/khalti-tamani.com\/?s={search_term_string}\"},\"query-input\":{\"@type\":\"PropertyValueSpecification\",\"valueRequired\":true,\"valueName\":\"search_term_string\"}}],\"inLanguage\":\"dz\"},{\"@type\":\"Organization\",\"@id\":\"https:\/\/khalti-tamani.com\/#organization\",\"name\":\"Khalti Tamani\",\"url\":\"https:\/\/khalti-tamani.com\/\",\"logo\":{\"@type\":\"ImageObject\",\"inLanguage\":\"dz\",\"@id\":\"https:\/\/khalti-tamani.com\/#\/schema\/logo\/image\/\",\"url\":\"https:\/\/khalti-tamani.com\/wp-content\/uploads\/2025\/09\/Design-sans-titre-4.webp\",\"contentUrl\":\"https:\/\/khalti-tamani.com\/wp-content\/uploads\/2025\/09\/Design-sans-titre-4.webp\",\"width\":512,\"height\":512,\"caption\":\"Khalti Tamani\"},\"image\":{\"@id\":\"https:\/\/khalti-tamani.com\/#\/schema\/logo\/image\/\"},\"sameAs\":[\"https:\/\/facebook.com\/khaltitamani25\",\"https:\/\/www.instagram.com\/khalti_tamani\",\"https:\/\/www.tiktok.com\/@khalti.tamani\",\"https:\/\/fr.pinterest.com\/khalti_tamani\",\"https:\/\/t.me\/khalti_tamani\"]}]}<\/script>\n<!-- \/ Yoast SEO Premium plugin. -->","yoast_head_json":{"title":"Ensemble Dentelle aroussa blanc Alg\u00e9rie deux pi\u00e8ce femme - Khalti Tamani","description":"Ensemble Dentelle aroussa blanc Alg\u00e9rie compos\u00e9 de soutien-gorge et slip (\u0633\u0648\u062a\u064a\u0627\u0646 \u0648\u0633\u0644\u064a\u0628). Un choix raffin\u00e9 pour \u062c\u0647\u0627\u0632 \u0627\u0644\u0639\u0631\u0648\u0633\u0629 et \u0644\u064a\u0644\u0629 \u0627\u0644\u062f\u062e\u0644\u0629","robots":{"index":"index","follow":"follow","max-snippet":"max-snippet:-1","max-image-preview":"max-image-preview:large","max-video-preview":"max-video-preview:-1"},"canonical":"https:\/\/khalti-tamani.com\/dz\/product\/ensemble-8\/","og_locale":"en_US","og_type":"article","og_title":"Ensemble Dentelle aroussa blanc Alg\u00e9rie deux pi\u00e8ce femme","og_description":"Ensemble Dentelle aroussa blanc Alg\u00e9rie compos\u00e9 de soutien-gorge et slip (\u0633\u0648\u062a\u064a\u0627\u0646 \u0648\u0633\u0644\u064a\u0628). Un choix raffin\u00e9 pour \u062c\u0647\u0627\u0632 \u0627\u0644\u0639\u0631\u0648\u0633\u0629 et \u0644\u064a\u0644\u0629 \u0627\u0644\u062f\u062e\u0644\u0629","og_url":"https:\/\/khalti-tamani.com\/dz\/product\/ensemble-8\/","og_site_name":"Khalti Tamani","article_publisher":"https:\/\/facebook.com\/khaltitamani25","article_modified_time":"2025-09-22T17:36:44+00:00","og_image":[{"width":700,"height":800,"url":"https:\/\/khalti-tamani.com\/wp-content\/uploads\/2025\/08\/282.webp","type":"image\/webp"}],"twitter_card":"summary_large_image","twitter_misc":{"Est. reading time":"2 minutes"},"schema":{"@context":"https:\/\/schema.org","@graph":[{"@type":"WebPage","@id":"https:\/\/khalti-tamani.com\/produit\/ensemble-8\/","url":"https:\/\/khalti-tamani.com\/produit\/ensemble-8\/","name":"Ensemble Dentelle aroussa blanc Alg\u00e9rie deux pi\u00e8ce femme - Khalti Tamani","isPartOf":{"@id":"https:\/\/khalti-tamani.com\/#website"},"primaryImageOfPage":{"@id":"https:\/\/khalti-tamani.com\/produit\/ensemble-8\/#primaryimage"},"image":{"@id":"https:\/\/khalti-tamani.com\/produit\/ensemble-8\/#primaryimage"},"thumbnailUrl":"https:\/\/khalti-tamani.com\/wp-content\/uploads\/2025\/08\/282.webp","datePublished":"2025-08-25T00:26:23+00:00","dateModified":"2025-09-22T17:36:44+00:00","description":"Ensemble Dentelle aroussa blanc Alg\u00e9rie compos\u00e9 de soutien-gorge et slip (\u0633\u0648\u062a\u064a\u0627\u0646 \u0648\u0633\u0644\u064a\u0628). Un choix raffin\u00e9 pour \u062c\u0647\u0627\u0632 \u0627\u0644\u0639\u0631\u0648\u0633\u0629 et \u0644\u064a\u0644\u0629 \u0627\u0644\u062f\u062e\u0644\u0629","breadcrumb":{"@id":"https:\/\/khalti-tamani.com\/produit\/ensemble-8\/#breadcrumb"},"inLanguage":"dz","potentialAction":[{"@type":"ReadAction","target":["https:\/\/khalti-tamani.com\/produit\/ensemble-8\/"]}]},{"@type":"ImageObject","inLanguage":"dz","@id":"https:\/\/khalti-tamani.com\/produit\/ensemble-8\/#primaryimage","url":"https:\/\/khalti-tamani.com\/wp-content\/uploads\/2025\/08\/282.webp","contentUrl":"https:\/\/khalti-tamani.com\/wp-content\/uploads\/2025\/08\/282.webp","width":700,"height":800},{"@type":"BreadcrumbList","@id":"https:\/\/khalti-tamani.com\/produit\/ensemble-8\/#breadcrumb","itemListElement":[{"@type":"ListItem","position":1,"name":"Home","item":"https:\/\/khalti-tamani.com\/"},{"@type":"ListItem","position":2,"name":"Boutique","item":"https:\/\/khalti-tamani.com\/dz\/boutique\/"},{"@type":"ListItem","position":3,"name":"Ensemble Dentelle aroussa blanc Alg\u00e9rie deux pi\u00e8ce femme"}]},{"@type":"WebSite","@id":"https:\/\/khalti-tamani.com\/#website","url":"https:\/\/khalti-tamani.com\/","name":"Khalti Tamani","description":"\u0627\u0644\u0639\u0631\u0648\u0633\u0629 \u0645\u0627 \u062a\u0632\u064a\u062f\u0634 \u062a\u0639\u0627\u0646\u064a","publisher":{"@id":"https:\/\/khalti-tamani.com\/#organization"},"potentialAction":[{"@type":"SearchAction","target":{"@type":"EntryPoint","urlTemplate":"https:\/\/khalti-tamani.com\/?s={search_term_string}"},"query-input":{"@type":"PropertyValueSpecification","valueRequired":true,"valueName":"search_term_string"}}],"inLanguage":"dz"},{"@type":"Organization","@id":"https:\/\/khalti-tamani.com\/#organization","name":"Khalti Tamani","url":"https:\/\/khalti-tamani.com\/","logo":{"@type":"ImageObject","inLanguage":"dz","@id":"https:\/\/khalti-tamani.com\/#\/schema\/logo\/image\/","url":"https:\/\/khalti-tamani.com\/wp-content\/uploads\/2025\/09\/Design-sans-titre-4.webp","contentUrl":"https:\/\/khalti-tamani.com\/wp-content\/uploads\/2025\/09\/Design-sans-titre-4.webp","width":512,"height":512,"caption":"Khalti Tamani"},"image":{"@id":"https:\/\/khalti-tamani.com\/#\/schema\/logo\/image\/"},"sameAs":["https:\/\/facebook.com\/khaltitamani25","https:\/\/www.instagram.com\/khalti_tamani","https:\/\/www.tiktok.com\/@khalti.tamani","https:\/\/fr.pinterest.com\/khalti_tamani","https:\/\/t.me\/khalti_tamani"]}]}},"_links":{"self":[{"href":"https:\/\/khalti-tamani.com\/dz\/wp-json\/wp\/v2\/product\/2619","targetHints":{"allow":["GET"]}}],"collection":[{"href":"https:\/\/khalti-tamani.com\/dz\/wp-json\/wp\/v2\/product"}],"about":[{"href":"https:\/\/khalti-tamani.com\/dz\/wp-json\/wp\/v2\/types\/product"}],"replies":[{"embeddable":true,"href":"https:\/\/khalti-tamani.com\/dz\/wp-json\/wp\/v2\/comments?post=2619"}],"version-history":[{"count":3,"href":"https:\/\/khalti-tamani.com\/dz\/wp-json\/wp\/v2\/product\/2619\/revisions"}],"predecessor-version":[{"id":3885,"href":"https:\/\/khalti-tamani.com\/dz\/wp-json\/wp\/v2\/product\/2619\/revisions\/3885"}],"wp:featuredmedia":[{"embeddable":true,"href":"https:\/\/khalti-tamani.com\/dz\/wp-json\/wp\/v2\/media\/2620"}],"wp:attachment":[{"href":"https:\/\/khalti-tamani.com\/dz\/wp-json\/wp\/v2\/media?parent=2619"}],"wp:term":[{"taxonomy":"product_brand","embeddable":true,"href":"https:\/\/khalti-tamani.com\/dz\/wp-json\/wp\/v2\/product_brand?post=2619"},{"taxonomy":"product_cat","embeddable":true,"href":"https:\/\/khalti-tamani.com\/dz\/wp-json\/wp\/v2\/product_cat?post=2619"},{"taxonomy":"product_tag","embeddable":true,"href":"https:\/\/khalti-tamani.com\/dz\/wp-json\/wp\/v2\/product_tag?post=2619"}],"curies":[{"name":"wp","href":"https:\/\/api.w.org\/{rel}","templated":true}]}}