{"id":3370,"date":"2025-09-02T01:03:20","date_gmt":"2025-09-02T01:03:20","guid":{"rendered":"https:\/\/khalti-tamani.com\/?post_type=product&#038;p=3370"},"modified":"2025-11-16T11:05:17","modified_gmt":"2025-11-16T11:05:17","slug":"ensemble-sous-vetement","status":"publish","type":"product","link":"https:\/\/khalti-tamani.com\/dz\/product\/ensemble-sous-vetement\/","title":{"rendered":"Ensemble sous v\u00eatement femme mari\u00e9e  Alg\u00e9rie"},"content":{"rendered":"<p data-start=\"430\" data-end=\"655\">L\u2019<strong data-start=\"432\" data-end=\"458\">Ensemble sous v\u00eatement<\/strong> est un indispensable pour la mari\u00e9e en Alg\u00e9rie. En effet, il allie confort, sensualit\u00e9 et \u00e9l\u00e9gance. Ainsi, il compl\u00e8te parfaitement le <strong data-start=\"594\" data-end=\"610\">\u062c\u0647\u0627\u0632 \u0627\u0644\u0639\u0631\u0648\u0633\u0629<\/strong> et enrichit le <strong data-start=\"626\" data-end=\"652\">Trousseau de la mari\u00e9e<\/strong>.<\/p>\n<p data-start=\"657\" data-end=\"683\">\u2728 <strong data-start=\"659\" data-end=\"681\">Caract\u00e9ristiques :<\/strong><\/p>\n<ul data-start=\"684\" data-end=\"1034\">\n<li data-start=\"684\" data-end=\"750\">\n<p data-start=\"686\" data-end=\"750\">Mati\u00e8re : Satin doux, microfibre respirante et r\u00e9sille moderne<\/p>\n<\/li>\n<li data-start=\"751\" data-end=\"835\">\n<p data-start=\"753\" data-end=\"835\">Style : Ensemble 2 ou 3 pi\u00e8ces (soutien-gorge, culotte, jarreti\u00e8re selon mod\u00e8le)<\/p>\n<\/li>\n<li data-start=\"836\" data-end=\"897\">\n<p data-start=\"838\" data-end=\"897\">Couleurs : Blanc classique, rouge passion et noir \u00e9l\u00e9gant<\/p>\n<\/li>\n<li data-start=\"898\" data-end=\"963\">\n<p data-start=\"900\" data-end=\"963\">Taille : Plusieurs tailles adapt\u00e9es \u00e0 toutes les morphologies<\/p>\n<\/li>\n<li data-start=\"964\" data-end=\"1034\">\n<p data-start=\"966\" data-end=\"1034\">Confort : Tissu agr\u00e9able et l\u00e9ger pour un port quotidien ou intime<\/p>\n<\/li>\n<\/ul>\n<p data-start=\"1036\" data-end=\"1233\">Gr\u00e2ce \u00e0 sa coupe moderne, l\u2019<strong data-start=\"1064\" data-end=\"1090\">Ensemble sous v\u00eatement<\/strong> met en valeur la silhouette f\u00e9minine. De plus, il reste confortable et s\u00e9duisant. Ainsi, il devient une pi\u00e8ce phare de la <strong data-start=\"1213\" data-end=\"1230\">\u062a\u0635\u062f\u064a\u0631\u0629 \u0627\u0644\u0639\u0631\u0648\u0633<\/strong>.<\/p>\n<p data-start=\"1235\" data-end=\"1499\">Id\u00e9al pour la <strong data-start=\"1249\" data-end=\"1264\">\u0644\u064a\u0644\u0629 \u0627\u0644\u062f\u062e\u0644\u0629<\/strong>, il accompagne la mari\u00e9e aussi durant sa lune de miel. En effet, il peut aussi \u00eatre offert comme cadeau raffin\u00e9 \u00e0 une future \u00e9pouse. De plus, il constitue un choix parfait pour enrichir le <strong data-start=\"1454\" data-end=\"1470\">\u062c\u0647\u0627\u0632 \u0627\u0644\u0639\u0631\u0648\u0633\u0629<\/strong> avec charme et sensualit\u00e9.<\/p>\n<p data-start=\"1501\" data-end=\"1654\">Nous assurons une <strong data-start=\"1519\" data-end=\"1573\">livraison rapide dans toutes les wilayas d\u2019Alg\u00e9rie<\/strong>. De plus, le <strong data-start=\"1587\" data-end=\"1614\">paiement \u00e0 la livraison<\/strong> rend vos achats simples et s\u00e9curis\u00e9s.<\/p>\n<p data-start=\"1656\" data-end=\"1742\">\u27a1\ufe0f <strong data-start=\"1659\" data-end=\"1740\">Commandez maintenant \u2014 Livraison partout en Alg\u00e9rie \u2014 Paiement \u00e0 la livraison<\/strong><\/p>\n<p data-start=\"1744\" data-end=\"1794\"><strong data-start=\"1744\" data-end=\"1792\">Produits autres qui pourraient vous plaire :<\/strong><\/p>\n<ul data-start=\"1795\" data-end=\"2048\">\n<li data-start=\"1795\" data-end=\"1872\">\n<p data-start=\"1797\" data-end=\"1872\"><a class=\"decorated-link\" href=\"https:\/\/khalti-tamani.com\/dz\/product\/ensemble-dentelle\/\" target=\"_new\" rel=\"noopener\" data-start=\"1797\" data-end=\"1870\">Ensemble dentelle<\/a><\/p>\n<\/li>\n<li data-start=\"1873\" data-end=\"1944\">\n<p data-start=\"1875\" data-end=\"1944\"><a class=\"decorated-link\" href=\"https:\/\/khalti-tamani.com\/dz\/product\/ensemble-bride\/\" target=\"_new\" rel=\"noopener\" data-start=\"1875\" data-end=\"1942\">Ensemble bride<\/a><\/p>\n<\/li>\n<li data-start=\"1945\" data-end=\"2048\">\n<p data-start=\"1947\" data-end=\"2048\"><a class=\"decorated-link\" href=\"https:\/\/khalti-tamani.com\/dz\/product\/ensemble-bride-dos-transparent\/\" target=\"_new\" rel=\"noopener\" data-start=\"1947\" data-end=\"2046\">Ensemble bride dos transparent<\/a><\/p>\n<\/li>\n<\/ul>","protected":false},"excerpt":{"rendered":"<p>L\u2019Ensemble sous v\u00eatement est un indispensable pour la mari\u00e9e en Alg\u00e9rie. En effet, il allie confort, sensualit\u00e9 et \u00e9l\u00e9gance. Ainsi,<\/p>","protected":false},"featured_media":3335,"comment_status":"open","ping_status":"closed","template":"","meta":[],"product_brand":[127],"product_cat":[25],"product_tag":[],"class_list":{"0":"post-3370","1":"product","2":"type-product","3":"status-publish","4":"has-post-thumbnail","6":"product_brand-ancona","7":"product_cat-ensemble","9":"first","10":"outofstock","11":"shipping-taxable","12":"purchasable","13":"product-type-simple"},"yoast_head":"<!-- This site is optimized with the Yoast SEO Premium plugin v25.7.1 (Yoast SEO v25.7) - https:\/\/yoast.com\/wordpress\/plugins\/seo\/ -->\n<title>Ensemble sous v\u00eatement femme mari\u00e9e Alg\u00e9rie - Khalti Tamani<\/title>\n<meta name=\"description\" content=\"Ensemble sous v\u00eatement femme \u00e9l\u00e9gant pour mari\u00e9e en Alg\u00e9rie. Parfait pour \u062c\u0647\u0627\u0632 \u0627\u0644\u0639\u0631\u0648\u0633\u0629 avec livraison rapide et paiement \u00e0 la r\u00e9ception.\" \/>\n<meta name=\"robots\" content=\"index, follow, max-snippet:-1, max-image-preview:large, max-video-preview:-1\" \/>\n<link rel=\"canonical\" href=\"https:\/\/khalti-tamani.com\/dz\/product\/ensemble-sous-vetement\/\" \/>\n<meta property=\"og:locale\" content=\"en_US\" \/>\n<meta property=\"og:type\" content=\"article\" \/>\n<meta property=\"og:title\" content=\"Ensemble sous v\u00eatement femme mari\u00e9e Alg\u00e9rie\" \/>\n<meta property=\"og:description\" content=\"Ensemble sous v\u00eatement femme \u00e9l\u00e9gant pour mari\u00e9e en Alg\u00e9rie. Parfait pour \u062c\u0647\u0627\u0632 \u0627\u0644\u0639\u0631\u0648\u0633\u0629 avec livraison rapide et paiement \u00e0 la r\u00e9ception.\" \/>\n<meta property=\"og:url\" content=\"https:\/\/khalti-tamani.com\/dz\/product\/ensemble-sous-vetement\/\" \/>\n<meta property=\"og:site_name\" content=\"Khalti Tamani\" \/>\n<meta property=\"article:publisher\" content=\"https:\/\/facebook.com\/khaltitamani25\" \/>\n<meta property=\"article:modified_time\" content=\"2025-11-16T11:05:17+00:00\" \/>\n<meta property=\"og:image\" content=\"https:\/\/khalti-tamani.com\/wp-content\/uploads\/2025\/09\/119.webp\" \/>\n\t<meta property=\"og:image:width\" content=\"700\" \/>\n\t<meta property=\"og:image:height\" content=\"800\" \/>\n\t<meta property=\"og:image:type\" content=\"image\/webp\" \/>\n<meta name=\"twitter:card\" content=\"summary_large_image\" \/>\n<meta name=\"twitter:label1\" content=\"Est. reading time\" \/>\n\t<meta name=\"twitter:data1\" content=\"2 minutes\" \/>\n<script type=\"application\/ld+json\" class=\"yoast-schema-graph\">{\"@context\":\"https:\/\/schema.org\",\"@graph\":[{\"@type\":\"WebPage\",\"@id\":\"https:\/\/khalti-tamani.com\/produit\/ensemble-sous-vetement\/\",\"url\":\"https:\/\/khalti-tamani.com\/produit\/ensemble-sous-vetement\/\",\"name\":\"Ensemble sous v\u00eatement femme mari\u00e9e Alg\u00e9rie - Khalti Tamani\",\"isPartOf\":{\"@id\":\"https:\/\/khalti-tamani.com\/#website\"},\"primaryImageOfPage\":{\"@id\":\"https:\/\/khalti-tamani.com\/produit\/ensemble-sous-vetement\/#primaryimage\"},\"image\":{\"@id\":\"https:\/\/khalti-tamani.com\/produit\/ensemble-sous-vetement\/#primaryimage\"},\"thumbnailUrl\":\"https:\/\/khalti-tamani.com\/wp-content\/uploads\/2025\/09\/119.webp\",\"datePublished\":\"2025-09-02T01:03:20+00:00\",\"dateModified\":\"2025-11-16T11:05:17+00:00\",\"description\":\"Ensemble sous v\u00eatement femme \u00e9l\u00e9gant pour mari\u00e9e en Alg\u00e9rie. Parfait pour \u062c\u0647\u0627\u0632 \u0627\u0644\u0639\u0631\u0648\u0633\u0629 avec livraison rapide et paiement \u00e0 la r\u00e9ception.\",\"breadcrumb\":{\"@id\":\"https:\/\/khalti-tamani.com\/produit\/ensemble-sous-vetement\/#breadcrumb\"},\"inLanguage\":\"dz\",\"potentialAction\":[{\"@type\":\"ReadAction\",\"target\":[\"https:\/\/khalti-tamani.com\/produit\/ensemble-sous-vetement\/\"]}]},{\"@type\":\"ImageObject\",\"inLanguage\":\"dz\",\"@id\":\"https:\/\/khalti-tamani.com\/produit\/ensemble-sous-vetement\/#primaryimage\",\"url\":\"https:\/\/khalti-tamani.com\/wp-content\/uploads\/2025\/09\/119.webp\",\"contentUrl\":\"https:\/\/khalti-tamani.com\/wp-content\/uploads\/2025\/09\/119.webp\",\"width\":700,\"height\":800},{\"@type\":\"BreadcrumbList\",\"@id\":\"https:\/\/khalti-tamani.com\/produit\/ensemble-sous-vetement\/#breadcrumb\",\"itemListElement\":[{\"@type\":\"ListItem\",\"position\":1,\"name\":\"Home\",\"item\":\"https:\/\/khalti-tamani.com\/\"},{\"@type\":\"ListItem\",\"position\":2,\"name\":\"Boutique\",\"item\":\"https:\/\/khalti-tamani.com\/dz\/boutique\/\"},{\"@type\":\"ListItem\",\"position\":3,\"name\":\"Ensemble sous v\u00eatement femme mari\u00e9e Alg\u00e9rie\"}]},{\"@type\":\"WebSite\",\"@id\":\"https:\/\/khalti-tamani.com\/#website\",\"url\":\"https:\/\/khalti-tamani.com\/\",\"name\":\"Khalti Tamani\",\"description\":\"\u0627\u0644\u0639\u0631\u0648\u0633\u0629 \u0645\u0627 \u062a\u0632\u064a\u062f\u0634 \u062a\u0639\u0627\u0646\u064a\",\"publisher\":{\"@id\":\"https:\/\/khalti-tamani.com\/#organization\"},\"potentialAction\":[{\"@type\":\"SearchAction\",\"target\":{\"@type\":\"EntryPoint\",\"urlTemplate\":\"https:\/\/khalti-tamani.com\/?s={search_term_string}\"},\"query-input\":{\"@type\":\"PropertyValueSpecification\",\"valueRequired\":true,\"valueName\":\"search_term_string\"}}],\"inLanguage\":\"dz\"},{\"@type\":\"Organization\",\"@id\":\"https:\/\/khalti-tamani.com\/#organization\",\"name\":\"Khalti Tamani\",\"url\":\"https:\/\/khalti-tamani.com\/\",\"logo\":{\"@type\":\"ImageObject\",\"inLanguage\":\"dz\",\"@id\":\"https:\/\/khalti-tamani.com\/#\/schema\/logo\/image\/\",\"url\":\"https:\/\/khalti-tamani.com\/wp-content\/uploads\/2025\/09\/Design-sans-titre-4.webp\",\"contentUrl\":\"https:\/\/khalti-tamani.com\/wp-content\/uploads\/2025\/09\/Design-sans-titre-4.webp\",\"width\":512,\"height\":512,\"caption\":\"Khalti Tamani\"},\"image\":{\"@id\":\"https:\/\/khalti-tamani.com\/#\/schema\/logo\/image\/\"},\"sameAs\":[\"https:\/\/facebook.com\/khaltitamani25\",\"https:\/\/www.instagram.com\/khalti_tamani\",\"https:\/\/www.tiktok.com\/@khalti.tamani\",\"https:\/\/fr.pinterest.com\/khalti_tamani\",\"https:\/\/t.me\/khalti_tamani\"]}]}<\/script>\n<!-- \/ Yoast SEO Premium plugin. -->","yoast_head_json":{"title":"Ensemble sous v\u00eatement femme mari\u00e9e Alg\u00e9rie - Khalti Tamani","description":"Ensemble sous v\u00eatement femme \u00e9l\u00e9gant pour mari\u00e9e en Alg\u00e9rie. Parfait pour \u062c\u0647\u0627\u0632 \u0627\u0644\u0639\u0631\u0648\u0633\u0629 avec livraison rapide et paiement \u00e0 la r\u00e9ception.","robots":{"index":"index","follow":"follow","max-snippet":"max-snippet:-1","max-image-preview":"max-image-preview:large","max-video-preview":"max-video-preview:-1"},"canonical":"https:\/\/khalti-tamani.com\/dz\/product\/ensemble-sous-vetement\/","og_locale":"en_US","og_type":"article","og_title":"Ensemble sous v\u00eatement femme mari\u00e9e Alg\u00e9rie","og_description":"Ensemble sous v\u00eatement femme \u00e9l\u00e9gant pour mari\u00e9e en Alg\u00e9rie. Parfait pour \u062c\u0647\u0627\u0632 \u0627\u0644\u0639\u0631\u0648\u0633\u0629 avec livraison rapide et paiement \u00e0 la r\u00e9ception.","og_url":"https:\/\/khalti-tamani.com\/dz\/product\/ensemble-sous-vetement\/","og_site_name":"Khalti Tamani","article_publisher":"https:\/\/facebook.com\/khaltitamani25","article_modified_time":"2025-11-16T11:05:17+00:00","og_image":[{"width":700,"height":800,"url":"https:\/\/khalti-tamani.com\/wp-content\/uploads\/2025\/09\/119.webp","type":"image\/webp"}],"twitter_card":"summary_large_image","twitter_misc":{"Est. reading time":"2 minutes"},"schema":{"@context":"https:\/\/schema.org","@graph":[{"@type":"WebPage","@id":"https:\/\/khalti-tamani.com\/produit\/ensemble-sous-vetement\/","url":"https:\/\/khalti-tamani.com\/produit\/ensemble-sous-vetement\/","name":"Ensemble sous v\u00eatement femme mari\u00e9e Alg\u00e9rie - Khalti Tamani","isPartOf":{"@id":"https:\/\/khalti-tamani.com\/#website"},"primaryImageOfPage":{"@id":"https:\/\/khalti-tamani.com\/produit\/ensemble-sous-vetement\/#primaryimage"},"image":{"@id":"https:\/\/khalti-tamani.com\/produit\/ensemble-sous-vetement\/#primaryimage"},"thumbnailUrl":"https:\/\/khalti-tamani.com\/wp-content\/uploads\/2025\/09\/119.webp","datePublished":"2025-09-02T01:03:20+00:00","dateModified":"2025-11-16T11:05:17+00:00","description":"Ensemble sous v\u00eatement femme \u00e9l\u00e9gant pour mari\u00e9e en Alg\u00e9rie. Parfait pour \u062c\u0647\u0627\u0632 \u0627\u0644\u0639\u0631\u0648\u0633\u0629 avec livraison rapide et paiement \u00e0 la r\u00e9ception.","breadcrumb":{"@id":"https:\/\/khalti-tamani.com\/produit\/ensemble-sous-vetement\/#breadcrumb"},"inLanguage":"dz","potentialAction":[{"@type":"ReadAction","target":["https:\/\/khalti-tamani.com\/produit\/ensemble-sous-vetement\/"]}]},{"@type":"ImageObject","inLanguage":"dz","@id":"https:\/\/khalti-tamani.com\/produit\/ensemble-sous-vetement\/#primaryimage","url":"https:\/\/khalti-tamani.com\/wp-content\/uploads\/2025\/09\/119.webp","contentUrl":"https:\/\/khalti-tamani.com\/wp-content\/uploads\/2025\/09\/119.webp","width":700,"height":800},{"@type":"BreadcrumbList","@id":"https:\/\/khalti-tamani.com\/produit\/ensemble-sous-vetement\/#breadcrumb","itemListElement":[{"@type":"ListItem","position":1,"name":"Home","item":"https:\/\/khalti-tamani.com\/"},{"@type":"ListItem","position":2,"name":"Boutique","item":"https:\/\/khalti-tamani.com\/dz\/boutique\/"},{"@type":"ListItem","position":3,"name":"Ensemble sous v\u00eatement femme mari\u00e9e Alg\u00e9rie"}]},{"@type":"WebSite","@id":"https:\/\/khalti-tamani.com\/#website","url":"https:\/\/khalti-tamani.com\/","name":"Khalti Tamani","description":"\u0627\u0644\u0639\u0631\u0648\u0633\u0629 \u0645\u0627 \u062a\u0632\u064a\u062f\u0634 \u062a\u0639\u0627\u0646\u064a","publisher":{"@id":"https:\/\/khalti-tamani.com\/#organization"},"potentialAction":[{"@type":"SearchAction","target":{"@type":"EntryPoint","urlTemplate":"https:\/\/khalti-tamani.com\/?s={search_term_string}"},"query-input":{"@type":"PropertyValueSpecification","valueRequired":true,"valueName":"search_term_string"}}],"inLanguage":"dz"},{"@type":"Organization","@id":"https:\/\/khalti-tamani.com\/#organization","name":"Khalti Tamani","url":"https:\/\/khalti-tamani.com\/","logo":{"@type":"ImageObject","inLanguage":"dz","@id":"https:\/\/khalti-tamani.com\/#\/schema\/logo\/image\/","url":"https:\/\/khalti-tamani.com\/wp-content\/uploads\/2025\/09\/Design-sans-titre-4.webp","contentUrl":"https:\/\/khalti-tamani.com\/wp-content\/uploads\/2025\/09\/Design-sans-titre-4.webp","width":512,"height":512,"caption":"Khalti Tamani"},"image":{"@id":"https:\/\/khalti-tamani.com\/#\/schema\/logo\/image\/"},"sameAs":["https:\/\/facebook.com\/khaltitamani25","https:\/\/www.instagram.com\/khalti_tamani","https:\/\/www.tiktok.com\/@khalti.tamani","https:\/\/fr.pinterest.com\/khalti_tamani","https:\/\/t.me\/khalti_tamani"]}]}},"_links":{"self":[{"href":"https:\/\/khalti-tamani.com\/dz\/wp-json\/wp\/v2\/product\/3370","targetHints":{"allow":["GET"]}}],"collection":[{"href":"https:\/\/khalti-tamani.com\/dz\/wp-json\/wp\/v2\/product"}],"about":[{"href":"https:\/\/khalti-tamani.com\/dz\/wp-json\/wp\/v2\/types\/product"}],"replies":[{"embeddable":true,"href":"https:\/\/khalti-tamani.com\/dz\/wp-json\/wp\/v2\/comments?post=3370"}],"version-history":[{"count":3,"href":"https:\/\/khalti-tamani.com\/dz\/wp-json\/wp\/v2\/product\/3370\/revisions"}],"predecessor-version":[{"id":3940,"href":"https:\/\/khalti-tamani.com\/dz\/wp-json\/wp\/v2\/product\/3370\/revisions\/3940"}],"wp:featuredmedia":[{"embeddable":true,"href":"https:\/\/khalti-tamani.com\/dz\/wp-json\/wp\/v2\/media\/3335"}],"wp:attachment":[{"href":"https:\/\/khalti-tamani.com\/dz\/wp-json\/wp\/v2\/media?parent=3370"}],"wp:term":[{"taxonomy":"product_brand","embeddable":true,"href":"https:\/\/khalti-tamani.com\/dz\/wp-json\/wp\/v2\/product_brand?post=3370"},{"taxonomy":"product_cat","embeddable":true,"href":"https:\/\/khalti-tamani.com\/dz\/wp-json\/wp\/v2\/product_cat?post=3370"},{"taxonomy":"product_tag","embeddable":true,"href":"https:\/\/khalti-tamani.com\/dz\/wp-json\/wp\/v2\/product_tag?post=3370"}],"curies":[{"name":"wp","href":"https:\/\/api.w.org\/{rel}","templated":true}]}}