{"id":3802,"date":"2025-09-19T17:53:11","date_gmt":"2025-09-19T17:53:11","guid":{"rendered":"https:\/\/khalti-tamani.com\/?post_type=product&#038;p=3802"},"modified":"2025-12-07T20:39:04","modified_gmt":"2025-12-07T20:39:04","slug":"lingerie-de-mariage-big-size-deshabiller-satin-blanc-rouge-algerie","status":"publish","type":"product","link":"https:\/\/khalti-tamani.com\/dz\/product\/lingerie-de-mariage-big-size-deshabiller-satin-blanc-rouge-algerie\/","title":{"rendered":"Lingerie de mariage big size D\u00e9shabiller satin blanc rouge Alg\u00e9rie"},"content":{"rendered":"<p data-start=\"332\" data-end=\"680\">La <strong data-start=\"375\" data-end=\"407\">Lingerie de mariage big size<\/strong> est le choix parfait pour les mari\u00e9es alg\u00e9riennes qui veulent allier \u00e9l\u00e9gance et confort. Ce <strong data-start=\"501\" data-end=\"543\">D\u00e9shabiller satin blanc rouge big size<\/strong> est sp\u00e9cialement con\u00e7u pour sublimer la silhouette tout en offrant une aisance incomparable, id\u00e9al pour compl\u00e9ter le <strong data-start=\"661\" data-end=\"677\">\u062c\u0647\u0627\u0632 \u0627\u0644\u0639\u0631\u0648\u0633\u0629<\/strong>.<\/p>\n<p data-start=\"682\" data-end=\"719\">\u2728 <strong data-start=\"684\" data-end=\"717\">Caract\u00e9ristiques du produit :<\/strong><\/p>\n<ul data-start=\"720\" data-end=\"980\">\n<li data-start=\"720\" data-end=\"759\">\n<p data-start=\"722\" data-end=\"759\">Type : D\u00e9shabiller mariage big size<\/p>\n<\/li>\n<li data-start=\"760\" data-end=\"816\">\n<p data-start=\"762\" data-end=\"816\">Mati\u00e8re : satin de haute qualit\u00e9, fluide et brillant<\/p>\n<\/li>\n<li data-start=\"817\" data-end=\"876\">\n<p data-start=\"819\" data-end=\"876\">Couleurs : blanc &amp; rouge, symboles de puret\u00e9 et passion<\/p>\n<\/li>\n<li data-start=\"877\" data-end=\"939\">\n<p data-start=\"879\" data-end=\"939\">Taille : big size, adapt\u00e9e aux mari\u00e9es rondes et \u00e9l\u00e9gantes<\/p>\n<\/li>\n<li data-start=\"940\" data-end=\"980\">\n<p data-start=\"942\" data-end=\"980\">Style : chic, glamour et confortable<\/p>\n<\/li>\n<\/ul>\n<p data-start=\"982\" data-end=\"1181\">Le satin soyeux de cette <strong data-start=\"1007\" data-end=\"1039\">Lingerie de mariage big size<\/strong> \u00e9pouse les formes sans les contraindre. Sa coupe raffin\u00e9e met en valeur la f\u00e9minit\u00e9 de chaque mari\u00e9e, en offrant douceur et confort absolu.<\/p>\n<p data-start=\"1183\" data-end=\"1450\">Parfait pour la <strong data-start=\"1199\" data-end=\"1214\">\u0644\u064a\u0644\u0629 \u0627\u0644\u062f\u062e\u0644\u0629<\/strong>, la <strong data-start=\"1219\" data-end=\"1236\">\u062a\u0635\u062f\u064a\u0631\u0629 \u0627\u0644\u0639\u0631\u0648\u0633<\/strong> ou encore comme cadeau de mariage raffin\u00e9, ce d\u00e9shabiller est une pi\u00e8ce ma\u00eetresse du <strong data-start=\"1322\" data-end=\"1348\">Trousseau de la mari\u00e9e<\/strong>. Avec ses couleurs blanc et rouge, il symbolise la romance et la passion d\u2019une nouvelle vie \u00e0 deux.<\/p>\n<p data-start=\"1452\" data-end=\"1592\">Nous assurons la <strong data-start=\"1469\" data-end=\"1516\">livraison dans toutes les wilayas d\u2019Alg\u00e9rie<\/strong> avec la possibilit\u00e9 de paiement \u00e0 la livraison pour plus de tranquillit\u00e9.<\/p>\n<p data-start=\"1594\" data-end=\"1677\"><strong data-start=\"1594\" data-end=\"1675\">Commandez maintenant \u2014 Livraison partout en Alg\u00e9rie \u2014 Paiement \u00e0 la livraison<\/strong><\/p>\n<hr data-start=\"1679\" data-end=\"1682\" \/>\n<h3 data-start=\"1684\" data-end=\"1734\">Produits autres qui pourraient vous plaire :<\/h3>\n<ul data-start=\"1735\" data-end=\"1998\">\n<li data-start=\"1735\" data-end=\"1824\">\n<p data-start=\"1737\" data-end=\"1824\"><a class=\"decorated-link\" href=\"https:\/\/khalti-tamani.com\/dz\/product\/deshabiller-long-strass\/\" target=\"_new\" rel=\"noopener\" data-start=\"1737\" data-end=\"1822\">D\u00e9shabiller long strass<\/a><\/p>\n<\/li>\n<li data-start=\"1825\" data-end=\"1928\">\n<p data-start=\"1827\" data-end=\"1928\"><a class=\"decorated-link\" href=\"https:\/\/khalti-tamani.com\/dz\/product\/ensemble-bride-dos-transparent\/\" target=\"_new\" rel=\"noopener\" data-start=\"1827\" data-end=\"1926\">Ensemble bride dos transparent<\/a><\/p>\n<\/li>\n<li data-start=\"1929\" data-end=\"1998\">\n<p data-start=\"1931\" data-end=\"1998\"><a class=\"decorated-link\" href=\"https:\/\/khalti-tamani.com\/dz\/product-category\/nuisette\/\" target=\"_new\" rel=\"noopener\" data-start=\"1931\" data-end=\"1996\">Nuisette<\/a><\/p>\n<\/li>\n<\/ul>","protected":false},"excerpt":{"rendered":"<p>\ud83d\udccf Tailles : standard de 38 \u00e0 44<\/p>\n<p>\ud83d\udccf \u0627\u0644\u0645\u0642\u0627\u0633\u0627\u062a: \u0633\u062a\u0648\u0646\u062f\u0627\u0631 \u0645\u0646 38 \u2013 44<\/p>\n<p>\ud83d\ude9a Livraison rapide 58 wilayas<\/p>","protected":false},"featured_media":3804,"comment_status":"open","ping_status":"closed","template":"","meta":[],"product_brand":[126],"product_cat":[32],"product_tag":[536,535,252,539,538,537,393],"class_list":{"0":"post-3802","1":"product","2":"type-product","3":"status-publish","4":"has-post-thumbnail","6":"product_brand-golden-line","7":"product_cat-deshabille","8":"product_tag-deshabiller-satin-blanc-rouge","9":"product_tag-lingerie-de-mariage-big-size-algerie","10":"product_tag-lingerie-grande-taille-algerie","11":"product_tag---satin","12":"product_tag---big-size","13":"product_tag-537","14":"product_tag-393","16":"first","17":"instock","18":"shipping-taxable","19":"purchasable","20":"product-type-variable","21":"has-default-attributes"},"yoast_head":"<!-- This site is optimized with the Yoast SEO Premium plugin v25.7.1 (Yoast SEO v25.7) - https:\/\/yoast.com\/wordpress\/plugins\/seo\/ -->\n<title>Lingerie de mariage big size D\u00e9shabiller satin blanc rouge Alg\u00e9rie - Khalti Tamani<\/title>\n<meta name=\"description\" content=\"M\u00e9ta description: D\u00e9couvrez notre Lingerie de mariage big size satin blanc rouge en Alg\u00e9rie. D\u00e9shabiller \u00e9l\u00e9gant pour mari\u00e9e, livraison rapide\" \/>\n<meta name=\"robots\" content=\"index, follow, max-snippet:-1, max-image-preview:large, max-video-preview:-1\" \/>\n<link rel=\"canonical\" href=\"https:\/\/khalti-tamani.com\/dz\/product\/lingerie-de-mariage-big-size-deshabiller-satin-blanc-rouge-algerie\/\" \/>\n<meta property=\"og:locale\" content=\"en_US\" \/>\n<meta property=\"og:type\" content=\"article\" \/>\n<meta property=\"og:title\" content=\"Lingerie de mariage big size D\u00e9shabiller satin blanc rouge Alg\u00e9rie\" \/>\n<meta property=\"og:description\" content=\"M\u00e9ta description: D\u00e9couvrez notre Lingerie de mariage big size satin blanc rouge en Alg\u00e9rie. D\u00e9shabiller \u00e9l\u00e9gant pour mari\u00e9e, livraison rapide\" \/>\n<meta property=\"og:url\" content=\"https:\/\/khalti-tamani.com\/dz\/product\/lingerie-de-mariage-big-size-deshabiller-satin-blanc-rouge-algerie\/\" \/>\n<meta property=\"og:site_name\" content=\"Khalti Tamani\" \/>\n<meta property=\"article:publisher\" content=\"https:\/\/facebook.com\/khaltitamani25\" \/>\n<meta property=\"article:modified_time\" content=\"2025-12-07T20:39:04+00:00\" \/>\n<meta property=\"og:image\" content=\"https:\/\/khalti-tamani.com\/wp-content\/uploads\/2025\/09\/Design-sans-titre-14.webp\" \/>\n\t<meta property=\"og:image:width\" content=\"700\" \/>\n\t<meta property=\"og:image:height\" content=\"800\" \/>\n\t<meta property=\"og:image:type\" content=\"image\/webp\" \/>\n<meta name=\"twitter:card\" content=\"summary_large_image\" \/>\n<meta name=\"twitter:label1\" content=\"Est. reading time\" \/>\n\t<meta name=\"twitter:data1\" content=\"2 minutes\" \/>\n<script type=\"application\/ld+json\" class=\"yoast-schema-graph\">{\"@context\":\"https:\/\/schema.org\",\"@graph\":[{\"@type\":\"WebPage\",\"@id\":\"https:\/\/khalti-tamani.com\/produit\/lingerie-de-mariage-big-size-deshabiller-satin-blanc-rouge-algerie\/\",\"url\":\"https:\/\/khalti-tamani.com\/produit\/lingerie-de-mariage-big-size-deshabiller-satin-blanc-rouge-algerie\/\",\"name\":\"Lingerie de mariage big size D\u00e9shabiller satin blanc rouge Alg\u00e9rie - Khalti Tamani\",\"isPartOf\":{\"@id\":\"https:\/\/khalti-tamani.com\/#website\"},\"primaryImageOfPage\":{\"@id\":\"https:\/\/khalti-tamani.com\/produit\/lingerie-de-mariage-big-size-deshabiller-satin-blanc-rouge-algerie\/#primaryimage\"},\"image\":{\"@id\":\"https:\/\/khalti-tamani.com\/produit\/lingerie-de-mariage-big-size-deshabiller-satin-blanc-rouge-algerie\/#primaryimage\"},\"thumbnailUrl\":\"https:\/\/khalti-tamani.com\/wp-content\/uploads\/2025\/09\/Design-sans-titre-14.webp\",\"datePublished\":\"2025-09-19T17:53:11+00:00\",\"dateModified\":\"2025-12-07T20:39:04+00:00\",\"description\":\"M\u00e9ta description: D\u00e9couvrez notre Lingerie de mariage big size satin blanc rouge en Alg\u00e9rie. D\u00e9shabiller \u00e9l\u00e9gant pour mari\u00e9e, livraison rapide\",\"breadcrumb\":{\"@id\":\"https:\/\/khalti-tamani.com\/produit\/lingerie-de-mariage-big-size-deshabiller-satin-blanc-rouge-algerie\/#breadcrumb\"},\"inLanguage\":\"dz\",\"potentialAction\":[{\"@type\":\"ReadAction\",\"target\":[\"https:\/\/khalti-tamani.com\/produit\/lingerie-de-mariage-big-size-deshabiller-satin-blanc-rouge-algerie\/\"]}]},{\"@type\":\"ImageObject\",\"inLanguage\":\"dz\",\"@id\":\"https:\/\/khalti-tamani.com\/produit\/lingerie-de-mariage-big-size-deshabiller-satin-blanc-rouge-algerie\/#primaryimage\",\"url\":\"https:\/\/khalti-tamani.com\/wp-content\/uploads\/2025\/09\/Design-sans-titre-14.webp\",\"contentUrl\":\"https:\/\/khalti-tamani.com\/wp-content\/uploads\/2025\/09\/Design-sans-titre-14.webp\",\"width\":700,\"height\":800},{\"@type\":\"BreadcrumbList\",\"@id\":\"https:\/\/khalti-tamani.com\/produit\/lingerie-de-mariage-big-size-deshabiller-satin-blanc-rouge-algerie\/#breadcrumb\",\"itemListElement\":[{\"@type\":\"ListItem\",\"position\":1,\"name\":\"Home\",\"item\":\"https:\/\/khalti-tamani.com\/\"},{\"@type\":\"ListItem\",\"position\":2,\"name\":\"Boutique\",\"item\":\"https:\/\/khalti-tamani.com\/dz\/boutique\/\"},{\"@type\":\"ListItem\",\"position\":3,\"name\":\"Lingerie de mariage big size D\u00e9shabiller satin blanc rouge Alg\u00e9rie\"}]},{\"@type\":\"WebSite\",\"@id\":\"https:\/\/khalti-tamani.com\/#website\",\"url\":\"https:\/\/khalti-tamani.com\/\",\"name\":\"Khalti Tamani\",\"description\":\"\u0627\u0644\u0639\u0631\u0648\u0633\u0629 \u0645\u0627 \u062a\u0632\u064a\u062f\u0634 \u062a\u0639\u0627\u0646\u064a\",\"publisher\":{\"@id\":\"https:\/\/khalti-tamani.com\/#organization\"},\"potentialAction\":[{\"@type\":\"SearchAction\",\"target\":{\"@type\":\"EntryPoint\",\"urlTemplate\":\"https:\/\/khalti-tamani.com\/?s={search_term_string}\"},\"query-input\":{\"@type\":\"PropertyValueSpecification\",\"valueRequired\":true,\"valueName\":\"search_term_string\"}}],\"inLanguage\":\"dz\"},{\"@type\":\"Organization\",\"@id\":\"https:\/\/khalti-tamani.com\/#organization\",\"name\":\"Khalti Tamani\",\"url\":\"https:\/\/khalti-tamani.com\/\",\"logo\":{\"@type\":\"ImageObject\",\"inLanguage\":\"dz\",\"@id\":\"https:\/\/khalti-tamani.com\/#\/schema\/logo\/image\/\",\"url\":\"https:\/\/khalti-tamani.com\/wp-content\/uploads\/2025\/09\/Design-sans-titre-4.webp\",\"contentUrl\":\"https:\/\/khalti-tamani.com\/wp-content\/uploads\/2025\/09\/Design-sans-titre-4.webp\",\"width\":512,\"height\":512,\"caption\":\"Khalti Tamani\"},\"image\":{\"@id\":\"https:\/\/khalti-tamani.com\/#\/schema\/logo\/image\/\"},\"sameAs\":[\"https:\/\/facebook.com\/khaltitamani25\",\"https:\/\/www.instagram.com\/khalti_tamani\",\"https:\/\/www.tiktok.com\/@khalti.tamani\",\"https:\/\/fr.pinterest.com\/khalti_tamani\",\"https:\/\/t.me\/khalti_tamani\"]}]}<\/script>\n<!-- \/ Yoast SEO Premium plugin. -->","yoast_head_json":{"title":"Lingerie de mariage big size D\u00e9shabiller satin blanc rouge Alg\u00e9rie - Khalti Tamani","description":"M\u00e9ta description: D\u00e9couvrez notre Lingerie de mariage big size satin blanc rouge en Alg\u00e9rie. D\u00e9shabiller \u00e9l\u00e9gant pour mari\u00e9e, livraison rapide","robots":{"index":"index","follow":"follow","max-snippet":"max-snippet:-1","max-image-preview":"max-image-preview:large","max-video-preview":"max-video-preview:-1"},"canonical":"https:\/\/khalti-tamani.com\/dz\/product\/lingerie-de-mariage-big-size-deshabiller-satin-blanc-rouge-algerie\/","og_locale":"en_US","og_type":"article","og_title":"Lingerie de mariage big size D\u00e9shabiller satin blanc rouge Alg\u00e9rie","og_description":"M\u00e9ta description: D\u00e9couvrez notre Lingerie de mariage big size satin blanc rouge en Alg\u00e9rie. D\u00e9shabiller \u00e9l\u00e9gant pour mari\u00e9e, livraison rapide","og_url":"https:\/\/khalti-tamani.com\/dz\/product\/lingerie-de-mariage-big-size-deshabiller-satin-blanc-rouge-algerie\/","og_site_name":"Khalti Tamani","article_publisher":"https:\/\/facebook.com\/khaltitamani25","article_modified_time":"2025-12-07T20:39:04+00:00","og_image":[{"width":700,"height":800,"url":"https:\/\/khalti-tamani.com\/wp-content\/uploads\/2025\/09\/Design-sans-titre-14.webp","type":"image\/webp"}],"twitter_card":"summary_large_image","twitter_misc":{"Est. reading time":"2 minutes"},"schema":{"@context":"https:\/\/schema.org","@graph":[{"@type":"WebPage","@id":"https:\/\/khalti-tamani.com\/produit\/lingerie-de-mariage-big-size-deshabiller-satin-blanc-rouge-algerie\/","url":"https:\/\/khalti-tamani.com\/produit\/lingerie-de-mariage-big-size-deshabiller-satin-blanc-rouge-algerie\/","name":"Lingerie de mariage big size D\u00e9shabiller satin blanc rouge Alg\u00e9rie - Khalti Tamani","isPartOf":{"@id":"https:\/\/khalti-tamani.com\/#website"},"primaryImageOfPage":{"@id":"https:\/\/khalti-tamani.com\/produit\/lingerie-de-mariage-big-size-deshabiller-satin-blanc-rouge-algerie\/#primaryimage"},"image":{"@id":"https:\/\/khalti-tamani.com\/produit\/lingerie-de-mariage-big-size-deshabiller-satin-blanc-rouge-algerie\/#primaryimage"},"thumbnailUrl":"https:\/\/khalti-tamani.com\/wp-content\/uploads\/2025\/09\/Design-sans-titre-14.webp","datePublished":"2025-09-19T17:53:11+00:00","dateModified":"2025-12-07T20:39:04+00:00","description":"M\u00e9ta description: D\u00e9couvrez notre Lingerie de mariage big size satin blanc rouge en Alg\u00e9rie. D\u00e9shabiller \u00e9l\u00e9gant pour mari\u00e9e, livraison rapide","breadcrumb":{"@id":"https:\/\/khalti-tamani.com\/produit\/lingerie-de-mariage-big-size-deshabiller-satin-blanc-rouge-algerie\/#breadcrumb"},"inLanguage":"dz","potentialAction":[{"@type":"ReadAction","target":["https:\/\/khalti-tamani.com\/produit\/lingerie-de-mariage-big-size-deshabiller-satin-blanc-rouge-algerie\/"]}]},{"@type":"ImageObject","inLanguage":"dz","@id":"https:\/\/khalti-tamani.com\/produit\/lingerie-de-mariage-big-size-deshabiller-satin-blanc-rouge-algerie\/#primaryimage","url":"https:\/\/khalti-tamani.com\/wp-content\/uploads\/2025\/09\/Design-sans-titre-14.webp","contentUrl":"https:\/\/khalti-tamani.com\/wp-content\/uploads\/2025\/09\/Design-sans-titre-14.webp","width":700,"height":800},{"@type":"BreadcrumbList","@id":"https:\/\/khalti-tamani.com\/produit\/lingerie-de-mariage-big-size-deshabiller-satin-blanc-rouge-algerie\/#breadcrumb","itemListElement":[{"@type":"ListItem","position":1,"name":"Home","item":"https:\/\/khalti-tamani.com\/"},{"@type":"ListItem","position":2,"name":"Boutique","item":"https:\/\/khalti-tamani.com\/dz\/boutique\/"},{"@type":"ListItem","position":3,"name":"Lingerie de mariage big size D\u00e9shabiller satin blanc rouge Alg\u00e9rie"}]},{"@type":"WebSite","@id":"https:\/\/khalti-tamani.com\/#website","url":"https:\/\/khalti-tamani.com\/","name":"Khalti Tamani","description":"\u0627\u0644\u0639\u0631\u0648\u0633\u0629 \u0645\u0627 \u062a\u0632\u064a\u062f\u0634 \u062a\u0639\u0627\u0646\u064a","publisher":{"@id":"https:\/\/khalti-tamani.com\/#organization"},"potentialAction":[{"@type":"SearchAction","target":{"@type":"EntryPoint","urlTemplate":"https:\/\/khalti-tamani.com\/?s={search_term_string}"},"query-input":{"@type":"PropertyValueSpecification","valueRequired":true,"valueName":"search_term_string"}}],"inLanguage":"dz"},{"@type":"Organization","@id":"https:\/\/khalti-tamani.com\/#organization","name":"Khalti Tamani","url":"https:\/\/khalti-tamani.com\/","logo":{"@type":"ImageObject","inLanguage":"dz","@id":"https:\/\/khalti-tamani.com\/#\/schema\/logo\/image\/","url":"https:\/\/khalti-tamani.com\/wp-content\/uploads\/2025\/09\/Design-sans-titre-4.webp","contentUrl":"https:\/\/khalti-tamani.com\/wp-content\/uploads\/2025\/09\/Design-sans-titre-4.webp","width":512,"height":512,"caption":"Khalti Tamani"},"image":{"@id":"https:\/\/khalti-tamani.com\/#\/schema\/logo\/image\/"},"sameAs":["https:\/\/facebook.com\/khaltitamani25","https:\/\/www.instagram.com\/khalti_tamani","https:\/\/www.tiktok.com\/@khalti.tamani","https:\/\/fr.pinterest.com\/khalti_tamani","https:\/\/t.me\/khalti_tamani"]}]}},"_links":{"self":[{"href":"https:\/\/khalti-tamani.com\/dz\/wp-json\/wp\/v2\/product\/3802","targetHints":{"allow":["GET"]}}],"collection":[{"href":"https:\/\/khalti-tamani.com\/dz\/wp-json\/wp\/v2\/product"}],"about":[{"href":"https:\/\/khalti-tamani.com\/dz\/wp-json\/wp\/v2\/types\/product"}],"replies":[{"embeddable":true,"href":"https:\/\/khalti-tamani.com\/dz\/wp-json\/wp\/v2\/comments?post=3802"}],"version-history":[{"count":2,"href":"https:\/\/khalti-tamani.com\/dz\/wp-json\/wp\/v2\/product\/3802\/revisions"}],"predecessor-version":[{"id":4051,"href":"https:\/\/khalti-tamani.com\/dz\/wp-json\/wp\/v2\/product\/3802\/revisions\/4051"}],"wp:featuredmedia":[{"embeddable":true,"href":"https:\/\/khalti-tamani.com\/dz\/wp-json\/wp\/v2\/media\/3804"}],"wp:attachment":[{"href":"https:\/\/khalti-tamani.com\/dz\/wp-json\/wp\/v2\/media?parent=3802"}],"wp:term":[{"taxonomy":"product_brand","embeddable":true,"href":"https:\/\/khalti-tamani.com\/dz\/wp-json\/wp\/v2\/product_brand?post=3802"},{"taxonomy":"product_cat","embeddable":true,"href":"https:\/\/khalti-tamani.com\/dz\/wp-json\/wp\/v2\/product_cat?post=3802"},{"taxonomy":"product_tag","embeddable":true,"href":"https:\/\/khalti-tamani.com\/dz\/wp-json\/wp\/v2\/product_tag?post=3802"}],"curies":[{"name":"wp","href":"https:\/\/api.w.org\/{rel}","templated":true}]}}